{"id":9628,"date":"2024-05-28T15:13:41","date_gmt":"2024-05-28T13:13:41","guid":{"rendered":"https:\/\/www.kenial.de\/de\/?post_type=product&#038;p=9628"},"modified":"2025-08-21T15:43:14","modified_gmt":"2025-08-21T13:43:14","slug":"keniales-kochbuch","status":"publish","type":"product","link":"https:\/\/www.kenial.de\/de\/produkt\/kochbuch\/","title":{"rendered":"Keniales Kochbuch"},"content":{"rendered":"","protected":false},"excerpt":{"rendered":"<p>Rezepte aus den Bergen. Dies ist eine Sammlung von Gerichten, die 27 Bergmenschen von drau\u00dfen mitgebracht haben. Begleitet von unfassbar sch\u00f6nen Photographien, erz\u00e4hlen sie aus ihrem Leben, verraten ihren Lieblingsort und das Ziel ihrer Tr\u00e4ume. 176 Seiten stark. Von Alexander Huber als herausragendem Alpinisten, \u00fcber den Wingsuitpiloten Tim Howell bis zum Allg\u00e4uer Hirten &#8211; Was diese Menschen eint, ist das Wissen um ein archaisches Leben in den Bergen. Sie finden ihr Gl\u00fcck im Fels, in Eis und Schnee, auf kargen Gipfeln und sanften H\u00fcgeln. In der Einsamkeit und Ruhe. Und so sind auch die Rezepte dieses Buches. Es sind Gerichte aus dem eigenen Heimatdorf oder aus weit entfernten Orten. Von verwegenen H\u00fcttenk\u00f6chinnen oder der eigenen Oma.<\/p>\n","protected":false},"featured_media":3585,"comment_status":"closed","ping_status":"closed","template":"","meta":[],"product_brand":[],"product_cat":[114],"product_tag":[351,349,350],"class_list":{"0":"post-9628","1":"product","2":"type-product","3":"status-publish","4":"has-post-thumbnail","6":"product_cat-kenial-kochen","7":"product_tag-bergbuch","8":"product_tag-kenial-kochen","9":"product_tag-kochbuch","10":"product_shipping_class-paeckchen","12":"first","13":"instock","14":"taxable","15":"shipping-taxable","16":"purchasable","17":"product-type-simple"},"_links":{"self":[{"href":"https:\/\/www.kenial.de\/de\/wp-json\/wp\/v2\/product\/9628","targetHints":{"allow":["GET"]}}],"collection":[{"href":"https:\/\/www.kenial.de\/de\/wp-json\/wp\/v2\/product"}],"about":[{"href":"https:\/\/www.kenial.de\/de\/wp-json\/wp\/v2\/types\/product"}],"replies":[{"embeddable":true,"href":"https:\/\/www.kenial.de\/de\/wp-json\/wp\/v2\/comments?post=9628"}],"wp:featuredmedia":[{"embeddable":true,"href":"https:\/\/www.kenial.de\/de\/wp-json\/wp\/v2\/media\/3585"}],"wp:attachment":[{"href":"https:\/\/www.kenial.de\/de\/wp-json\/wp\/v2\/media?parent=9628"}],"wp:term":[{"taxonomy":"product_brand","embeddable":true,"href":"https:\/\/www.kenial.de\/de\/wp-json\/wp\/v2\/product_brand?post=9628"},{"taxonomy":"product_cat","embeddable":true,"href":"https:\/\/www.kenial.de\/de\/wp-json\/wp\/v2\/product_cat?post=9628"},{"taxonomy":"product_tag","embeddable":true,"href":"https:\/\/www.kenial.de\/de\/wp-json\/wp\/v2\/product_tag?post=9628"}],"curies":[{"name":"wp","href":"https:\/\/api.w.org\/{rel}","templated":true}]}}