{"id":2730,"date":"2017-03-13T17:28:42","date_gmt":"2017-03-13T16:28:42","guid":{"rendered":"http:\/\/www.kenial.de\/produkt\/guertel-free-solo-rot\/"},"modified":"2020-04-24T12:49:28","modified_gmt":"2020-04-24T10:49:28","slug":"guertel-free-solo-rot","status":"publish","type":"product","link":"https:\/\/www.kenial.de\/de\/produkt\/free-solo-rot\/","title":{"rendered":"Free Solo Rot"},"content":{"rendered":"","protected":false},"excerpt":{"rendered":"<h5>Die G\u00fcrtel Free Solo rot sind alle in zauberhaften Rott\u00f6nen gefertigt. Die roten Seile sind alle gebraucht. Deinen genauen Wunsch oder eine besondere Gr\u00f6\u00dfe kannst du an der Kasse angeben. Jeder G\u00fcrtel ist ein Unikat.<\/h5>\n","protected":false},"featured_media":2685,"comment_status":"closed","ping_status":"closed","template":"","meta":[],"product_brand":[],"product_cat":[41],"product_tag":[],"class_list":{"0":"post-2730","1":"product","2":"type-product","3":"status-publish","4":"has-post-thumbnail","6":"product_cat-guertel","7":"product_shipping_class-paeckchen","9":"first","10":"instock","11":"purchasable","12":"product-type-variable"},"_links":{"self":[{"href":"https:\/\/www.kenial.de\/de\/wp-json\/wp\/v2\/product\/2730","targetHints":{"allow":["GET"]}}],"collection":[{"href":"https:\/\/www.kenial.de\/de\/wp-json\/wp\/v2\/product"}],"about":[{"href":"https:\/\/www.kenial.de\/de\/wp-json\/wp\/v2\/types\/product"}],"replies":[{"embeddable":true,"href":"https:\/\/www.kenial.de\/de\/wp-json\/wp\/v2\/comments?post=2730"}],"wp:featuredmedia":[{"embeddable":true,"href":"https:\/\/www.kenial.de\/de\/wp-json\/wp\/v2\/media\/2685"}],"wp:attachment":[{"href":"https:\/\/www.kenial.de\/de\/wp-json\/wp\/v2\/media?parent=2730"}],"wp:term":[{"taxonomy":"product_brand","embeddable":true,"href":"https:\/\/www.kenial.de\/de\/wp-json\/wp\/v2\/product_brand?post=2730"},{"taxonomy":"product_cat","embeddable":true,"href":"https:\/\/www.kenial.de\/de\/wp-json\/wp\/v2\/product_cat?post=2730"},{"taxonomy":"product_tag","embeddable":true,"href":"https:\/\/www.kenial.de\/de\/wp-json\/wp\/v2\/product_tag?post=2730"}],"curies":[{"name":"wp","href":"https:\/\/api.w.org\/{rel}","templated":true}]}}