{"id":2729,"date":"2017-03-13T17:27:30","date_gmt":"2017-03-13T16:27:30","guid":{"rendered":"http:\/\/www.kenial.de\/produkt\/guertel-abseil-gruen\/"},"modified":"2020-04-24T12:49:56","modified_gmt":"2020-04-24T10:49:56","slug":"guertel-abseil-gruen","status":"publish","type":"product","link":"https:\/\/www.kenial.de\/de\/produkt\/abseil-gruen\/","title":{"rendered":"Abseil Gr\u00fcn"},"content":{"rendered":"","protected":false},"excerpt":{"rendered":"<h5>Die G\u00fcrtel Abseil Gr\u00fcn gibt es in vielen verschiedenen Gr\u00fcnt\u00f6nen. Einige Seile sind strahlend gr\u00fcn, andere schmuddelgr\u00fcngrau. Deinen genauen Wunsch oder eine besondere Gr\u00f6\u00dfe kannst du an der Kasse angeben. Jeder G\u00fcrtel ist ein Unikat.<\/h5>\n","protected":false},"featured_media":2676,"comment_status":"closed","ping_status":"closed","template":"","meta":[],"product_brand":[],"product_cat":[41],"product_tag":[],"class_list":{"0":"post-2729","1":"product","2":"type-product","3":"status-publish","4":"has-post-thumbnail","6":"product_cat-guertel","7":"product_shipping_class-paeckchen","9":"first","10":"instock","11":"purchasable","12":"product-type-variable"},"_links":{"self":[{"href":"https:\/\/www.kenial.de\/de\/wp-json\/wp\/v2\/product\/2729","targetHints":{"allow":["GET"]}}],"collection":[{"href":"https:\/\/www.kenial.de\/de\/wp-json\/wp\/v2\/product"}],"about":[{"href":"https:\/\/www.kenial.de\/de\/wp-json\/wp\/v2\/types\/product"}],"replies":[{"embeddable":true,"href":"https:\/\/www.kenial.de\/de\/wp-json\/wp\/v2\/comments?post=2729"}],"wp:featuredmedia":[{"embeddable":true,"href":"https:\/\/www.kenial.de\/de\/wp-json\/wp\/v2\/media\/2676"}],"wp:attachment":[{"href":"https:\/\/www.kenial.de\/de\/wp-json\/wp\/v2\/media?parent=2729"}],"wp:term":[{"taxonomy":"product_brand","embeddable":true,"href":"https:\/\/www.kenial.de\/de\/wp-json\/wp\/v2\/product_brand?post=2729"},{"taxonomy":"product_cat","embeddable":true,"href":"https:\/\/www.kenial.de\/de\/wp-json\/wp\/v2\/product_cat?post=2729"},{"taxonomy":"product_tag","embeddable":true,"href":"https:\/\/www.kenial.de\/de\/wp-json\/wp\/v2\/product_tag?post=2729"}],"curies":[{"name":"wp","href":"https:\/\/api.w.org\/{rel}","templated":true}]}}