{"id":9935,"date":"2025-04-10T11:36:09","date_gmt":"2025-04-10T09:36:09","guid":{"rendered":"https:\/\/www.kenial.de\/de\/?page_id=9935"},"modified":"2025-04-10T11:55:07","modified_gmt":"2025-04-10T09:55:07","slug":"bogota","status":"publish","type":"page","link":"https:\/\/www.kenial.de\/de\/kenial\/kolumbien\/bogota\/","title":{"rendered":"Bogota"},"content":{"rendered":"Der Stadtteil Ciudad Bol\u00edvar in Bogot\u00e1 ist durch sehr komplexe sozio\u00f6konomische Bedingungen und ein hohes Ma\u00df an Gewalt gekennzeichnet. Seit \u00fcber 20 Jahren bietet die Waldorfinitiative CES die Aus- und Weiterbildung von Kindern, Jugendlichen und ihren Familien durch p\u00e4dagogische, k\u00fcnstlerische und kulturelle Initiativen. Und mit einem umfangreichen Angebot f\u00fcr die Menschen bildet sie eine Oase der Ruhe und Gelassenheit. Mit Franzi starten wir ein erstes Projekt und bringen warme Jacken zu den Kindergartenkindern. Viel zu wenig, denken wir, aber ein Anfang. Wir hoffen auf viele, viele Reisende nach Kolumbien, um die tolle Arbeit vor Ort besser unterst\u00fctzen zu k\u00f6nnen.<\/p>\n<p>&nbsp;<\/p>\n<div class=\"oneThird\"><img loading=\"lazy\" decoding=\"async\" class=\"alignnone size-full wp-image-1174\" src=\"https:\/\/www.kenial.de\/wp-content\/uploads\/2023\/05\/bogota_madl_kl.jpg\" alt=\"\" width=\"200\" height=\"147\"  \/><br \/>\nKinder. Wir beginnen mit den 60 Kindergartenkindern. Die CES Waldorf betreut \u00fcber 3500 Familien im Viertel, und somit viel mehr Kinder. Es geht weiter in die Schule, in die Ausbildung. Es gelingt, mit Musik, Tanz und der Vermittlung von gemeinsamen Erlebnissen eine friedvolle Umgebung zu schaffen. <\/p>\n<\/div>\n<div class=\"oneThird\"><img loading=\"lazy\" decoding=\"async\" class=\"alignnone size-full wp-image-1175\" src=\"https:\/\/www.kenial.de\/wp-content\/uploads\/2023\/05\/bogota_kids_kl.png\" alt=\"\" width=\"200\" height=\"147\" \/><br \/>\nCES Waldorf. Die Initiative k\u00fcmmert sich nicht nur um die Kleinsten, sondern die ganzen Familien. Angefangen mit Nahrung, der gesundheitlichen Versorgung. Eine ganzheilich angelegte Hilfe f\u00fcr ein ganzes Viertel, in einer von Aggressionen zerr\u00fctteten Gegend.<\/p>\n<\/div>\n<div class=\"oneThird last\"><img loading=\"lazy\" decoding=\"async\" class=\"alignnone size-full wp-image-1177\" src=\"https:\/\/www.kenial.de\/wp-content\/uploads\/2023\/05\/franzi_bogota_kl.jpg\" alt=\"\" width=\"200\" height=\"147\" \/><br \/>\nReisende. Franzi macht sich auf den Weg. Die junge Bergsteigerin und Reisende wird unsere Sachen vor Ort verteilen und gut auf sich aufpassen. Theresa von CES Waldorf wird sie im Viertel begleiten, denn alleine dorthin zu reisen, w\u00e4re viel zu gef\u00e4hrlich.<\/p>\n<\/div><div class=\"clear\"><\/div>\n<div class=\"oneThird\"><img loading=\"lazy\" decoding=\"async\" class=\"alignnone size-full wp-image-1175\" src=\"https:\/\/www.kenial.de\/wp-content\/uploads\/2023\/06\/bogota_theresa_kl.jpg\" alt=\"\" width=\"200\" height=\"147\" \/><br \/>\nAnsprechpartner: Theresa von CES Waldorf ist unsere Ansprechpartnerin vor Ort und lebt in Bogota. Sie k\u00fcmmert sich um die ganze Orga der CES, kennt die Kinder und Familien &#8211; und organisiert auch die Anreise unserer kenialen Reisenden in ein Viertel, dass westlichen Reisenden sonst nicht zug\u00e4nglich ist.<\/p>\n<\/div>\n<div class=\"oneThird\"><img loading=\"lazy\" decoding=\"async\" class=\"alignnone size-full wp-image-1175\" src=\"https:\/\/www.kenial.de\/wp-content\/uploads\/2023\/06\/bogota23_kl.jpg\" alt=\"\" width=\"200\" height=\"147\" \/><br \/>\nMit im Gep\u00e4ck hat Franzi viele warme Fleecejacken f\u00fcr Kinder. Mit den Sozialarbeiterinnen vor Ort wird alles verteilt. Und Franzi erlebt eine gro\u00dfartige Einrichtung f\u00fcr Kinder, l\u00e4\u00dft sich alles zeigen und ist begeistert von der vielschichtigen Hilfe und Unterst\u00fctzung.<\/p>\n<\/div>\n<div class=\"oneThird last\"><img loading=\"lazy\" decoding=\"async\" src=\"https:\/\/www.kenial.de\/wp-content\/uploads\/2023\/11\/kolumbien_kids23_kl.jpg\" alt=\"\" width=\"200\" height=\"147\" class=\"alignnone size-full wp-image-9179\" \/><br \/>\nIm November erreichen die ersten LOWA Schuhe die Jugendlichen und auch ein paar supersch\u00f6ne Shirts f\u00fcr die Kids. Wir bleiben dran. Und die Freude ist riesig! Danke an LOWA und Alix von Melle f\u00fcr die Unterst\u00fctzung.<\/p>\n<p>\n<a href=\"https:\/\/www.kenial.de\/de\/kenial\/kolumbien\/bogota\/galerie-kolumbien\/\"><span class=\"dropcap circle\">G<\/span>Galerie 2023<\/a><\/p>\n<\/div><div class=\"clear\"><\/div>\n<div class=\"oneThird\"><img loading=\"lazy\" decoding=\"async\" class=\"alignnone size-full wp-image-1175\" src=\"https:\/\/www.kenial.de\/wp-content\/uploads\/2024\/02\/kolumbien224_kl.jpg\" alt=\"\" width=\"200\" height=\"147\" \/><br \/>\nIm Februar 2024 geht es weiter und Theresa verteilt Rucks\u00e4cke, Schuhe und Kleidung an die Kinder der CES Waldorf in Bogota.<\/p>\n<\/div>\n<div class=\"oneThird\"><img loading=\"lazy\" decoding=\"async\" class=\"alignnone size-full wp-image-1175\" src=\"https:\/\/www.kenial.de\/wp-content\/uploads\/2024\/04\/bogota_4-24_woman_kl.jpg\" alt=\"\" width=\"200\" height=\"147\" \/><br \/>\nIm April 2024 wird Theresa Kleidung an die Frauen und M\u00fctter des Viertels verteilen. Sie haben die M\u00f6glichkeit, sich einmal pro Woche an einem ruhigen, sicheren Ort zu treffen, um sich gegenseitig zu unterst\u00fctzen.<\/p>\n<\/div>\n<div class=\"oneThird last\"><img loading=\"lazy\" decoding=\"async\" src=\"https:\/\/www.kenial.de\/wp-content\/uploads\/2024\/11\/kolumbien_11-24-klein.jpg\" alt=\"kids in Bogota\" width=\"200\" height=\"147\" class=\"alignnone size-full wp-image-9768\" \/><br \/>\nAuch im November 2024 erreichen wir mit einer Flugbegleiterin nochmal die Kinder un ihre M\u00fctter in Bogota. Neben Kleidung gibt es noch Stifte, Malpapier und Spielsachen.<br \/>\n<a href=\"https:\/\/www.kenial.de\/de\/kenial\/kolumbien\/bogota\/galerie-kolumbien-2024\/\"><span class=\"dropcap circle\">G<\/span>Galerie 2024<\/a><\/p>\n<\/div><div class=\"clear\"><\/div>\n<div class=\"theParallaxCrestaBlock\"><div class=\"theParallaxCresta fortunato-short-parallax-807\" style=\"background-image: url(https:\/\/www.kenial.de\/wp-content\/uploads\/2023\/05\/bogota_huette_bckg.jpg); height:400px;\"><h2><\/h2><\/div><\/div><script type=\"text\/javascript\">(function($) { $(document).ready(function() { if ( \/Android|webOS|iPhone|iPad|iPod|BlackBerry|IEMobile|Opera Mini\/i.test(navigator.userAgent) ) {} else { $(\".fortunato-short-parallax-807\").scrollparallax(\"50%\", \"0.2\"); } }); })(jQuery);<\/script>","protected":false},"excerpt":{"rendered":"<p>Der Stadtteil Ciudad Bol\u00edvar in Bogot\u00e1 ist durch sehr komplexe sozio\u00f6konomische Bedingungen und ein hohes Ma\u00df an Gewalt gekennzeichnet. Seit \u00fcber 20 Jahren bietet die Waldorfinitiative CES die Aus- und Weiterbildung von Kindern, Jugendlichen und ihren Familien durch p\u00e4dagogische, k\u00fcnstlerische und kulturelle Initiativen. Und mit einem umfangreichen Angebot f\u00fcr die Menschen bildet sie eine Oase&hellip;<\/p>\n","protected":false},"author":1,"featured_media":8778,"parent":8775,"menu_order":0,"comment_status":"closed","ping_status":"closed","template":"","meta":{"footnotes":""},"class_list":["post-9935","page","type-page","status-publish","has-post-thumbnail","hentry"],"_links":{"self":[{"href":"https:\/\/www.kenial.de\/de\/wp-json\/wp\/v2\/pages\/9935","targetHints":{"allow":["GET"]}}],"collection":[{"href":"https:\/\/www.kenial.de\/de\/wp-json\/wp\/v2\/pages"}],"about":[{"href":"https:\/\/www.kenial.de\/de\/wp-json\/wp\/v2\/types\/page"}],"author":[{"embeddable":true,"href":"https:\/\/www.kenial.de\/de\/wp-json\/wp\/v2\/users\/1"}],"replies":[{"embeddable":true,"href":"https:\/\/www.kenial.de\/de\/wp-json\/wp\/v2\/comments?post=9935"}],"version-history":[{"count":2,"href":"https:\/\/www.kenial.de\/de\/wp-json\/wp\/v2\/pages\/9935\/revisions"}],"predecessor-version":[{"id":9941,"href":"https:\/\/www.kenial.de\/de\/wp-json\/wp\/v2\/pages\/9935\/revisions\/9941"}],"up":[{"embeddable":true,"href":"https:\/\/www.kenial.de\/de\/wp-json\/wp\/v2\/pages\/8775"}],"wp:featuredmedia":[{"embeddable":true,"href":"https:\/\/www.kenial.de\/de\/wp-json\/wp\/v2\/media\/8778"}],"wp:attachment":[{"href":"https:\/\/www.kenial.de\/de\/wp-json\/wp\/v2\/media?parent=9935"}],"curies":[{"name":"wp","href":"https:\/\/api.w.org\/{rel}","templated":true}]}}