{"id":9926,"date":"2025-04-10T11:26:08","date_gmt":"2025-04-10T09:26:08","guid":{"rendered":"https:\/\/www.kenial.de\/de\/?page_id=9926"},"modified":"2025-05-06T08:04:25","modified_gmt":"2025-05-06T06:04:25","slug":"medellin","status":"publish","type":"page","link":"https:\/\/www.kenial.de\/de\/kenial\/kolumbien\/medellin\/","title":{"rendered":"Medellin"},"content":{"rendered":"Picachito Arts ist ein gemeinschaftliches Projekt, das Kunst, Kommunikation und emotionales Wohlbefinden vereint, um positive Ver\u00e4nderungen zu bewirken. Durch Fotografie, audiovisuelle Produktionen, kreatives Schreiben und Workshops zur psychischen Gesundheit bietet es M\u00e4dchen, Jungen und Jugendlichen Werkzeuge zur Selbstexpression und Heilung. Sie setzen sich f\u00fcr Gewaltfreiheit sowie k\u00f6rperliche und geistige Gesundheit ein und bieten therapeutische Werkzeuge, um Resilienz und eine positive Denkweise zu st\u00e4rken.<\/p>\n<p>&nbsp;<\/p>\n<div class=\"oneThird\">\n<img loading=\"lazy\" decoding=\"async\" src=\"https:\/\/www.kenial.de\/wp-content\/uploads\/2025\/04\/kolumbien.medellin4-25.jpg\" alt=\"Medellin\" width=\"200\" height=\"147\" class=\"alignnone size-full wp-image-9923\" \/><br \/>\nKinder. Die Teilnahme an den Projekten der Picachito Arts steht allen Kindern offen, die in einer Stadt mit komplexer Struktur and Gewalt und Aggression aufwachsen.<\/p>\n<\/div>\n<div class=\"oneThird\">\n<img loading=\"lazy\" decoding=\"async\" src=\"https:\/\/www.kenial.de\/wp-content\/uploads\/2025\/04\/medellin4_25_kl.jpg\" alt=\"boy in medellin\" width=\"200\" height=\"147\" class=\"alignnone size-full wp-image-9929\" \/><br \/>\nPicachito Arts. Die gemeinn\u00fctzige Organisation gestaltet Projekte in Bildung, Sport, Kunst und Kultur, um das Zusammenleben, die Menschenrechte und die ganzheitliche Entwicklung von Gemeinschaften zu f\u00f6rdern. <\/p>\n<\/div>\n<div class=\"oneThird last\">\n<img loading=\"lazy\" decoding=\"async\" class=\"alignnone size-full wp-image-1177\" src=\"https:\/\/www.kenial.de\/wp-content\/uploads\/2023\/05\/franzi_bogota_kl.jpg\" alt=\"\" width=\"200\" height=\"147\" \/><br \/>\nReisende. Franzi macht sich auf den Weg. Die junge Bergsteigerin und Reisende wird unsere Sachen vor Ort verteilen und gut auf sich aufpassen. Sie kennt das Projekt und den Leiter vor Ort bereits.<\/p>\n<\/div><div class=\"clear\"><\/div>\n<div class=\"oneThird\">\n<img loading=\"lazy\" decoding=\"async\" src=\"https:\/\/www.kenial.de\/wp-content\/uploads\/2025\/04\/RaulMosquera.jpg\" alt=\"Raul Mosquera\" width=\"200\" height=\"147\" class=\"alignnone size-full wp-image-9927\" \/><br \/>\nAnsprechpartner: Raul Mosquera. Arbeitet seit \u00fcber zehn Jahren in Projekten der Kulturindustrie, in denen Raul den Schwerpunkt auf psychischen Gesundheit legt.<br \/>\n<\/div>","protected":false},"excerpt":{"rendered":"<p>Picachito Arts ist ein gemeinschaftliches Projekt, das Kunst, Kommunikation und emotionales Wohlbefinden vereint, um positive Ver\u00e4nderungen zu bewirken. Durch Fotografie, audiovisuelle Produktionen, kreatives Schreiben und Workshops zur psychischen Gesundheit bietet es M\u00e4dchen, Jungen und Jugendlichen Werkzeuge zur Selbstexpression und Heilung. Sie setzen sich f\u00fcr Gewaltfreiheit sowie k\u00f6rperliche und geistige Gesundheit ein und bieten therapeutische Werkzeuge,&hellip;<\/p>\n","protected":false},"author":1,"featured_media":9985,"parent":8775,"menu_order":0,"comment_status":"closed","ping_status":"closed","template":"","meta":{"footnotes":""},"class_list":["post-9926","page","type-page","status-publish","has-post-thumbnail","hentry"],"_links":{"self":[{"href":"https:\/\/www.kenial.de\/de\/wp-json\/wp\/v2\/pages\/9926","targetHints":{"allow":["GET"]}}],"collection":[{"href":"https:\/\/www.kenial.de\/de\/wp-json\/wp\/v2\/pages"}],"about":[{"href":"https:\/\/www.kenial.de\/de\/wp-json\/wp\/v2\/types\/page"}],"author":[{"embeddable":true,"href":"https:\/\/www.kenial.de\/de\/wp-json\/wp\/v2\/users\/1"}],"replies":[{"embeddable":true,"href":"https:\/\/www.kenial.de\/de\/wp-json\/wp\/v2\/comments?post=9926"}],"version-history":[{"count":5,"href":"https:\/\/www.kenial.de\/de\/wp-json\/wp\/v2\/pages\/9926\/revisions"}],"predecessor-version":[{"id":9934,"href":"https:\/\/www.kenial.de\/de\/wp-json\/wp\/v2\/pages\/9926\/revisions\/9934"}],"up":[{"embeddable":true,"href":"https:\/\/www.kenial.de\/de\/wp-json\/wp\/v2\/pages\/8775"}],"wp:featuredmedia":[{"embeddable":true,"href":"https:\/\/www.kenial.de\/de\/wp-json\/wp\/v2\/media\/9985"}],"wp:attachment":[{"href":"https:\/\/www.kenial.de\/de\/wp-json\/wp\/v2\/media?parent=9926"}],"curies":[{"name":"wp","href":"https:\/\/api.w.org\/{rel}","templated":true}]}}