{"id":9811,"date":"2024-11-19T11:05:49","date_gmt":"2024-11-19T10:05:49","guid":{"rendered":"https:\/\/www.kenial.de\/de\/?page_id=9811"},"modified":"2025-12-07T13:05:57","modified_gmt":"2025-12-07T12:05:57","slug":"sri-lanka-2024","status":"publish","type":"page","link":"https:\/\/www.kenial.de\/de\/kenial\/sri-lanka\/sri-lanka-2024\/","title":{"rendered":"Sri Lanka 2024"},"content":{"rendered":"Im November 2024 macht sich Marie auf den Weg nach Sri Lanka. Die Abreise ist recht spontan, aber wir schaffen es in kurzer Zeit einen gro\u00dfen Sack \u00dcbergep\u00e4ck f\u00fcr die Jungs zu packen.<\/p>\n<div class=\"oneThird\"><img loading=\"lazy\" decoding=\"async\" class=\"alignnone wp-image-4882 size-full\" src=\"https:\/\/www.kenial.de\/wp-content\/uploads\/2018\/12\/sri_lanka_kids.jpg\" alt=\"\" width=\"200\" height=\"147\" \/><br \/>\nIm Kinderheim leben \u00fcber 20 Jungs. Einige Kinder haben ein Elternteil oder beide verloren. Andere Kinder leben im Heim, weil ihre Eltern neue Ehepartner gefunden und ihre Kinder versto\u00dfen haben.<\/p>\n<\/div>\n<div class=\"oneThird\"><img loading=\"lazy\" decoding=\"async\" class=\"alignnone wp-image-4883 size-full\" src=\"https:\/\/www.kenial.de\/wp-content\/uploads\/2018\/12\/angelika_srilanka.jpg\" alt=\"\" width=\"200\" height=\"147\" \/><br \/>\nKontakt vor Ort. Unsere Ansprechpartnerin ist Angelika. Einen gro\u00dfen Teil des Jahres verbringt Angelika vor Ort in Sri Lanka, wo sie die Leitung des Eliya Kinderheims \u00fcbernommen hat.<\/p>\n<\/div>\n<div class=\"oneThird last\"><img loading=\"lazy\" decoding=\"async\" class=\"alignnone wp-image-5203 size-full\" src=\"https:\/\/www.kenial.de\/wp-content\/uploads\/2024\/11\/kids2_srilanka_24.jpg\" alt=\"\" width=\"200\" height=\"145\" \/><br \/>\nUnd das kommt mit: Shorts, T-Shirts, Sweater, ersehnte Spielzeugautos eine Holzgondel und Kappen.<\/p>\n<\/div><div class=\"clear\"><\/div>\n<div class=\"oneThird\"><img loading=\"lazy\" decoding=\"async\" class=\"alignnone wp-image-4978 size-full\" src=\"https:\/\/www.kenial.de\/wp-content\/uploads\/2024\/11\/kids_srilanka24_kl.jpg\" alt=\"\" width=\"200\" height=\"147\" \/><br \/>\nDas Eliya Kinderheim e.V. wird von einem gemeinn\u00fctzigen Verein in Kaiserslautern gef\u00fchrt. Hier gibt es alle Infos: <a href=\"https:\/\/eliya-kinderheim-srilanka.jimdoweb.com\/\" target=\"_blank\" rel=\"noopener noreferrer\">Eliya Kinderheim<\/a>.<\/p>\n<\/div>","protected":false},"excerpt":{"rendered":"<p>Im November 2024 macht sich Marie auf den Weg nach Sri Lanka. Die Abreise ist recht spontan, aber wir schaffen es in kurzer Zeit einen gro\u00dfen Sack \u00dcbergep\u00e4ck f\u00fcr die Jungs zu packen.<\/p>\n","protected":false},"author":1,"featured_media":9819,"parent":3449,"menu_order":0,"comment_status":"closed","ping_status":"closed","template":"","meta":{"footnotes":""},"class_list":["post-9811","page","type-page","status-publish","has-post-thumbnail","hentry"],"_links":{"self":[{"href":"https:\/\/www.kenial.de\/de\/wp-json\/wp\/v2\/pages\/9811","targetHints":{"allow":["GET"]}}],"collection":[{"href":"https:\/\/www.kenial.de\/de\/wp-json\/wp\/v2\/pages"}],"about":[{"href":"https:\/\/www.kenial.de\/de\/wp-json\/wp\/v2\/types\/page"}],"author":[{"embeddable":true,"href":"https:\/\/www.kenial.de\/de\/wp-json\/wp\/v2\/users\/1"}],"replies":[{"embeddable":true,"href":"https:\/\/www.kenial.de\/de\/wp-json\/wp\/v2\/comments?post=9811"}],"version-history":[{"count":3,"href":"https:\/\/www.kenial.de\/de\/wp-json\/wp\/v2\/pages\/9811\/revisions"}],"predecessor-version":[{"id":10396,"href":"https:\/\/www.kenial.de\/de\/wp-json\/wp\/v2\/pages\/9811\/revisions\/10396"}],"up":[{"embeddable":true,"href":"https:\/\/www.kenial.de\/de\/wp-json\/wp\/v2\/pages\/3449"}],"wp:featuredmedia":[{"embeddable":true,"href":"https:\/\/www.kenial.de\/de\/wp-json\/wp\/v2\/media\/9819"}],"wp:attachment":[{"href":"https:\/\/www.kenial.de\/de\/wp-json\/wp\/v2\/media?parent=9811"}],"curies":[{"name":"wp","href":"https:\/\/api.w.org\/{rel}","templated":true}]}}