{"id":9615,"date":"2024-05-28T11:50:03","date_gmt":"2024-05-28T09:50:03","guid":{"rendered":"https:\/\/www.kenial.de\/de\/?page_id=9615"},"modified":"2024-11-19T14:16:40","modified_gmt":"2024-11-19T13:16:40","slug":"suedafrika-2024","status":"publish","type":"page","link":"https:\/\/www.kenial.de\/de\/kenial\/suedafrika\/suedafrika-2024\/","title":{"rendered":"S\u00fcdafrika 2024"},"content":{"rendered":"<a href=\"https:\/\/www.kenial.de\/de\/kenial\/suedafrika\/suedafrika-2020\/\">S\u00fcdafrika 2020<\/a> \u2022 <a href=\"https:\/\/www.kenial.de\/de\/kenial\/suedafrika\/suedafrika-2021\/\">S\u00fcdafrika 2021<\/a> \u2022 <a href=\"https:\/\/www.kenial.de\/de\/kenial\/suedafrika\/suedafrika-2023\/\">S\u00fcdafrika 2023<\/a> \u2022 S\u00fcdafrika 2024<\/p>\n<p>Birte verbringt die Pfingstferien mit der Familie in S\u00fcdafrika. Und insgesamt nehmen sie 7 volle Koffer f\u00fcr die Kids und Jugendlichen von der NGO The Homestead mit. Es gibt wieder jede Menge supercoole KLetterkleidung, Hoodies, Jacken, Jeans etc. und Rucks\u00e4cke. Danke an den DAV und Ortovox, Birte und Ellen f\u00fcr die Unterst\u00fctzung! <\/p>\n<div class=\"oneThird\"><img loading=\"lazy\" decoding=\"async\" src=\"https:\/\/www.kenial.de\/wp-content\/uploads\/2024\/05\/capetown_524_kl.jpg\" alt=\"\" width=\"200\" height=\"147\" class=\"alignnone size-full wp-image-7786\" \/><br \/>\nDie Kinder und Jugendlichen. Alle Jungs sind im Moment auf zwei H\u00e4user verteilt, je nach Alter. Da die Kinder ehemalige Strassenkinder sind. k\u00f6nnen wir ihre Gesichter nicht zeigen. Alle waren Obdachlos und haben bei The Homestead ein neues zu Hause gefunden.<\/p>\n<\/div>\n<div class=\"oneThird\"><img loading=\"lazy\" decoding=\"async\" class=\"alignnone wp-image-7714 size-full\" src=\"https:\/\/www.kenial.de\/wp-content\/uploads\/2024\/05\/Birte_kapstadt_kl524.jpg\" alt=\"\" width=\"200\" height=\"147\" \/><br \/>\nDie \u00dcbergabe. Diesmal \u00fcbergibt Birte alles direkt am Flughafen an die Sozialarbeiter der NGO The Homestead. Denn ihre Reise geht direkt weiter an die Str\u00e4nde runda um Cape Town.<\/p>\n<\/div>\n<div class=\"oneThird last\"><img loading=\"lazy\" decoding=\"async\" class=\"alignnone wp-image-7715 size-full\" src=\"https:\/\/www.kenial.de\/wp-content\/uploads\/2024\/01\/maria_sikaundi.jpg\" alt=\"\" width=\"200\" height=\"147\"\/><br \/>\nAnsprechpartner. Maria Sikaundi. Maria arbeitet eng mit uns zusammen und freut sich mit den Kids \u00fcber die tollen Sachen. Sie ist unsere direkte Ansprechpartnerin vor Ort.<\/p>\n<\/div><div class=\"clear\"><\/div>\n<div class=\"oneThird\"><img loading=\"lazy\" decoding=\"async\" src=\"https:\/\/www.kenial.de\/wp-content\/uploads\/2024\/11\/suedafrika24_kl.jpg\" alt=\"\" width=\"200\" height=\"147\" class=\"alignnone size-full wp-image-9833\" \/><br \/>\nIm Oktober k\u00f6nnen wir nochmals Kleidung an die Jungs senden. Darunter auch Trikots von Eintracht Frankfurt, Fu\u00dfb\u00e4lle und mehr. Die Freude ist riesig.<\/p>\n<\/div>","protected":false},"excerpt":{"rendered":"<p>S\u00fcdafrika 2020 \u2022 S\u00fcdafrika 2021 \u2022 S\u00fcdafrika 2023 \u2022 S\u00fcdafrika 2024 Birte verbringt die Pfingstferien mit der Familie in S\u00fcdafrika. Und insgesamt nehmen sie 7 volle Koffer f\u00fcr die Kids und Jugendlichen von der NGO The Homestead mit. Es gibt wieder jede Menge supercoole KLetterkleidung, Hoodies, Jacken, Jeans etc. und Rucks\u00e4cke. Danke an den DAV&hellip;<\/p>\n","protected":false},"author":1,"featured_media":9613,"parent":6107,"menu_order":0,"comment_status":"closed","ping_status":"closed","template":"","meta":{"footnotes":""},"class_list":["post-9615","page","type-page","status-publish","has-post-thumbnail","hentry"],"_links":{"self":[{"href":"https:\/\/www.kenial.de\/de\/wp-json\/wp\/v2\/pages\/9615","targetHints":{"allow":["GET"]}}],"collection":[{"href":"https:\/\/www.kenial.de\/de\/wp-json\/wp\/v2\/pages"}],"about":[{"href":"https:\/\/www.kenial.de\/de\/wp-json\/wp\/v2\/types\/page"}],"author":[{"embeddable":true,"href":"https:\/\/www.kenial.de\/de\/wp-json\/wp\/v2\/users\/1"}],"replies":[{"embeddable":true,"href":"https:\/\/www.kenial.de\/de\/wp-json\/wp\/v2\/comments?post=9615"}],"version-history":[{"count":4,"href":"https:\/\/www.kenial.de\/de\/wp-json\/wp\/v2\/pages\/9615\/revisions"}],"predecessor-version":[{"id":9836,"href":"https:\/\/www.kenial.de\/de\/wp-json\/wp\/v2\/pages\/9615\/revisions\/9836"}],"up":[{"embeddable":true,"href":"https:\/\/www.kenial.de\/de\/wp-json\/wp\/v2\/pages\/6107"}],"wp:featuredmedia":[{"embeddable":true,"href":"https:\/\/www.kenial.de\/de\/wp-json\/wp\/v2\/media\/9613"}],"wp:attachment":[{"href":"https:\/\/www.kenial.de\/de\/wp-json\/wp\/v2\/media?parent=9615"}],"curies":[{"name":"wp","href":"https:\/\/api.w.org\/{rel}","templated":true}]}}