{"id":9537,"date":"2024-05-06T21:14:03","date_gmt":"2024-05-06T19:14:03","guid":{"rendered":"https:\/\/www.kenial.de\/de\/?page_id=9537"},"modified":"2024-11-09T05:26:20","modified_gmt":"2024-11-09T04:26:20","slug":"new-kopila-2024","status":"publish","type":"page","link":"https:\/\/www.kenial.de\/de\/kenial\/nepal\/new-kopila-home\/new-kopila-2024\/","title":{"rendered":"New Kopila 2024"},"content":{"rendered":"Tina und Lukas reisen um die halbe Welt. Und gemeinsam unterst\u00fctzen die beiden unsere kenialen Projekte. In Kirgistan waren sie bereits und ereichen Ende April Nepal und besuchen das New Kopila Heim, bringen Kleidung f\u00fcr die Kids vorbei, besuchen die Schule, um Schuluniformen und B\u00fccher zu kaufen und verbringen eine sch\u00f6ne Zeit im Heim.<\/p>\n<div class=\"oneThird\"><img loading=\"lazy\" decoding=\"async\" class=\"alignnone wp-image-8042 size-full\" src=\"https:\/\/www.kenial.de\/wp-content\/uploads\/2024\/05\/nep_kids_kl24.jpg\" alt=\"\" width=\"200\" height=\"147\" class=\"alignnone size-full wp-image-8744\" \/><br \/>\nKids. Die gro\u00dfen M\u00e4dchen sind bereits auf dem College und werden noch dieses Jahr ihren Abschlu\u00df machen, aber es kommen eine Menge kleine Kids nach.<\/p>\n<\/div>\n<div class=\"oneThird\"><img loading=\"lazy\" decoding=\"async\" class=\"alignnone wp-image-8044 size-full\" src=\"https:\/\/www.kenial.de\/wp-content\/uploads\/2024\/05\/tina_nepal_schule24.jpg\" alt=\"\" width=\"200\" height=\"147\" \/><br \/>\nEs gibt neue Shorts, Tshirts und Pullover f\u00fcr alle. Aber noch viel wichtiger, es fehlen Schuluniformen. Und daher geht Tina mit in die Schule, um vor Ort die Uniformen zu kaufen. Nat\u00fcrlich ist alles vorbestellt.<\/p>\n<\/div>\n<div class=\"oneThird last\"><img loading=\"lazy\" decoding=\"async\" class=\"alignnone wp-image-8040 size-full\" src=\"https:\/\/www.kenial.de\/wp-content\/uploads\/2024\/05\/shopping_nepal24.jpg\" alt=\"\" width=\"200\" height=\"147\"\/><br \/>\nUnd weiter geht der Einkauf, es fehlen Schulb\u00fccher und Lebensmittel. Auch hier wird Tina alles besorgen, was fehlt. Denn ein kenialer Grundsatz ist, nie Geld aus der Hand zu geben. Wir bringen was Sinn macht, oder kaufen vor Ort.<\/p>\n<\/div><div class=\"clear\"><\/div>\n<div class=\"oneThird\"><<img loading=\"lazy\" decoding=\"async\" src=\"https:\/\/www.kenial.de\/wp-content\/uploads\/2024\/11\/nepal_kids_kl_11-24.jpg\" alt=\"\" width=\"200\" height=\"140\" class=\"alignnone size-full wp-image-9763\" \/><br \/>\nKids. Auch f\u00fcr die neuen Kids gibt es im November 2024 Jacken und Rucks\u00e4cke, und nat\u00fcrlich f\u00fcr die Kids, die schon rausgewachsen sind.<\/p>\n<\/div>\n<div class=\"oneThird\">\n<img loading=\"lazy\" decoding=\"async\" src=\"https:\/\/www.kenial.de\/wp-content\/uploads\/2024\/11\/youth_nepal_11-24_kl.jpg\" alt=\"\" width=\"200\" height=\"140\" class=\"alignnone size-full wp-image-9764\" \/><br \/>\n\u00dcbergeben wird diesmal von Prajola, der Heimleitung selbst. Denn die war auf Deutschlandreise und hat alles mit einpacken k\u00f6nnen.<\/p>\n<\/div>","protected":false},"excerpt":{"rendered":"<p>Tina und Lukas reisen um die halbe Welt. Und gemeinsam unterst\u00fctzen die beiden unsere kenialen Projekte. In Kirgistan waren sie bereits und ereichen Ende April Nepal und besuchen das New Kopila Heim, bringen Kleidung f\u00fcr die Kids vorbei, besuchen die Schule, um Schuluniformen und B\u00fccher zu kaufen und verbringen eine sch\u00f6ne Zeit im Heim.<\/p>\n","protected":false},"author":1,"featured_media":9534,"parent":8308,"menu_order":0,"comment_status":"closed","ping_status":"closed","template":"","meta":{"footnotes":""},"class_list":["post-9537","page","type-page","status-publish","has-post-thumbnail","hentry"],"_links":{"self":[{"href":"https:\/\/www.kenial.de\/de\/wp-json\/wp\/v2\/pages\/9537","targetHints":{"allow":["GET"]}}],"collection":[{"href":"https:\/\/www.kenial.de\/de\/wp-json\/wp\/v2\/pages"}],"about":[{"href":"https:\/\/www.kenial.de\/de\/wp-json\/wp\/v2\/types\/page"}],"author":[{"embeddable":true,"href":"https:\/\/www.kenial.de\/de\/wp-json\/wp\/v2\/users\/1"}],"replies":[{"embeddable":true,"href":"https:\/\/www.kenial.de\/de\/wp-json\/wp\/v2\/comments?post=9537"}],"version-history":[{"count":8,"href":"https:\/\/www.kenial.de\/de\/wp-json\/wp\/v2\/pages\/9537\/revisions"}],"predecessor-version":[{"id":9766,"href":"https:\/\/www.kenial.de\/de\/wp-json\/wp\/v2\/pages\/9537\/revisions\/9766"}],"up":[{"embeddable":true,"href":"https:\/\/www.kenial.de\/de\/wp-json\/wp\/v2\/pages\/8308"}],"wp:featuredmedia":[{"embeddable":true,"href":"https:\/\/www.kenial.de\/de\/wp-json\/wp\/v2\/media\/9534"}],"wp:attachment":[{"href":"https:\/\/www.kenial.de\/de\/wp-json\/wp\/v2\/media?parent=9537"}],"curies":[{"name":"wp","href":"https:\/\/api.w.org\/{rel}","templated":true}]}}