{"id":9372,"date":"2024-02-28T15:28:11","date_gmt":"2024-02-28T14:28:11","guid":{"rendered":"https:\/\/www.kenial.de\/de\/?page_id=9372"},"modified":"2024-02-28T15:28:11","modified_gmt":"2024-02-28T14:28:11","slug":"klettern-in-schulen","status":"publish","type":"page","link":"https:\/\/www.kenial.de\/de\/kenial\/ukraine\/klettern-in-schulen\/","title":{"rendered":"Klettern in Schulen"},"content":{"rendered":"Mit einer Schule fing es an, und dann erreichte uns eine gro\u00dfe Spende Kletterschuhe. Ein Gro\u00dfteil der Schuhe verteilen wir an verschiedene weitere Schulen in der Ukraine. dort lernen Kinder jeden Alters KLettern, aber auch Orientierung im Gel\u00e4nde uvm. Gemeinsam verbringen sie Zeit zusammen, trotz des Krieges.<\/p>\n<div class=\"oneThird\"><img loading=\"lazy\" decoding=\"async\" class=\"alignnone wp-image-5130 size-full\" src=\"https:\/\/www.kenial.de\/wp-content\/uploads\/2024\/02\/ukraine224_kl1.jpg\" alt=\"\" width=\"200\" height=\"147\" \/><br \/>\nDie Schuhe werden mit Krystynas Hilfe in die Ukraine gebracht und dort sucht Krystyna genau die Gruppen und Schulen aus, die Kindern mit viel Freude das KLettern beibringen. Jede Schule bekommt neue LOWA KLetterschuhe.<br \/>\n<\/div>\n<div class=\"oneThird\"><img loading=\"lazy\" decoding=\"async\" class=\"alignnone wp-image-5131 size-full\" src=\"https:\/\/www.kenial.de\/wp-content\/uploads\/2024\/02\/ukraine224_kl3.jpg\" alt=\"\" width=\"200\" height=\"147\" \/><br \/>\nDie ersten Schuhe erreichen die Schule in Bohorodtschany. Die Kinder kennen wir schon eine Weile. Und ihren engagierten Lehrer, der mit den Kids klettert, Orientierungsl\u00e4ufe im Gel\u00e4nde \u00fcbt uvm.<br \/>\n<\/div>\n<div class=\"oneThird last\"><img loading=\"lazy\" decoding=\"async\" class=\"alignnone wp-image-5129 size-full\" src=\"https:\/\/www.kenial.de\/wp-content\/uploads\/2024\/02\/ukraine224_kl2.jpg\" alt=\"\" width=\"200\" height=\"147\"\/><br \/>\nEine muntere KLettergruppe in Lviv, mit kleiner Boulderhalle. Die Kinder klettern viel draussen und auch hier versucht der Trainer alles, um den Kids ein wenig Ablenkung vom Kriegsalltag zu bringen.<br \/>\n<\/div><div class=\"clear\"><\/div>","protected":false},"excerpt":{"rendered":"<p>Mit einer Schule fing es an, und dann erreichte uns eine gro\u00dfe Spende Kletterschuhe. Ein Gro\u00dfteil der Schuhe verteilen wir an verschiedene weitere Schulen in der Ukraine. dort lernen Kinder jeden Alters KLettern, aber auch Orientierung im Gel\u00e4nde uvm. Gemeinsam verbringen sie Zeit zusammen, trotz des Krieges.<\/p>\n","protected":false},"author":1,"featured_media":9370,"parent":4228,"menu_order":0,"comment_status":"closed","ping_status":"closed","template":"","meta":{"footnotes":""},"class_list":["post-9372","page","type-page","status-publish","has-post-thumbnail","hentry"],"_links":{"self":[{"href":"https:\/\/www.kenial.de\/de\/wp-json\/wp\/v2\/pages\/9372","targetHints":{"allow":["GET"]}}],"collection":[{"href":"https:\/\/www.kenial.de\/de\/wp-json\/wp\/v2\/pages"}],"about":[{"href":"https:\/\/www.kenial.de\/de\/wp-json\/wp\/v2\/types\/page"}],"author":[{"embeddable":true,"href":"https:\/\/www.kenial.de\/de\/wp-json\/wp\/v2\/users\/1"}],"replies":[{"embeddable":true,"href":"https:\/\/www.kenial.de\/de\/wp-json\/wp\/v2\/comments?post=9372"}],"version-history":[{"count":1,"href":"https:\/\/www.kenial.de\/de\/wp-json\/wp\/v2\/pages\/9372\/revisions"}],"predecessor-version":[{"id":9377,"href":"https:\/\/www.kenial.de\/de\/wp-json\/wp\/v2\/pages\/9372\/revisions\/9377"}],"up":[{"embeddable":true,"href":"https:\/\/www.kenial.de\/de\/wp-json\/wp\/v2\/pages\/4228"}],"wp:featuredmedia":[{"embeddable":true,"href":"https:\/\/www.kenial.de\/de\/wp-json\/wp\/v2\/media\/9370"}],"wp:attachment":[{"href":"https:\/\/www.kenial.de\/de\/wp-json\/wp\/v2\/media?parent=9372"}],"curies":[{"name":"wp","href":"https:\/\/api.w.org\/{rel}","templated":true}]}}