{"id":9311,"date":"2024-02-01T10:13:06","date_gmt":"2024-02-01T09:13:06","guid":{"rendered":"https:\/\/www.kenial.de\/de\/?page_id=9311"},"modified":"2024-09-03T10:55:38","modified_gmt":"2024-09-03T08:55:38","slug":"kirgistan-2024","status":"publish","type":"page","link":"https:\/\/www.kenial.de\/de\/kenial\/kirgistan\/kirgistan-2024\/","title":{"rendered":"Kirgistan 2024"},"content":{"rendered":"<p style=\"text-align: center;\"><a href=\"https:\/\/www.kenial.de\/de\/kenial\/kirgistan\/kirgistan-2018\/\">Kirgistan 2018<\/a> \u2022 <a href=\"https:\/\/www.kenial.de\/de\/kenial\/kirgistan\/kirgistan-2020\/\">Kirgistan 2020<\/a> \u2022 <a href=\"https:\/\/www.kenial.de\/de\/kenial\/kirgistan\/kirgistan-2021\/\">Kirgistan 2021<\/a> \u2022 <a href=\"https:\/\/www.kenial.de\/de\/kenial\/kirgistan\/kirgistan-2023\/\">Kirgistan 2023<\/a> \u2022 Kirgistan 2024<\/p>\n<p><strong>Februar 2024<\/strong><br \/>\nEinige Zeit ist vergangen, die Transporte im Land waren zeitaufwendig aber es hat sich gelohnt. Die ersten Sachen erreichen mit Misha Karakol und dort die Kinder vor Ort anfang des Jahres im Winter. Die Freude ist riesig, aber es sind noch viel mehr Kinder vor Ort. Ein Unfall stopt die Verteilung zun\u00e4chst, aber in ein paar Tagen wird es hoffentlich weiter gehen.<\/p>\n<div class=\"oneThird\">\n<img loading=\"lazy\" decoding=\"async\" src=\"https:\/\/www.kenial.de\/wp-content\/uploads\/2024\/02\/kirg_124_kl1.jpg\" alt=\"\" width=\"200\" height=\"147\" class=\"alignnone size-full wp-image-8898\" \/><br \/>\nDie Kinder. Kinder aus sehr einfachen Familien kommen hier in Karakol zusammen und d\u00fcrfen das Skifahren ausprobieren. Viele von ihnen geh\u00f6ren zu Vereinen, die auch gemeinsam wandern und Orientierung im Gel\u00e4nde \u00fcben.<\/p>\n<\/div>\n<div class=\"oneThird\"><img loading=\"lazy\" decoding=\"async\" src=\"https:\/\/www.kenial.de\/wp-content\/uploads\/2023\/08\/kirg2023_reisende_kl.jpg\" alt=\"\" width=\"200\" height=\"147\" class=\"alignnone size-full wp-image-8899\" \/><br \/>\nDie Reisenden. Tina und Lukas haben die Kleidung schon vor einiger Zeit an Misha vor Ort \u00fcbergeben. Und nun ist es endlich soweit und er erreicht mit Lidia die ersten Kinder. Alles dauert wirklich lange, aber alles kommt an.<\/p>\n<\/div>\n<div class=\"oneThird last\"><img loading=\"lazy\" decoding=\"async\" class=\"alignnone wp-image-6059 size-full\" src=\"https:\/\/www.kenial.de\/wp-content\/uploads\/2020\/01\/misha_kirg.jpg\" alt=\"\" width=\"200\" height=\"140\" \/><br \/>\nKontakt vor Ort. Wie immer ist Misha Danishkin, selbst Bergf\u00fchrer und erster Winterbesteiger aller 7000er in der ehemaligen Sowjetunion, f\u00fcr die gesamte Organisation vor Ort verantwortlich. Er h\u00e4lt den Kontakt zu den Schulen, Kinderheimen und den Sozialarbneitern und Lehrern.<\/p>\n<\/div><div class=\"clear\"><\/div>\n<div class=\"oneThird last\"><img loading=\"lazy\" decoding=\"async\" src=\"https:\/\/www.kenial.de\/wp-content\/uploads\/2024\/02\/kirg_124_kl3.jpg\" alt=\"\" width=\"200\" height=\"147\" class=\"alignnone size-full wp-image-8900\" \/><br \/>\n\u00dcbergabe. Mit im Gep\u00e4ck sind Jacken, Hosen, Pullover und Buffs. Danke an Sch\u00f6ffel, Maloja und Ortovox.<br \/>\n<\/div><div class=\"clear\"><\/div>\n<p>&nbsp;<\/p>\n<p><strong>August 2024 &#8211; Orlovka<\/strong><br \/>\nIm August kommen wir wieder und besuchen zwei der Kinderheime vor Ort. In Tokmok und Orlovka. Mit im Gep\u00e4ck f\u00fcr jedes Kind eine Tasche mit warmen Wintersachden, es sind warme Jacken, Hosen und Shirts. F\u00fcr die kleinen Kinder auch Schuhe. Einige Kinder werden noch an diesem Tag als Neuank\u00f6mmlinge erwartet. Auch f\u00fcr diese Kids gibt es erste Sachen.<\/p>\n<div class=\"oneThird\">\n<img loading=\"lazy\" decoding=\"async\" src=\"https:\/\/www.kenial.de\/wp-content\/uploads\/2024\/08\/orlovka_kids24.jpg\" alt=\"\" width=\"200\" height=\"147\" class=\"alignnone size-full wp-image-9680\" \/><br \/>\nDie Kinder. Im August besuchen wire zun\u00e4chst das Kinderheim Orlovka. Die Kinder sind im Sommercamp am Issy Kul. Die \u00c4lteren Kinder arbeiten in der K\u00fcche der Anlage um den Aufenthalt zu finanzieren. <\/p>\n<\/div>\n<div class=\"oneThird\">\n<img loading=\"lazy\" decoding=\"async\" src=\"https:\/\/www.kenial.de\/wp-content\/uploads\/2024\/08\/reisende_kirgis24.jpg\" alt=\"\" width=\"200\" height=\"147\" class=\"alignnone size-full wp-image-9681\" \/><br \/>\nDie Reisenden. Oskar, Wilma, Inga und Anke reisen durch das Land. Mit im Gep\u00e4ck sind \u00fcber 60kg Kleidung f\u00fcr die Kinder. Alles neue Sachen. Danke an LOWA, Ortovox, den DAV und Columbia f\u00fcr die Unterst\u00fctzung des Projektes.<\/p>\n<\/div>\n<div class=\"oneThird last\">\n<img loading=\"lazy\" decoding=\"async\" src=\"https:\/\/www.kenial.de\/wp-content\/uploads\/2024\/08\/orlovka_leitung.jpg\" alt=\"\" width=\"200\" height=\"147\" class=\"alignnone size-full wp-image-9682\" \/><br \/>\nKontakt vor Ort. Wir lernen die Heimleitung per\u00f6nlich kennen und freuen uns auf eine weitere Zusammenarbeit.<\/p>\n<\/div><div class=\"clear\"><\/div>\n<p><\/p>\n<p><strong>August 2024 &#8211; Tokmok<\/strong><\/p>\n<div class=\"oneThird\">\n<img loading=\"lazy\" decoding=\"async\" src=\"https:\/\/www.kenial.de\/wp-content\/uploads\/2024\/08\/tokmok_kids_kl24.jpg\" alt=\"\" width=\"200\" height=\"147\" class=\"alignnone size-full wp-image-9689\" \/><br \/>\nDie Kinder. Die Kinder treffen wir in ihrem Kinderheim in Tokmok. Manche besuchen Verwandte, es sind Ferien. Aber der Gro\u00dfteil der Kinder ist vor Ort. Und es werden an diesem Tag einige Neuzug\u00e4nge erwartet, deren Eltern das Sorgerecht entzogen wurde.<\/p>\n<\/div>\n<div class=\"oneThird\">\n<img loading=\"lazy\" decoding=\"async\" src=\"https:\/\/www.kenial.de\/wp-content\/uploads\/2024\/08\/tokmok24_kl.jpg\" alt=\"\" width=\"200\" height=\"147\" class=\"alignnone size-full wp-image-9690\" \/><br \/>\nKontakt vor Ort. Wir lernen die Heimleitung per\u00f6nlich kennen und freuen uns auf eine weitere Zusammenarbeit. Als ehemalige Lehrerin Elmira spricht fliessend deutsch.<\/p>\n<\/div>\n<div class=\"oneThird last\">\n<img loading=\"lazy\" decoding=\"async\" src=\"https:\/\/www.kenial.de\/wp-content\/uploads\/2024\/08\/kids-orlovka_kl24_1.jpg\" alt=\"\" width=\"200\" height=\"147\" class=\"alignnone size-full wp-image-9691\" \/><br \/>\nRiesen Dankesch\u00f6n an den DAV, Ortovox, Lowa und Columkbia f\u00fcr den Support!<\/p>\n<\/div><div class=\"clear\"><\/div>","protected":false},"excerpt":{"rendered":"<p>Kirgistan 2018 \u2022 Kirgistan 2020 \u2022 Kirgistan 2021 \u2022 Kirgistan 2023 \u2022 Kirgistan 2024 Februar 2024 Einige Zeit ist vergangen, die Transporte im Land waren zeitaufwendig aber es hat sich gelohnt. Die ersten Sachen erreichen mit Misha Karakol und dort die Kinder vor Ort anfang des Jahres im Winter. Die Freude ist riesig, aber es&hellip;<\/p>\n","protected":false},"author":1,"featured_media":9729,"parent":4128,"menu_order":0,"comment_status":"closed","ping_status":"closed","template":"","meta":{"footnotes":""},"class_list":["post-9311","page","type-page","status-publish","has-post-thumbnail","hentry"],"_links":{"self":[{"href":"https:\/\/www.kenial.de\/de\/wp-json\/wp\/v2\/pages\/9311","targetHints":{"allow":["GET"]}}],"collection":[{"href":"https:\/\/www.kenial.de\/de\/wp-json\/wp\/v2\/pages"}],"about":[{"href":"https:\/\/www.kenial.de\/de\/wp-json\/wp\/v2\/types\/page"}],"author":[{"embeddable":true,"href":"https:\/\/www.kenial.de\/de\/wp-json\/wp\/v2\/users\/1"}],"replies":[{"embeddable":true,"href":"https:\/\/www.kenial.de\/de\/wp-json\/wp\/v2\/comments?post=9311"}],"version-history":[{"count":12,"href":"https:\/\/www.kenial.de\/de\/wp-json\/wp\/v2\/pages\/9311\/revisions"}],"predecessor-version":[{"id":9694,"href":"https:\/\/www.kenial.de\/de\/wp-json\/wp\/v2\/pages\/9311\/revisions\/9694"}],"up":[{"embeddable":true,"href":"https:\/\/www.kenial.de\/de\/wp-json\/wp\/v2\/pages\/4128"}],"wp:featuredmedia":[{"embeddable":true,"href":"https:\/\/www.kenial.de\/de\/wp-json\/wp\/v2\/media\/9729"}],"wp:attachment":[{"href":"https:\/\/www.kenial.de\/de\/wp-json\/wp\/v2\/media?parent=9311"}],"curies":[{"name":"wp","href":"https:\/\/api.w.org\/{rel}","templated":true}]}}