{"id":9289,"date":"2024-01-25T12:23:27","date_gmt":"2024-01-25T11:23:27","guid":{"rendered":"https:\/\/www.kenial.de\/de\/?page_id=9289"},"modified":"2025-07-24T10:28:10","modified_gmt":"2025-07-24T08:28:10","slug":"kenia-2024","status":"publish","type":"page","link":"https:\/\/www.kenial.de\/de\/kenial\/kenia\/kenia-2024\/","title":{"rendered":"Kenia 2024"},"content":{"rendered":"<a href=\"https:\/\/www.kenial.de\/de\/kenial\/kenia\/kenia-2015\/\">Kenia 2015<\/a> \u2022 <a href=\"https:\/\/www.kenial.de\/de\/kenial\/kenia\/kenia-2016\/\">Kenia 2016<\/a> \u2022 <a href=\"https:\/\/www.kenial.de\/de\/kenial\/kenia\/kenia-2017\/\">Kenia 2017<\/a> \u2022 <a href=\"https:\/\/www.kenial.de\/de\/kenial\/kenia\/kenia-2019\/\">Kenia 2019<\/a> \u2022 <a href=\"https:\/\/www.kenial.de\/de\/kenial\/kenia\/kenia-2020\/\">Kenia 2020<\/a> \u2022 <a href=\"https:\/\/www.kenial.de\/de\/kenial\/kenia\/kenia-2021\/\">Kenia 2021<\/a> \u2022 <a href=\"https:\/\/www.kenial.de\/de\/kenial\/kenia\/kenia-2022\/\">Kenia 2022<\/a> \u2022<br \/>\n<a href=\"https:\/\/www.kenial.de\/de\/kenial\/kenia\/kenia-2023\/\">Kenia 2023<\/a> \u2022 Kenia 2024 \u2022 <a href=\"https:\/\/www.kenial.de\/de\/kenial\/kenia\/kenia-2025\/\">Kenia 2025<\/a> <\/p>\n<p>Esther fliegt auch im Januar und Februar 2024 nach Kenia. Und wieder bringt sie den Kinder, die von Bena vor Ort betreut werden, Kleidung und Rucks\u00e4cke. Es sind \u00fcber 120 Kinder, die der Utunzi Kwa Watoto angeh\u00f6ren.<\/p>\n<div class=\"oneThird\"><img loading=\"lazy\" decoding=\"async\" class=\"alignnone wp-image-8536 size-full\" src=\"https:\/\/\/www.kenial.de\/wp-content\/uploads\/2024\/01\/kenia124_kl3.jpg\" alt=\"kenya\" width=\"200\" height=\"145\" \/><br \/>\nDie Kinder und Jugendlichen kommen einzeln und bekommen genau das, was ihnen passt und gebraucht wird.<\/p>\n<\/div>\n<div class=\"oneThird\"><img loading=\"lazy\" decoding=\"async\" class=\"alignnone wp-image-8537 size-full\" src=\"https:\/\/www.kenial.de\/wp-content\/uploads\/2024\/01\/kenia124_kl2.jpg\" alt=\"kenya\" width=\"200\" height=\"145\" \/><br \/>\nWir starten mit Rucks\u00e4cken und Shirts, alles in bester Qualit\u00e4t. Danke an den DAV, Tatonka, ortovox und Sch\u00f6ffel f\u00fcr die Unterst\u00fctzung dieses Projektes.<\/p>\n<\/div>\n<div class=\"oneThird last\"><img loading=\"lazy\" decoding=\"async\" class=\"alignnone wp-image-8537 size-full\" src=\"https:\/\/www.kenial.de\/wp-content\/uploads\/2024\/01\/kenia_124_kl1.jpg\" alt=\"kenya\" width=\"200\" height=\"145\" \/><br \/>\nIn Februar werden wir den Kindern neue lange Hosen bringen, die wunderbare Esther nimmt wieder alles mit.<\/p>\n<\/div><div class=\"clear\"><\/div>","protected":false},"excerpt":{"rendered":"<p>Kenia 2015 \u2022 Kenia 2016 \u2022 Kenia 2017 \u2022 Kenia 2019 \u2022 Kenia 2020 \u2022 Kenia 2021 \u2022 Kenia 2022 \u2022 Kenia 2023 \u2022 Kenia 2024 \u2022 Kenia 2025 Esther fliegt auch im Januar und Februar 2024 nach Kenia. Und wieder bringt sie den Kinder, die von Bena vor Ort betreut werden, Kleidung und Rucks\u00e4cke.&hellip;<\/p>\n","protected":false},"author":1,"featured_media":9285,"parent":606,"menu_order":0,"comment_status":"closed","ping_status":"closed","template":"","meta":{"footnotes":""},"class_list":["post-9289","page","type-page","status-publish","has-post-thumbnail","hentry"],"_links":{"self":[{"href":"https:\/\/www.kenial.de\/de\/wp-json\/wp\/v2\/pages\/9289","targetHints":{"allow":["GET"]}}],"collection":[{"href":"https:\/\/www.kenial.de\/de\/wp-json\/wp\/v2\/pages"}],"about":[{"href":"https:\/\/www.kenial.de\/de\/wp-json\/wp\/v2\/types\/page"}],"author":[{"embeddable":true,"href":"https:\/\/www.kenial.de\/de\/wp-json\/wp\/v2\/users\/1"}],"replies":[{"embeddable":true,"href":"https:\/\/www.kenial.de\/de\/wp-json\/wp\/v2\/comments?post=9289"}],"version-history":[{"count":6,"href":"https:\/\/www.kenial.de\/de\/wp-json\/wp\/v2\/pages\/9289\/revisions"}],"predecessor-version":[{"id":10141,"href":"https:\/\/www.kenial.de\/de\/wp-json\/wp\/v2\/pages\/9289\/revisions\/10141"}],"up":[{"embeddable":true,"href":"https:\/\/www.kenial.de\/de\/wp-json\/wp\/v2\/pages\/606"}],"wp:featuredmedia":[{"embeddable":true,"href":"https:\/\/www.kenial.de\/de\/wp-json\/wp\/v2\/media\/9285"}],"wp:attachment":[{"href":"https:\/\/www.kenial.de\/de\/wp-json\/wp\/v2\/media?parent=9289"}],"curies":[{"name":"wp","href":"https:\/\/api.w.org\/{rel}","templated":true}]}}