{"id":9264,"date":"2024-01-18T16:44:50","date_gmt":"2024-01-18T15:44:50","guid":{"rendered":"https:\/\/www.kenial.de\/de\/?page_id=9264"},"modified":"2024-05-28T11:59:09","modified_gmt":"2024-05-28T09:59:09","slug":"suedafrika-2023","status":"publish","type":"page","link":"https:\/\/www.kenial.de\/de\/kenial\/suedafrika\/suedafrika-2023\/","title":{"rendered":"S\u00fcdafrika 2023"},"content":{"rendered":"<a href=\"https:\/\/www.kenial.de\/de\/kenial\/suedafrika\/suedafrika-2020\/\">S\u00fcdafrika 2020<\/a> \u2022 <a href=\"https:\/\/www.kenial.de\/de\/kenial\/suedafrika\/suedafrika-2021\/\">S\u00fcdafrika 2021<\/a> \u2022 S\u00fcdafrika 2023 \u2022 <a href=\"https:\/\/www.kenial.de\/de\/kenial\/suedafrika\/suedafrika-2024\/\">S\u00fcdafrika 2024<\/a><\/p>\n<p>Auch Katrin und Olli sind auf dem Weg nach S\u00fcdafrika, zum Kitesurfen. Aber bevor sie sich in die Wellen st\u00fcrzen, besuchen sie f\u00fcr kenial die NGO The Homestead und bringen den Jungs jede Menge Kleidung. Und dazu super robuste Kletterkleidung. Danke an den DAV f\u00fcr die Unterst\u00fctzung! <\/p>\n<div class=\"oneThird\"><img loading=\"lazy\" decoding=\"async\" src=\"https:\/\/www.kenial.de\/wp-content\/uploads\/2024\/01\/southafrica_dec23_kids_kl.jpg\" alt=\"\" width=\"200\" height=\"147\" class=\"alignnone size-full wp-image-7786\" \/><br \/>\nDie Kinder. Die Jungs sind \u00fcber Weihnachten nichgt alle da, daher findet die \u00dcbergabe erst im Januar statt. Wenn alle wieder zusammen sind.Fu\u00dfball geht aber immer.<\/p>\n<\/div>\n<div class=\"oneThird\"><img loading=\"lazy\" decoding=\"async\" class=\"alignnone wp-image-7714 size-full\" src=\"https:\/\/www.kenial.de\/wp-content\/uploads\/2024\/01\/katrin_olli_kl.jpg\" alt=\"\" width=\"200\" height=\"147\" \/><br \/>\nDie \u00dcbergabe. Gar nicht so einfach, bis zum Heim zu gelangen, aber zum Gl\u00fcck sorgt die NGO vor Ort daf\u00fcr, das alle sicher von T\u00fcr zu T\u00fcr gelangen.<\/p>\n<\/div>\n<div class=\"oneThird last\"><img loading=\"lazy\" decoding=\"async\" class=\"alignnone wp-image-7715 size-full\" src=\"https:\/\/www.kenial.de\/wp-content\/uploads\/2024\/01\/maria_sikaundi.jpg\" alt=\"\" width=\"200\" height=\"147\"\/><br \/>\nAnsprechpartner. Maria Sikaundi. Maria arbeitet eng mit uns zusammen und freut sich mit den Kids \u00fcber die tollen Sachen. Sie ist unsere direkte Ansprechpartnerin vor Ort.<\/p>\n<\/div><div class=\"clear\"><\/div>","protected":false},"excerpt":{"rendered":"<p>S\u00fcdafrika 2020 \u2022 S\u00fcdafrika 2021 \u2022 S\u00fcdafrika 2023 \u2022 S\u00fcdafrika 2024 Auch Katrin und Olli sind auf dem Weg nach S\u00fcdafrika, zum Kitesurfen. Aber bevor sie sich in die Wellen st\u00fcrzen, besuchen sie f\u00fcr kenial die NGO The Homestead und bringen den Jungs jede Menge Kleidung. Und dazu super robuste Kletterkleidung. Danke an den DAV&hellip;<\/p>\n","protected":false},"author":1,"featured_media":9261,"parent":6107,"menu_order":0,"comment_status":"closed","ping_status":"closed","template":"","meta":{"footnotes":""},"class_list":["post-9264","page","type-page","status-publish","has-post-thumbnail","hentry"],"_links":{"self":[{"href":"https:\/\/www.kenial.de\/de\/wp-json\/wp\/v2\/pages\/9264","targetHints":{"allow":["GET"]}}],"collection":[{"href":"https:\/\/www.kenial.de\/de\/wp-json\/wp\/v2\/pages"}],"about":[{"href":"https:\/\/www.kenial.de\/de\/wp-json\/wp\/v2\/types\/page"}],"author":[{"embeddable":true,"href":"https:\/\/www.kenial.de\/de\/wp-json\/wp\/v2\/users\/1"}],"replies":[{"embeddable":true,"href":"https:\/\/www.kenial.de\/de\/wp-json\/wp\/v2\/comments?post=9264"}],"version-history":[{"count":9,"href":"https:\/\/www.kenial.de\/de\/wp-json\/wp\/v2\/pages\/9264\/revisions"}],"predecessor-version":[{"id":9623,"href":"https:\/\/www.kenial.de\/de\/wp-json\/wp\/v2\/pages\/9264\/revisions\/9623"}],"up":[{"embeddable":true,"href":"https:\/\/www.kenial.de\/de\/wp-json\/wp\/v2\/pages\/6107"}],"wp:featuredmedia":[{"embeddable":true,"href":"https:\/\/www.kenial.de\/de\/wp-json\/wp\/v2\/media\/9261"}],"wp:attachment":[{"href":"https:\/\/www.kenial.de\/de\/wp-json\/wp\/v2\/media?parent=9264"}],"curies":[{"name":"wp","href":"https:\/\/api.w.org\/{rel}","templated":true}]}}