{"id":9220,"date":"2023-12-19T11:42:56","date_gmt":"2023-12-19T10:42:56","guid":{"rendered":"https:\/\/www.kenial.de\/de\/?page_id=9220"},"modified":"2026-05-13T09:07:46","modified_gmt":"2026-05-13T07:07:46","slug":"lamayuru","status":"publish","type":"page","link":"https:\/\/www.kenial.de\/de\/kenial\/indien\/lamayuru\/","title":{"rendered":"Lamayuru"},"content":{"rendered":"<a href=\"https:\/\/www.kenial.de\/de\/kenial\/indien\/dehradun\/\">Dehradun<\/a> \u2022 <a href=\"https:\/\/www.kenial.de\/de\/kenial\/indien\/dharamsala\/\">Dharamsala<\/a> \u2022 Lamayuru<\/p>\n<p>In der kleinen Stadt Lamayuru in Ladakh befindet sich ein bhuddistisches kloster in dem \u00fcber 150 M\u00f6nche leben. Eine kleine Gruppe von 21 Kindern lebt und lernt im Kloster. Die Kinder sehen ihre Eltern nur in den Ferien, verbringen also Tag f\u00fcr Tag in dem alten Gem\u00e4uer. Es fehlt ihnen an warmer Kleidung. Die Jungs k\u00f6nnen \u00fcbrigens nach dem Schulabschlu\u00df, dann sind sie ca. 16 Jahre alt, einen &#8222;normalen&#8220; Beruf erlernen und werden nicht zwangsweise weioter im Kloster bleiben.<\/p>\n<div class=\"oneThird\"><img loading=\"lazy\" decoding=\"async\" class=\"alignnone wp-image-5770 size-full\" src=\"https:\/\/www.kenial.de\/wp-content\/uploads\/2023\/12\/ladakh_kids_kl.jpg\" alt=\"\" width=\"200\" height=\"147\" \/><br \/>\nDie Kinder. 21 Jungen wachsen im Kloster auf. Sie sind zwischen 5 und 15 Jahre alt. Sie lernen und spielen zusammen, sehen die Familie nur in den Ferien.<br \/>\n<\/div>\n<div class=\"oneThird\"><img loading=\"lazy\" decoding=\"async\" class=\"alignnone wp-image-5778 size-full\" src=\"https:\/\/www.kenial.de\/wp-content\/uploads\/2023\/12\/tina2023_kl_ladakh.jpg\" alt=\"\" width=\"200\" height=\"147\" \/><br \/>\nDie Reisenden. Tina und Lukas sind schon eine Weile unterwegs. Ihr Weg wird sie im Fr\u00fchjahr 2024 nach Ladakh f\u00fchren, wo sie die Kinder besuchen und warme Sachen, sowei Schuhe mitbringen.<\/p>\n<\/div>\n<div class=\"oneThird last\"><img loading=\"lazy\" decoding=\"async\" class=\"alignnone wp-image-5769 size-full\" src=\"https:\/\/www.kenial.de\/wp-content\/uploads\/2023\/12\/ansprechpartner_ladakh_kl.jpg\" alt=\"\" width=\"200\" height=\"147\" \/><br \/>\nAnsprechpartner. Mipham ist Lehrer und Betreuer der Jungs im Kloster. Er ist selbst einer der M\u00f6nche und er versorgt uns mit allen Informationen, die wir f\u00fcr dieses Projekt ben\u00f6tigen.<\/p>\n<\/div><div class=\"clear\"><\/div>\n<div class=\"oneThird\"><img loading=\"lazy\" decoding=\"async\" class=\"alignnone wp-image-5770 size-full\" src=\"https:\/\/www.kenial.de\/wp-content\/uploads\/2024\/04\/shipping_ladack.jpg\" alt=\"\" width=\"200\" height=\"147\" \/><br \/>\nShipping. Wie bei all unseren Projekten in Indien ist es nur dank der Hilfe von Raman und ExadSports m\u00f6glich, die Sachen bis ins Land zu bringen.<br \/>\n<\/div>\n<div class=\"oneThird\"><img loading=\"lazy\" decoding=\"async\" class=\"alignnone wp-image-5778 size-full\" src=\"https:\/\/www.kenial.de\/wp-content\/uploads\/2024\/04\/ladakh_kids.jpg\" alt=\"\" width=\"200\" height=\"147\" \/><br \/>\nDas Kloster liegt weit \u00fcber 3000m hoch. N\u00e4chstes Ziel ist es die Jugendlichen zu erreichen und Sonnenbrillen f\u00fcr alle mitzubringen.<br \/>\n<\/div>\n<div class=\"oneThird last\"><img loading=\"lazy\" decoding=\"async\" src=\"https:\/\/www.kenial.de\/wp-content\/uploads\/2026\/05\/lamayuru_monk_26_kl.jpg\" alt=\"\" width=\"200\" height=\"147\" class=\"alignnone size-full wp-image-10714\" \/><br \/>\nAuch 2026 erreichen wir die Klasse und bringen warme Deecken und Rucks\u00e4cke. Mipham ist ein Kloster weiter gezogen, aber k\u00fcmmert sich weiterhin.<br \/>\n<\/div><div class=\"clear\"><\/div>\n<div class=\"oneThird\"><a href=\"https:\/\/www.kenial.de\/de\/kenial\/indien\/lamayuru\/galerie-lamayuru-2024\/\"><span class=\"dropcap circle\">G<\/span>Galerie 2024<\/a><br \/>\n<\/div>\n<div class=\"oneThird\"><a href=\"https:\/\/www.kenial.de\/de\/kenial\/indien\/lamayuru\/galerie-lamayuru-2026\/\"><span class=\"dropcap circle\">G<\/span>Galerie 2026<\/a><br \/>\n<\/div>","protected":false},"excerpt":{"rendered":"<p>Dehradun \u2022 Dharamsala \u2022 Lamayuru In der kleinen Stadt Lamayuru in Ladakh befindet sich ein bhuddistisches kloster in dem \u00fcber 150 M\u00f6nche leben. Eine kleine Gruppe von 21 Kindern lebt und lernt im Kloster. Die Kinder sehen ihre Eltern nur in den Ferien, verbringen also Tag f\u00fcr Tag in dem alten Gem\u00e4uer. Es fehlt ihnen&hellip;<\/p>\n","protected":false},"author":1,"featured_media":9493,"parent":6972,"menu_order":0,"comment_status":"closed","ping_status":"closed","template":"","meta":{"footnotes":""},"class_list":["post-9220","page","type-page","status-publish","has-post-thumbnail","hentry"],"_links":{"self":[{"href":"https:\/\/www.kenial.de\/de\/wp-json\/wp\/v2\/pages\/9220","targetHints":{"allow":["GET"]}}],"collection":[{"href":"https:\/\/www.kenial.de\/de\/wp-json\/wp\/v2\/pages"}],"about":[{"href":"https:\/\/www.kenial.de\/de\/wp-json\/wp\/v2\/types\/page"}],"author":[{"embeddable":true,"href":"https:\/\/www.kenial.de\/de\/wp-json\/wp\/v2\/users\/1"}],"replies":[{"embeddable":true,"href":"https:\/\/www.kenial.de\/de\/wp-json\/wp\/v2\/comments?post=9220"}],"version-history":[{"count":8,"href":"https:\/\/www.kenial.de\/de\/wp-json\/wp\/v2\/pages\/9220\/revisions"}],"predecessor-version":[{"id":10716,"href":"https:\/\/www.kenial.de\/de\/wp-json\/wp\/v2\/pages\/9220\/revisions\/10716"}],"up":[{"embeddable":true,"href":"https:\/\/www.kenial.de\/de\/wp-json\/wp\/v2\/pages\/6972"}],"wp:featuredmedia":[{"embeddable":true,"href":"https:\/\/www.kenial.de\/de\/wp-json\/wp\/v2\/media\/9493"}],"wp:attachment":[{"href":"https:\/\/www.kenial.de\/de\/wp-json\/wp\/v2\/media?parent=9220"}],"curies":[{"name":"wp","href":"https:\/\/api.w.org\/{rel}","templated":true}]}}