{"id":9105,"date":"2023-10-17T20:36:23","date_gmt":"2023-10-17T18:36:23","guid":{"rendered":"https:\/\/www.kenial.de\/de\/?page_id=9105"},"modified":"2026-02-16T16:51:12","modified_gmt":"2026-02-16T15:51:12","slug":"chile","status":"publish","type":"page","link":"https:\/\/www.kenial.de\/de\/kenial\/chile\/","title":{"rendered":"Chile"},"content":{"rendered":"Die von den Salesianern Don Boscos gef\u00fchrte Laura Vicu\u00f1a Schule in Puerto Montt bietet Kinder mit geistiger oder k\u00f6rperlicher Behinderung die Chance auf eine bessere Zukunft. Seit 1996 f\u00f6rdert und begleitet die Schule \u201eLaura Vicu\u00f1a\u201c junge Menschen mit Handicap. Die Kinder und Jugendlichen kommen aus armen Familien. Viele sind indigener Herkunft und werden gesellschaftlich ausgegrenzt. Es geht darum, ihnen Zukunftschancen zu schaffen \u2013 durch eine solide Berufsausbildung und Integration in die Arbeitswelt. Die Salesianer Don Boscos arbeiten hierzu eng mit \u00adUnternehmen zusammen. Durch Praktika sollen die Sch\u00fclerinnen und Sch\u00fcler erste Berufserfahrungen sammeln. Unser zweites Projekt in Chile ist direkt in der Hauptsstadt Santiago. Das Projekt der Salisaner vor Ort betreut mehr als 120 Jugendliche im Alter von 12 bis 17 Jahren. In den Zentren erhalten die Jugendlichen spezialisierte psychologische Unterst\u00fctzung sowie soziale und rechtliche Beratung, erg\u00e4nzt durch Kompetenztrainings und Bildungsangebote. Zudem werden alle grundlegenden Bed\u00fcrfnisse abgedeckt: Ern\u00e4hrung, Gesundheitsversorgung und Kleidung. Weiter gibt es eine Nachtnotunterkunft und die Tagesh\u00e4user.<\/p>\n<p>&nbsp;<\/p>\n<div class=\"oneThird\"><img loading=\"lazy\" decoding=\"async\" class=\"alignnone size-full wp-image-1174\" src=\"https:\/\/www.kenial.de\/wp-content\/uploads\/2023\/10\/kinder_chile23_kl.jpg\" alt=\"chile kinder\" width=\"200\" height=\"147\"  \/><br \/>\nKinder. Die Liste der Schule umfasst 57 Kinder und Jugendliche. Die Handicaps der Kinder sind sehr unterschiedlich. In der Schule werden sie umfassend betreut.<\/p>\n<\/div>\n<div class=\"oneThird\"><img loading=\"lazy\" decoding=\"async\" class=\"alignnone size-full wp-image-1175\" src=\"https:\/\/www.kenial.de\/wp-content\/uploads\/2023\/10\/ansprechpartner_chile23_kl.jpg\" alt=\"\" width=\"200\" height=\"147\" \/><br \/>\nDie Salesianer Don Boscos schaffen mit der Laura Vicu\u00f1a Schule in Puerto Montt eine echte Chance f\u00fcr die Kinder und Jugendlichen und ihre Familien. In der Schule werden junge Menschen bis 26 Jahre mit einer geistigen und k\u00f6rperlichen Behinderung schulisch und beruflich gef\u00f6rdert. <\/p>\n<\/div>\n<div class=\"oneThird last\"><img loading=\"lazy\" decoding=\"async\" class=\"alignnone size-full wp-image-1177\" src=\"https:\/\/www.kenial.de\/wp-content\/uploads\/2023\/10\/reisende_chile_kl23.jpg\" alt=\"\" width=\"200\" height=\"147\" \/><br \/>\nReisende. Lena und Peter sind auf einer gro\u00dfen Chile Reise. Mit dem Jeep cruisen sie durch die wunderbare Landschaft &#8211; und erreichen nat\u00fcrlich auch Puerto Montt. Und \u00fcbergeben dort die Spenden an die Kids.<br \/>\n<\/div><div class=\"clear\"><\/div>\n<div class=\"oneThird\">\n<img loading=\"lazy\" decoding=\"async\" src=\"https:\/\/www.kenial.de\/wp-content\/uploads\/2025\/08\/chile_8-25_kl2.jpg\" alt=\"\" width=\"200\" height=\"147\" class=\"alignnone size-full wp-image-10240\" \/><br \/>\nIm August 2025 sind wir endlich wieder an der Laura Vicu\u00f1a Schule. Mit dabei Taschen, Rucks\u00e4cke und Kleidung. Und nun wissen wir, wie der b\u00fcrokratische Weg durch den Zoll funktioniert. Es wird also weiter gehen.<br \/>\n<\/div>\n<div class=\"oneThird\">\n<img loading=\"lazy\" decoding=\"async\" src=\"https:\/\/www.kenial.de\/wp-content\/uploads\/2025\/12\/chile_klein_dez25.jpg\" alt=\"\" width=\"200\" height=\"147\" class=\"alignnone size-full wp-image-10407\" \/><br \/>\nIm Dezember 2025 ist Vreni auf dem Weg nach Chile mit Sachen f\u00fcr die Laura Vicu\u00f1a Schule. Erneut nringen wir viel warme Kleidung. Danke an Tatonka, Ortovox und Lowa f\u00fcr die Spenden.<br \/>\n<\/div>\n<div class=\"oneThird last\"><img loading=\"lazy\" decoding=\"async\" class=\"alignnone size-full wp-image-1175\" src=\"https:\/\/www.kenial.de\/wp-content\/uploads\/2023\/10\/salesianer_logo.png\" alt=\"\" width=\"200\" height=\"147\" \/><br \/>\nAnsprechpartner: F\u00fcr uns leitet zun\u00e4chst Don Bosko mit Frederico Lagi in Bonn alles in die Wege. Vor Ort sind die Ansprechpartner ebenso die <a href=\"https:\/\/salesianos.cl\/\" rel=\"noopener\" target=\"_blank\">Salesianer<\/a>, die Schulleitung. Hier erhalten wir alle Infos. Die Kinder bekommen warme Westen, Jacken und Hosen. Danke an ortovox f\u00fcr die Unterst\u00fctzung.<\/p>\n<\/div><div class=\"clear\"><\/div>\n<div class=\"oneThird\">\n<img loading=\"lazy\" decoding=\"async\" src=\"https:\/\/www.kenial.de\/wp-content\/uploads\/2026\/02\/heinzi_kl_chile.png\" alt=\"\" width=\"200\" height=\"147\" class=\"alignnone size-full wp-image-10550\" \/><br \/>\nIm Januar 2026 reist Heinzi nach Chile. Vor Ort l\u00e4\u00dft er sich die Projekte der Salisianer in Santiago zeigen und ist begeistert. Mit im Gep\u00e4ck jede Menge Kleidung, Schuhe, Rucks\u00e4cke f\u00fcr die Kids.,<br \/>\n<\/div>\n<div class=\"oneThird\">\n<img loading=\"lazy\" decoding=\"async\" src=\"https:\/\/www.kenial.de\/wp-content\/uploads\/2026\/02\/kid_chile_kl.png\" alt=\"\" width=\"200\" height=\"147\" class=\"alignnone size-full wp-image-10552\" \/><br \/>\nDie Kids: in Santiago betreuen die Frauen der Salisianer \u00fcber 100 Kinder und Jugendliche vor Ort.<br \/>\n<\/div>\n<div class=\"theParallaxCrestaBlock\"><div class=\"theParallaxCresta fortunato-short-parallax-265\" style=\"background-image: url(https:\/\/www.kenial.de\/wp-content\/uploads\/2023\/10\/chile_paralay23.jpg); height:400px;\"><h2><\/h2><\/div><\/div><script type=\"text\/javascript\">(function($) { $(document).ready(function() { if ( \/Android|webOS|iPhone|iPad|iPod|BlackBerry|IEMobile|Opera Mini\/i.test(navigator.userAgent) ) {} else { $(\".fortunato-short-parallax-265\").scrollparallax(\"50%\", \"0.2\"); } }); })(jQuery);<\/script>","protected":false},"excerpt":{"rendered":"<p>Die von den Salesianern Don Boscos gef\u00fchrte Laura Vicu\u00f1a Schule in Puerto Montt bietet Kinder mit geistiger oder k\u00f6rperlicher Behinderung die Chance auf eine bessere Zukunft. Seit 1996 f\u00f6rdert und begleitet die Schule \u201eLaura Vicu\u00f1a\u201c junge Menschen mit Handicap. Die Kinder und Jugendlichen kommen aus armen Familien. Viele sind indigener Herkunft und werden gesellschaftlich ausgegrenzt.&hellip;<\/p>\n","protected":false},"author":1,"featured_media":9107,"parent":486,"menu_order":0,"comment_status":"closed","ping_status":"closed","template":"","meta":{"footnotes":""},"class_list":["post-9105","page","type-page","status-publish","has-post-thumbnail","hentry"],"_links":{"self":[{"href":"https:\/\/www.kenial.de\/de\/wp-json\/wp\/v2\/pages\/9105","targetHints":{"allow":["GET"]}}],"collection":[{"href":"https:\/\/www.kenial.de\/de\/wp-json\/wp\/v2\/pages"}],"about":[{"href":"https:\/\/www.kenial.de\/de\/wp-json\/wp\/v2\/types\/page"}],"author":[{"embeddable":true,"href":"https:\/\/www.kenial.de\/de\/wp-json\/wp\/v2\/users\/1"}],"replies":[{"embeddable":true,"href":"https:\/\/www.kenial.de\/de\/wp-json\/wp\/v2\/comments?post=9105"}],"version-history":[{"count":9,"href":"https:\/\/www.kenial.de\/de\/wp-json\/wp\/v2\/pages\/9105\/revisions"}],"predecessor-version":[{"id":10554,"href":"https:\/\/www.kenial.de\/de\/wp-json\/wp\/v2\/pages\/9105\/revisions\/10554"}],"up":[{"embeddable":true,"href":"https:\/\/www.kenial.de\/de\/wp-json\/wp\/v2\/pages\/486"}],"wp:featuredmedia":[{"embeddable":true,"href":"https:\/\/www.kenial.de\/de\/wp-json\/wp\/v2\/media\/9107"}],"wp:attachment":[{"href":"https:\/\/www.kenial.de\/de\/wp-json\/wp\/v2\/media?parent=9105"}],"curies":[{"name":"wp","href":"https:\/\/api.w.org\/{rel}","templated":true}]}}