{"id":9031,"date":"2023-09-17T11:14:36","date_gmt":"2023-09-17T09:14:36","guid":{"rendered":"https:\/\/www.kenial.de\/de\/?page_id=9031"},"modified":"2023-09-17T12:35:50","modified_gmt":"2023-09-17T10:35:50","slug":"indonesien","status":"publish","type":"page","link":"https:\/\/www.kenial.de\/de\/kenial\/indonesien\/","title":{"rendered":"Indonesien"},"content":{"rendered":"Dome und seine Freunde sind auf der Insel Bali in Indonesien unterwegs, um zu surfen, das Meer und die Landschaft zu genie\u00dfen. Na\u00fcrlich sind sie Teil eines kenialken Projekts und besuchen die Organisation <a href=\"http:\/\/www.balilife.org\" rel=\"noopener\" target=\"_blank\">http:\/\/www.balilife.org<\/a><br \/>\nDas Kinderheim ist zu Hause f\u00fcr fast 50 Kinder. Sie nehmen verwaiste, verlassene oder versto\u00dfene Kinder auf, um ihnen Hoffnung, W\u00fcrde zu geben. Die Kids werden rundum betreut und gehen zur Schule. Die 5 Youngster aus Deutschland verbringen einen supersch\u00f6nen Tag im Heim, gehen zusammen einkaufen, kochen, kicken, spielen Karten und vieles mehr.<br \/>\nZur kenialen Unterst\u00fctzung gehen die Reisenden mit den Kids und deren Betreuern einkaufen. Gebraucht werden ganz bestimmte Sandalen f\u00fcr die traditionelle Schulkleidung. Also rein in den Bus und los geht&#8217;s zum Shoppen. Mit im Gep\u00e4ck haben die 5 einen kenialen Laptop f\u00fcr das Heim.<\/p>\n<div class=\"oneThird\"><img loading=\"lazy\" decoding=\"async\" class=\"alignnone wp-image-5770 size-full\" src=\"https:\/\/www.kenial.de\/wp-content\/uploads\/2023\/09\/kids_bali_2023_kl.jpg\" width=\"200\" height=\"147\" \/><br \/>\nDie Kinder. 46 Jungen und M\u00e4dchen. Es sind Waisen, verlassene und versto\u00dfene Kinder, die hier ein neues zu Hause gefunden haben. <\/p>\n<\/div>\n<div class=\"oneThird\"><img loading=\"lazy\" decoding=\"async\" class=\"alignnone wp-image-5778 size-full\" src=\"https:\/\/www.kenial.de\/wp-content\/uploads\/2023\/09\/travellers_bali-2023_kl.jpg\" alt=\"\" width=\"200\" height=\"147\" \/><br \/>\nDie Reisenden. Dominik ist mit seinen Freunden unterwegs. Manche gerade mit der Schule fertig, andere haben Semesterferien. Zeit zum Surfen, Str\u00e4nde erkunden und einfach Neues entdecken. <\/p>\n<\/div>\n<div class=\"oneThird last\"><img loading=\"lazy\" decoding=\"async\" src=\"https:\/\/www.kenial.de\/wp-content\/uploads\/2023\/09\/sandals_bali_2023_kl.jpg\" alt=\"\" width=\"200\" height=\"147\" class=\"alignnone size-full wp-image-9019\" \/><br \/>\nMit im Gep\u00e4ck haben die reisenden einen Laptop. der Rest wird vor Ort gekauft. Gebraucht werden n\u00e4mlich die richtigen Schuhe zur traditionellen Schulkleidung vom \u00f6rtlichen Schuhgesch\u00e4ft. Also los. Und dann gibt es noch einen Einkauf f\u00fcr ein gutes Essen f\u00fcr alle.<\/p>\n<\/div><div class=\"clear\"><\/div>\n<div style=\"width: 848px;\" class=\"wp-video\"><!--[if lt IE 9]><script>document.createElement('video');<\/script><![endif]-->\n<video class=\"wp-video-shortcode\" id=\"video-9031-1\" width=\"848\" height=\"480\" preload=\"metadata\" controls=\"controls\"><source type=\"video\/mp4\" src=\"https:\/\/www.kenial.de\/wp-content\/uploads\/2023\/09\/Sequenz-01.mp4?_=1\" \/><a href=\"https:\/\/www.kenial.de\/wp-content\/uploads\/2023\/09\/Sequenz-01.mp4\">https:\/\/www.kenial.de\/wp-content\/uploads\/2023\/09\/Sequenz-01.mp4<\/a><\/video><\/div>","protected":false},"excerpt":{"rendered":"<p>Dome und seine Freunde sind auf der Insel Bali in Indonesien unterwegs, um zu surfen, das Meer und die Landschaft zu genie\u00dfen. Na\u00fcrlich sind sie Teil eines kenialken Projekts und besuchen die Organisation http:\/\/www.balilife.org Das Kinderheim ist zu Hause f\u00fcr fast 50 Kinder. Sie nehmen verwaiste, verlassene oder versto\u00dfene Kinder auf, um ihnen Hoffnung, W\u00fcrde&hellip;<\/p>\n","protected":false},"author":1,"featured_media":9022,"parent":486,"menu_order":0,"comment_status":"closed","ping_status":"closed","template":"","meta":{"footnotes":""},"class_list":["post-9031","page","type-page","status-publish","has-post-thumbnail","hentry"],"_links":{"self":[{"href":"https:\/\/www.kenial.de\/de\/wp-json\/wp\/v2\/pages\/9031","targetHints":{"allow":["GET"]}}],"collection":[{"href":"https:\/\/www.kenial.de\/de\/wp-json\/wp\/v2\/pages"}],"about":[{"href":"https:\/\/www.kenial.de\/de\/wp-json\/wp\/v2\/types\/page"}],"author":[{"embeddable":true,"href":"https:\/\/www.kenial.de\/de\/wp-json\/wp\/v2\/users\/1"}],"replies":[{"embeddable":true,"href":"https:\/\/www.kenial.de\/de\/wp-json\/wp\/v2\/comments?post=9031"}],"version-history":[{"count":6,"href":"https:\/\/www.kenial.de\/de\/wp-json\/wp\/v2\/pages\/9031\/revisions"}],"predecessor-version":[{"id":9051,"href":"https:\/\/www.kenial.de\/de\/wp-json\/wp\/v2\/pages\/9031\/revisions\/9051"}],"up":[{"embeddable":true,"href":"https:\/\/www.kenial.de\/de\/wp-json\/wp\/v2\/pages\/486"}],"wp:featuredmedia":[{"embeddable":true,"href":"https:\/\/www.kenial.de\/de\/wp-json\/wp\/v2\/media\/9022"}],"wp:attachment":[{"href":"https:\/\/www.kenial.de\/de\/wp-json\/wp\/v2\/media?parent=9031"}],"curies":[{"name":"wp","href":"https:\/\/api.w.org\/{rel}","templated":true}]}}