{"id":8959,"date":"2023-09-14T16:55:48","date_gmt":"2023-09-14T14:55:48","guid":{"rendered":"https:\/\/www.kenial.de\/de\/?page_id=8959"},"modified":"2026-01-13T15:46:31","modified_gmt":"2026-01-13T14:46:31","slug":"kinderbewaarhuis-ein-kinderheim","status":"publish","type":"page","link":"https:\/\/www.kenial.de\/de\/kenial\/namibia\/kinderbewaarhuis-ein-kinderheim\/","title":{"rendered":"Kinderbewaarhuis, ein Kinderheim"},"content":{"rendered":"<a href=\"https:\/\/www.kenial.de\/de\/kenial\/namibia\/windhoek-riverheights\/\">Windhoek Riverheights<\/a> \u2022 <a href=\"https:\/\/www.kenial.de\/de\/kenial\/namibia\/windhoek\/\">Windhoek Wadadee<\/a> \u2022 <a href=\"https:\/\/www.kenial.de\/de\/kenial\/namibia\/kaokoveld\/\">Kaokoveld<\/a> \u2022 <a href=\"https:\/\/www.kenial.de\/de\/kenial\/namibia\/outjo\/\">Outjo<\/a> \u2022 Kinderbewaarhuis \u2022 <a href=\"https:\/\/www.kenial.de\/de\/kenial\/namibia\/omuhoro-schule\/\">Omuhoro School<\/a> \u2022 <a href=\"https:\/\/www.kenial.de\/de\/kenial\/namibia\/kidssoupkitchen\/\">Kids Soupkitchen<\/a><\/p>\n<p>In Windhoeks Stadtteil Katatura leben zurzeit etwa 32.000 Einwohner. Katatura ist ein ehemaliges Township, entstand zur Rassentrennung w\u00e4hrend der Apartheid. Viele Kinder und Jugendliche leben in \u00e4rmlichen und sozial vern\u00e4chlassigten Verh\u00e4ltnissen. Justine hat hier ein Kinderheim gegr\u00fcndet, dass vom Verein <a href=\"http:\/\/www.childrens-home-namibia.de\" rel=\"noopener\" target=\"_blank\">www.childrens-home-namibia.de<\/a> unterst\u00fctzt wird.<\/p>\n<p><a href=\"https:\/\/www.kenial.de\/de\/kenial\/namibia\/kinderbewaarhuis-ein-kinderheim\/galerie-kinderbewaarhuis\/\"><span class=\"dropcap circle\">G<\/span>Galerie Kinderbewaarhuis<\/a><\/p>\n<p>&nbsp;<\/p>\n<div class=\"oneThird\"><img loading=\"lazy\" decoding=\"async\" class=\"alignnone wp-image-8110 size-full\" src=\"https:\/\/www.kenial.de\/wp-content\/uploads\/2023\/09\/kids_kinderbewaarhuis2023.jpg\" alt=\"\" width=\"200\" height=\"147\" \/><br \/>\nDas Heim ist eine private Initiative. Hier und auf der dazugeh\u00f6rigen Farm leben 45 Kinder, von 2 Jahren bis zu den jungen Erwachsenen, die studieren oder in einer Ausbildung sind. Justine leitet das Heim zusammen mit zwei weiteren Frauen. Wir staunen \u00fcber die guten Schulabschl\u00fcsse und die weitere Ausbildung.<\/p>\n<\/div>\n<div class=\"oneThird\"><img loading=\"lazy\" decoding=\"async\" class=\"alignnone wp-image-7945 size-full\" src=\"https:\/\/www.kenial.de\/wp-content\/uploads\/2023\/09\/reisende_kinderbewaarhuis2023.jpg\" alt=\"\" width=\"200\" height=\"147\" \/><br \/>\nOskar, Anke und Henno reisen im September 2023 nach Namibia. Und verbringen einen fr\u00f6hlichen Vormittag im Kinderheim. Begleitet von <a href=\"https:\/\/www.acacianamibia.com\/\" target=\"_blank\" rel=\"noopener\">Acacianamibia<\/a>, die das Heim das ganze Jahr \u00fcber unterst\u00fctzen.<\/p>\n<\/div>\n<div class=\"oneThird last\"><img loading=\"lazy\" decoding=\"async\" class=\"alignnone wp-image-8108 size-full\" src=\"https:\/\/www.kenial.de\/wp-content\/uploads\/2023\/09\/mitimgepaeck_kinderbewaarhuis2023.jpg\" alt=\"\" width=\"200\" height=\"147\" \/><br \/>\nMit im Gep\u00e4ck haben die drei f\u00fcr jedes Kind hochwertige Kleidung. F\u00fcr die Farmkinder zus\u00e4tzlich Rucks\u00e4cke. Und Schue f\u00fcr die kleinen Kids. Danke an Orthovox, Tatonka udn Lowa f\u00fcr die Unterst\u00fctzung.<\/p>\n<\/div><div class=\"clear\"><\/div>\n<div class=\"oneThird\">\n<img loading=\"lazy\" decoding=\"async\" src=\"https:\/\/www.kenial.de\/wp-content\/uploads\/2025\/04\/namibia_kinderbewaarhuis_lena_kl.jpg\" alt=\"\" width=\"200\" height=\"147\" class=\"alignnone size-full wp-image-9957\" \/><br \/>\nLena besucht das Kinderbewaarhuis im April 2025. Und bringt den Kindern neue Schuhe, Stifte und wame Decken.<\/p>\n<\/div>\n<div class=\"oneThird\">\n<img loading=\"lazy\" decoding=\"async\" src=\"https:\/\/www.kenial.de\/wp-content\/uploads\/2025\/04\/namibia_kinderbewaarhuis1_kl.jpg\" alt=\"\" width=\"200\" height=\"147\" class=\"alignnone size-full wp-image-9958\" \/><br \/>\nDanke an Tatonka f\u00fcr die vielen, gro\u00dfartigen Decken, die wir. nun in unseren Projkten verteilen d\u00fcrfen.<\/p>\n<\/div>\n<div class=\"oneThird last\">\n<img loading=\"lazy\" decoding=\"async\" src=\"https:\/\/www.kenial.de\/wp-content\/uploads\/2025\/07\/kinderbewwarhuis6-25_kl.jpg\" alt=\"\" width=\"200\" height=\"147\" class=\"alignnone size-full wp-image-10157\" \/><br \/>\nUnd im Juni gibt es gleich nochmal Besuch, und mit dabei Schuhe, Sandalen und jede Menge Kleidung f\u00fcr die Kinder und Jugendlichen.<\/p>\n<\/div><div class=\"clear\"><\/div>","protected":false},"excerpt":{"rendered":"<p>Windhoek Riverheights \u2022 Windhoek Wadadee \u2022 Kaokoveld \u2022 Outjo \u2022 Kinderbewaarhuis \u2022 Omuhoro School \u2022 Kids Soupkitchen In Windhoeks Stadtteil Katatura leben zurzeit etwa 32.000 Einwohner. Katatura ist ein ehemaliges Township, entstand zur Rassentrennung w\u00e4hrend der Apartheid. Viele Kinder und Jugendliche leben in \u00e4rmlichen und sozial vern\u00e4chlassigten Verh\u00e4ltnissen. Justine hat hier ein Kinderheim gegr\u00fcndet, dass&hellip;<\/p>\n","protected":false},"author":1,"featured_media":9960,"parent":6781,"menu_order":0,"comment_status":"closed","ping_status":"closed","template":"","meta":{"footnotes":""},"class_list":["post-8959","page","type-page","status-publish","has-post-thumbnail","hentry"],"_links":{"self":[{"href":"https:\/\/www.kenial.de\/de\/wp-json\/wp\/v2\/pages\/8959","targetHints":{"allow":["GET"]}}],"collection":[{"href":"https:\/\/www.kenial.de\/de\/wp-json\/wp\/v2\/pages"}],"about":[{"href":"https:\/\/www.kenial.de\/de\/wp-json\/wp\/v2\/types\/page"}],"author":[{"embeddable":true,"href":"https:\/\/www.kenial.de\/de\/wp-json\/wp\/v2\/users\/1"}],"replies":[{"embeddable":true,"href":"https:\/\/www.kenial.de\/de\/wp-json\/wp\/v2\/comments?post=8959"}],"version-history":[{"count":8,"href":"https:\/\/www.kenial.de\/de\/wp-json\/wp\/v2\/pages\/8959\/revisions"}],"predecessor-version":[{"id":10493,"href":"https:\/\/www.kenial.de\/de\/wp-json\/wp\/v2\/pages\/8959\/revisions\/10493"}],"up":[{"embeddable":true,"href":"https:\/\/www.kenial.de\/de\/wp-json\/wp\/v2\/pages\/6781"}],"wp:featuredmedia":[{"embeddable":true,"href":"https:\/\/www.kenial.de\/de\/wp-json\/wp\/v2\/media\/9960"}],"wp:attachment":[{"href":"https:\/\/www.kenial.de\/de\/wp-json\/wp\/v2\/media?parent=8959"}],"curies":[{"name":"wp","href":"https:\/\/api.w.org\/{rel}","templated":true}]}}