{"id":8927,"date":"2023-08-28T17:31:16","date_gmt":"2023-08-28T15:31:16","guid":{"rendered":"https:\/\/www.kenial.de\/de\/?page_id=8927"},"modified":"2023-08-28T17:33:24","modified_gmt":"2023-08-28T15:33:24","slug":"kantipuur","status":"publish","type":"page","link":"https:\/\/www.kenial.de\/de\/kenial\/nepal\/kantipuur\/","title":{"rendered":"Kantipuur"},"content":{"rendered":"In der Kantipuur High School in Kathmandu leben 12 Kinder. Die Kinder haben die M\u00f6glichkeit hier zur Schule zu gehen, und auch zu leben. Durch die schwierigen Verh\u00e4ltnisse, aus denen sie stammen, ist die Schule ihr zu Hause geworden. Und das an jedem Tag.<\/p>\n<div class=\"oneThird\"><img loading=\"lazy\" decoding=\"async\" class=\"alignnone wp-image-5282 size-full\" src=\"https:\/\/www.kenial.de\/wp-content\/uploads\/2023\/08\/nepal_kantipuur_2023_kids_kl.jpg\" alt=\"\" width=\"200\" height=\"147\" \/><br \/>\nDie Kinder sind zu einem gro\u00dfen Teil Geschwister. Viele von ihnen Halbwaisen, manche mit Einschr\u00e4nkungen in der Entwicklung. Sie verbindet eine schwierige Vergangenheit und mit der Schule eine Hoffnung auf Bildung.<\/p>\n<\/div>\n<div class=\"oneThird\"><img loading=\"lazy\" decoding=\"async\" class=\"alignnone wp-image-5286 size-full\" src=\"https:\/\/www.kenial.de\/wp-content\/uploads\/2023\/08\/kids_kantipuur_napal2023_kl.jpg\" alt=\"\" width=\"200\" height=\"147\" \/><br \/>\nDie Kinder sind zwischen 9 und 19 Jahre alt. Sie stammen aus 4 Familien. Geschwister, manchmal mit einem Elternteil, haben ein kleines Haus auf dem Schulgel\u00e4nde.<\/p>\n<\/div>\n<div class=\"oneThird last\"><img loading=\"lazy\" decoding=\"async\" class=\"alignnone wp-image-5287 size-full\" src=\"https:\/\/www.kenial.de\/wp-content\/uploads\/2023\/08\/franz_kantipuur_nepal2023.jpg\" alt=\"\" width=\"200\" height=\"147\" \/><br \/>\nDer Reisende. Franz H\u00f6lzl ist ein Bergf\u00fchrer aus M\u00fcnchen. Und will den Kindern vor Ort helfen. Er f\u00fchrt auf einen den ganz ro\u00dfen Berge, den Manaslu. Wir w\u00fcnschen dir eine sichere Reise und vielen Dank, Franz. <\/div><div class=\"clear\"><\/div>\n<div class=\"oneThird\"><img loading=\"lazy\" decoding=\"async\" class=\"alignnone wp-image-5286 size-full\" src=\"https:\/\/www.kenial.de\/wp-content\/uploads\/2023\/08\/nepal_kantipuur_2023_items_kl.jpg\" alt=\"\" width=\"200\" height=\"147\" \/><br \/>\nFranz verteilt neue Schuhe, Jacken, Hosen, Kulturbeutel und Hemden. Alles verpackt in einem Rucksack. Vielen Dank an Lowa, Tatonka, Ortovox und Sch\u00f6ffel f\u00fcr die Unterst\u00fctzung dieses Projekts.<\/p>\n<\/div>","protected":false},"excerpt":{"rendered":"<p>In der Kantipuur High School in Kathmandu leben 12 Kinder. Die Kinder haben die M\u00f6glichkeit hier zur Schule zu gehen, und auch zu leben. Durch die schwierigen Verh\u00e4ltnisse, aus denen sie stammen, ist die Schule ihr zu Hause geworden. Und das an jedem Tag.<\/p>\n","protected":false},"author":1,"featured_media":8929,"parent":1381,"menu_order":0,"comment_status":"closed","ping_status":"closed","template":"","meta":{"footnotes":""},"class_list":["post-8927","page","type-page","status-publish","has-post-thumbnail","hentry"],"_links":{"self":[{"href":"https:\/\/www.kenial.de\/de\/wp-json\/wp\/v2\/pages\/8927","targetHints":{"allow":["GET"]}}],"collection":[{"href":"https:\/\/www.kenial.de\/de\/wp-json\/wp\/v2\/pages"}],"about":[{"href":"https:\/\/www.kenial.de\/de\/wp-json\/wp\/v2\/types\/page"}],"author":[{"embeddable":true,"href":"https:\/\/www.kenial.de\/de\/wp-json\/wp\/v2\/users\/1"}],"replies":[{"embeddable":true,"href":"https:\/\/www.kenial.de\/de\/wp-json\/wp\/v2\/comments?post=8927"}],"version-history":[{"count":3,"href":"https:\/\/www.kenial.de\/de\/wp-json\/wp\/v2\/pages\/8927\/revisions"}],"predecessor-version":[{"id":8936,"href":"https:\/\/www.kenial.de\/de\/wp-json\/wp\/v2\/pages\/8927\/revisions\/8936"}],"up":[{"embeddable":true,"href":"https:\/\/www.kenial.de\/de\/wp-json\/wp\/v2\/pages\/1381"}],"wp:featuredmedia":[{"embeddable":true,"href":"https:\/\/www.kenial.de\/de\/wp-json\/wp\/v2\/media\/8929"}],"wp:attachment":[{"href":"https:\/\/www.kenial.de\/de\/wp-json\/wp\/v2\/media?parent=8927"}],"curies":[{"name":"wp","href":"https:\/\/api.w.org\/{rel}","templated":true}]}}