{"id":8892,"date":"2023-08-28T12:02:12","date_gmt":"2023-08-28T10:02:12","guid":{"rendered":"https:\/\/www.kenial.de\/de\/?page_id=8892"},"modified":"2024-02-01T10:50:22","modified_gmt":"2024-02-01T09:50:22","slug":"kirgistan-2023","status":"publish","type":"page","link":"https:\/\/www.kenial.de\/de\/kenial\/kirgistan\/kirgistan-2023\/","title":{"rendered":"Kirgistan 2023"},"content":{"rendered":"<p style=\"text-align: center;\"><a href=\"https:\/\/www.kenial.de\/de\/kenial\/kirgistan\/kirgistan-2018\/\">Kirgistan 2018<\/a> \u2022 <a href=\"https:\/\/www.kenial.de\/de\/kenial\/kirgistan\/kirgistan-2020\/\">Kirgistan 2020<\/a> \u2022 <a href=\"https:\/\/www.kenial.de\/de\/kenial\/kirgistan\/kirgistan-2021\/\">Kirgistan 2021<\/a> \u2022 Kirgistan 2023 \u2022 <a href=\"https:\/\/www.kenial.de\/de\/kenial\/kirgistan\/kirgistan-2024\/\">Kirgistan 2024<\/a><\/p>\n<p>Tina startet mit Lukas eine gro\u00dfe Reise durch Zentralasien und weiter Richtung Indien. Ein erster Halt ist in Kirgistan, und dort besuchen sie als keniale Reisende das Kinderheim in Orlovka. Dort leben 25 Kinder ab 5 Jahre. Als die beiden im August eintreffen, sind einige der gro\u00dfen Kids in den Ferien. Aber die j\u00fcngeren sind dort. Tina und Lukas erleben den Alltag vor Ort, spielen, basteln und kaufen Lebensmittel f\u00fcr ein gemeinsames Kochen ein.<\/p>\n<div class=\"oneThird\">\n<img loading=\"lazy\" decoding=\"async\" src=\"https:\/\/www.kenial.de\/wp-content\/uploads\/2023\/08\/kirg2023_kids_kl.jpg\" alt=\"\" width=\"200\" height=\"147\" class=\"alignnone size-full wp-image-8898\" \/><br \/>\nDie Kinder. Hier leben 25 Kinder im Alter von 5 bis 17 Jahren. Auch ein junger Erwachsener wird hier betreut. Im Heim leben Kinder, die Unterst\u00fctzung brauchen. Das sind Waisenkinder, Kinder von Alkoholikern oder aus sehr schwierigen Verh\u00e4ltnissen, unabh\u00e4ngig von ihrer religi\u00f6sen Herkunft. <\/p>\n<\/div>\n<div class=\"oneThird\"><img loading=\"lazy\" decoding=\"async\" src=\"https:\/\/www.kenial.de\/wp-content\/uploads\/2023\/08\/kirg2023_reisende_kl.jpg\" alt=\"\" width=\"200\" height=\"147\" class=\"alignnone size-full wp-image-8899\" \/><br \/>\nDie Reisenden. Tina und Lukas starten hier zu einer langen Reise ins Sabbatjahr. Wir hoffen, dass die beiden auf ihrem Weg noch einige Stationen in Kenia besuchen werden. Im Kinderheim sind beide voll in das Geschehen eingetaucht.<\/p>\n<\/div>\n<div class=\"oneThird last\"><img loading=\"lazy\" decoding=\"async\" class=\"alignnone wp-image-6059 size-full\" src=\"https:\/\/www.kenial.de\/wp-content\/uploads\/2020\/01\/misha_kirg.jpg\" alt=\"\" width=\"200\" height=\"140\" \/><br \/>\nKontakt vor Ort. Wie immer ist Misha Danishkin, selbst Bergf\u00fchrer und erster Winterbesteiger aller 7000er in der ehemaligen Sowjetunion, f\u00fcr die gesamte Organisation vor Ort verantwortlich. Er h\u00e4lt den Kontakt zu den Unterk\u00fcnften und deren Leitung.<\/p>\n<\/div><div class=\"clear\"><\/div>\n<div class=\"oneThird\"><img loading=\"lazy\" decoding=\"async\" src=\"https:\/\/www.kenial.de\/wp-content\/uploads\/2023\/08\/kirg_2023_items_kl.jpg\" alt=\"\" width=\"200\" height=\"147\" class=\"alignnone size-full wp-image-8900\" \/><br \/>\n\u00dcbergabe. Mit im Gep\u00e4ck haben die beiden Jacken, Schuhe, Shirts, Hosen, Schuhe und Buffs. Danke an LOWA, Ortovox, Susanne Singer, Luis uvm. die dieses Projekt unterst\u00fctzt haben.<br \/>\n<\/div>\n<div class=\"oneThird\">\n<a href=\"https:\/\/www.kenial.de\/de\/kenial\/kirgistan\/kirgistan-2023\/galerie-kirgistan-2023\/\"><span class=\"dropcap circle\">G<\/span>Galerie 2023<\/a><\/p>\n<p>&nbsp;<br \/>\n<\/div>","protected":false},"excerpt":{"rendered":"<p>Kirgistan 2018 \u2022 Kirgistan 2020 \u2022 Kirgistan 2021 \u2022 Kirgistan 2023 \u2022 Kirgistan 2024 Tina startet mit Lukas eine gro\u00dfe Reise durch Zentralasien und weiter Richtung Indien. Ein erster Halt ist in Kirgistan, und dort besuchen sie als keniale Reisende das Kinderheim in Orlovka. Dort leben 25 Kinder ab 5 Jahre. Als die beiden im&hellip;<\/p>\n","protected":false},"author":1,"featured_media":8897,"parent":4128,"menu_order":0,"comment_status":"closed","ping_status":"closed","template":"","meta":{"footnotes":""},"class_list":["post-8892","page","type-page","status-publish","has-post-thumbnail","hentry"],"_links":{"self":[{"href":"https:\/\/www.kenial.de\/de\/wp-json\/wp\/v2\/pages\/8892","targetHints":{"allow":["GET"]}}],"collection":[{"href":"https:\/\/www.kenial.de\/de\/wp-json\/wp\/v2\/pages"}],"about":[{"href":"https:\/\/www.kenial.de\/de\/wp-json\/wp\/v2\/types\/page"}],"author":[{"embeddable":true,"href":"https:\/\/www.kenial.de\/de\/wp-json\/wp\/v2\/users\/1"}],"replies":[{"embeddable":true,"href":"https:\/\/www.kenial.de\/de\/wp-json\/wp\/v2\/comments?post=8892"}],"version-history":[{"count":10,"href":"https:\/\/www.kenial.de\/de\/wp-json\/wp\/v2\/pages\/8892\/revisions"}],"predecessor-version":[{"id":9331,"href":"https:\/\/www.kenial.de\/de\/wp-json\/wp\/v2\/pages\/8892\/revisions\/9331"}],"up":[{"embeddable":true,"href":"https:\/\/www.kenial.de\/de\/wp-json\/wp\/v2\/pages\/4128"}],"wp:featuredmedia":[{"embeddable":true,"href":"https:\/\/www.kenial.de\/de\/wp-json\/wp\/v2\/media\/8897"}],"wp:attachment":[{"href":"https:\/\/www.kenial.de\/de\/wp-json\/wp\/v2\/media?parent=8892"}],"curies":[{"name":"wp","href":"https:\/\/api.w.org\/{rel}","templated":true}]}}