{"id":8775,"date":"2023-05-12T09:23:18","date_gmt":"2023-05-12T07:23:18","guid":{"rendered":"https:\/\/www.kenial.de\/de\/?page_id=8775"},"modified":"2025-04-10T12:02:50","modified_gmt":"2025-04-10T10:02:50","slug":"kolumbien","status":"publish","type":"page","link":"https:\/\/www.kenial.de\/de\/kenial\/kolumbien\/","title":{"rendered":"Kolumbien"},"content":{"rendered":"Dank Franzi, die schon viele Monate in Kolumbien verbracht hat, haben wir zwei Projekte im Lan. Einmal die Waldorfinitiative CES im Stadtteil Ciudad Bol\u00edvar in Bogot\u00e1. Kinder aus \u00e4rmsten Verh\u00e4ltnissen in einem Viertel, dass durch Gewalt gepr\u00e4gt ist, finden hier einen ruhigen Platz zur Aus- und Weiterbildung. In Medellin unterst\u00fctzen wir die Projekte der gemeinn\u00fctzigen Organisation Picachito Arts, die sich f\u00fcr eine gewaltfreie Entwicklung der Kinder und deren k\u00f6rperliche und geistige Gesundheit einsetzt. <\/p>\n<p>&nbsp;<\/p>\n<div class=\"oneThird\"><img loading=\"lazy\" decoding=\"async\" class=\"alignnone size-full wp-image-1174\" src=\"https:\/\/www.kenial.de\/wp-content\/uploads\/2023\/05\/bogota_madl_kl.jpg\" alt=\"\" width=\"200\" height=\"147\"  \/><br \/>\nCES Waldorf. Wir beginnen mit den 60 Kindergartenkindern, unterst\u00fctzen sp\u00e4ter die Schulkinder und auch die M\u00fcter und Frauen im Viertel. Die CES Waldorf betreut \u00fcber 3500 Familien. Neben Schulbildung und Ausbildung der Kinder gelingt es, mit Musik, Tanz und der Vermittlung von gemeinsamen Erlebnissen eine friedvolle Umgebung zu schaffen.<br \/>\n<br \/><a href=\"https:\/\/www.kenial.de\/de\/kenial\/kolumbien\/bogota\/\">Projekt Bogota<\/a><\/p>\n<\/div>\n<div class=\"oneThird\">\n<img loading=\"lazy\" decoding=\"async\" src=\"https:\/\/www.kenial.de\/wp-content\/uploads\/2025\/04\/kolumbien.medellin4-25.jpg\" alt=\"Medellin\" width=\"200\" height=\"147\" class=\"alignnone size-full wp-image-9923\" \/><br \/>\nPicachito Arts. Die Initiative spricht kinder und Jugendliche und junge Erwachsene in Medellin an, vermittelt durch Kunst- und Musikprojekte, Sport- und Kulturveranstaltungen ein zusammen leben weit ab von Gewalt und Armut.<br \/>\n<br \/><a href=\"https:\/\/www.kenial.de\/de\/kenial\/kolumbien\/medellin\/\">Projekt Medellin<\/a><\/p>\n<\/div>","protected":false},"excerpt":{"rendered":"<p>Dank Franzi, die schon viele Monate in Kolumbien verbracht hat, haben wir zwei Projekte im Lan. Einmal die Waldorfinitiative CES im Stadtteil Ciudad Bol\u00edvar in Bogot\u00e1. Kinder aus \u00e4rmsten Verh\u00e4ltnissen in einem Viertel, dass durch Gewalt gepr\u00e4gt ist, finden hier einen ruhigen Platz zur Aus- und Weiterbildung. In Medellin unterst\u00fctzen wir die Projekte der gemeinn\u00fctzigen&hellip;<\/p>\n","protected":false},"author":1,"featured_media":9355,"parent":486,"menu_order":0,"comment_status":"closed","ping_status":"closed","template":"","meta":{"footnotes":""},"class_list":["post-8775","page","type-page","status-publish","has-post-thumbnail","hentry"],"_links":{"self":[{"href":"https:\/\/www.kenial.de\/de\/wp-json\/wp\/v2\/pages\/8775","targetHints":{"allow":["GET"]}}],"collection":[{"href":"https:\/\/www.kenial.de\/de\/wp-json\/wp\/v2\/pages"}],"about":[{"href":"https:\/\/www.kenial.de\/de\/wp-json\/wp\/v2\/types\/page"}],"author":[{"embeddable":true,"href":"https:\/\/www.kenial.de\/de\/wp-json\/wp\/v2\/users\/1"}],"replies":[{"embeddable":true,"href":"https:\/\/www.kenial.de\/de\/wp-json\/wp\/v2\/comments?post=8775"}],"version-history":[{"count":21,"href":"https:\/\/www.kenial.de\/de\/wp-json\/wp\/v2\/pages\/8775\/revisions"}],"predecessor-version":[{"id":9943,"href":"https:\/\/www.kenial.de\/de\/wp-json\/wp\/v2\/pages\/8775\/revisions\/9943"}],"up":[{"embeddable":true,"href":"https:\/\/www.kenial.de\/de\/wp-json\/wp\/v2\/pages\/486"}],"wp:featuredmedia":[{"embeddable":true,"href":"https:\/\/www.kenial.de\/de\/wp-json\/wp\/v2\/media\/9355"}],"wp:attachment":[{"href":"https:\/\/www.kenial.de\/de\/wp-json\/wp\/v2\/media?parent=8775"}],"curies":[{"name":"wp","href":"https:\/\/api.w.org\/{rel}","templated":true}]}}