{"id":8752,"date":"2023-05-02T08:50:56","date_gmt":"2023-05-02T06:50:56","guid":{"rendered":"https:\/\/www.kenial.de\/de\/?page_id=8752"},"modified":"2023-08-28T17:09:10","modified_gmt":"2023-08-28T15:09:10","slug":"new-kopila-2023","status":"publish","type":"page","link":"https:\/\/www.kenial.de\/de\/kenial\/nepal\/new-kopila-home\/new-kopila-2023\/","title":{"rendered":"New Kopila 2023"},"content":{"rendered":"Katharina und ihre Freundinnen starten im April nach Nepal und m\u00f6chten das Everest Basecamp erreichen. Doch bevor sie in den Flieger nach Lukla steigen, besuchen sie in Kathmandu das New Kopila Home. Und nat\u00fcrlich bringen sie den Kindern und Jugendlichen etwas mit. Im Gep\u00e4ck haben sie fest Schuhe f\u00fcr die Kinder, Shirts, Hemden und Pullover f\u00fcr jedes Kind und einen Laptop f\u00fcr Bhadra, die am College Computer Science studiert. Ein gro\u00dfes Dankesch\u00f6n an LOWA und Ortovox. <\/p>\n<div class=\"oneThird\"><img loading=\"lazy\" decoding=\"async\" class=\"alignnone wp-image-8042 size-full\" src=\"https:\/\/www.kenial.de\/wp-content\/uploads\/2023\/05\/nepal_423_kl.jpg\" alt=\"\" width=\"200\" height=\"147\" class=\"alignnone size-full wp-image-8744\" \/><br \/>\nKids. Alle sind gesund und munter. Die n\u00e4chsten drei Jugendlichen sollen bald das College besuchen, drei werden bereits fertig mit der Ausbildung.<\/p>\n<\/div>\n<div class=\"oneThird\"><img loading=\"lazy\" decoding=\"async\" class=\"alignnone wp-image-8044 size-full\" src=\"https:\/\/www.kenial.de\/wp-content\/uploads\/2023\/05\/nepal_423_gepaeck_kl.jpg\" alt=\"\" width=\"200\" height=\"147\" \/><br \/>\nSupersch\u00f6ne, warme Hemden, leichte Tshirts, feste Schuhe in coolen Farben  und Pullover f\u00fcr alle.<\/p>\n<\/div>\n<div class=\"oneThird last\"><img loading=\"lazy\" decoding=\"async\" class=\"alignnone wp-image-8040 size-full\" src=\"https:\/\/www.kenial.de\/wp-content\/uploads\/2023\/05\/nepal_423_maedesl_kl.jpg\" alt=\"\" width=\"200\" height=\"147\"\/><br \/>\nWeiter geht&#8217;s f\u00fcr die drei jungen Frauen in Richtung Everest. Vielen Dank f\u00fcr eure Untzerst\u00fctzung und eine gute Reise.<\/p>\n<\/div><div class=\"clear\"><\/div>","protected":false},"excerpt":{"rendered":"<p>Katharina und ihre Freundinnen starten im April nach Nepal und m\u00f6chten das Everest Basecamp erreichen. Doch bevor sie in den Flieger nach Lukla steigen, besuchen sie in Kathmandu das New Kopila Home. Und nat\u00fcrlich bringen sie den Kindern und Jugendlichen etwas mit. Im Gep\u00e4ck haben sie fest Schuhe f\u00fcr die Kinder, Shirts, Hemden und Pullover&hellip;<\/p>\n","protected":false},"author":1,"featured_media":8734,"parent":8308,"menu_order":0,"comment_status":"closed","ping_status":"closed","template":"","meta":{"footnotes":""},"class_list":["post-8752","page","type-page","status-publish","has-post-thumbnail","hentry"],"_links":{"self":[{"href":"https:\/\/www.kenial.de\/de\/wp-json\/wp\/v2\/pages\/8752","targetHints":{"allow":["GET"]}}],"collection":[{"href":"https:\/\/www.kenial.de\/de\/wp-json\/wp\/v2\/pages"}],"about":[{"href":"https:\/\/www.kenial.de\/de\/wp-json\/wp\/v2\/types\/page"}],"author":[{"embeddable":true,"href":"https:\/\/www.kenial.de\/de\/wp-json\/wp\/v2\/users\/1"}],"replies":[{"embeddable":true,"href":"https:\/\/www.kenial.de\/de\/wp-json\/wp\/v2\/comments?post=8752"}],"version-history":[{"count":1,"href":"https:\/\/www.kenial.de\/de\/wp-json\/wp\/v2\/pages\/8752\/revisions"}],"predecessor-version":[{"id":8756,"href":"https:\/\/www.kenial.de\/de\/wp-json\/wp\/v2\/pages\/8752\/revisions\/8756"}],"up":[{"embeddable":true,"href":"https:\/\/www.kenial.de\/de\/wp-json\/wp\/v2\/pages\/8308"}],"wp:featuredmedia":[{"embeddable":true,"href":"https:\/\/www.kenial.de\/de\/wp-json\/wp\/v2\/media\/8734"}],"wp:attachment":[{"href":"https:\/\/www.kenial.de\/de\/wp-json\/wp\/v2\/media?parent=8752"}],"curies":[{"name":"wp","href":"https:\/\/api.w.org\/{rel}","templated":true}]}}