{"id":8534,"date":"2023-01-11T15:41:27","date_gmt":"2023-01-11T14:41:27","guid":{"rendered":"https:\/\/www.kenial.de\/de\/?page_id=8534"},"modified":"2025-07-24T10:15:39","modified_gmt":"2025-07-24T08:15:39","slug":"kenia-2023","status":"publish","type":"page","link":"https:\/\/www.kenial.de\/de\/kenial\/kenia\/kenia-2023\/","title":{"rendered":"Kenia 2023"},"content":{"rendered":"<a href=\"https:\/\/www.kenial.de\/de\/kenial\/kenia\/kenia-2015\/\">Kenia 2015<\/a> \u2022 <a href=\"https:\/\/www.kenial.de\/de\/kenial\/kenia\/kenia-2016\/\">Kenia 2016<\/a> \u2022 <a href=\"https:\/\/www.kenial.de\/de\/kenial\/kenia\/kenia-2017\/\">Kenia 2017<\/a> \u2022 <a href=\"https:\/\/www.kenial.de\/de\/kenial\/kenia\/kenia-2019\/\">Kenia 2019<\/a> \u2022 <a href=\"https:\/\/www.kenial.de\/de\/kenial\/kenia\/kenia-2020\/\">Kenia 2020<\/a> \u2022 <a href=\"https:\/\/www.kenial.de\/de\/kenial\/kenia\/kenia-2021\/\">Kenia 2021<\/a> \u2022 <a href=\"https:\/\/www.kenial.de\/de\/kenial\/kenia\/kenia-2022\/\">Kenia 2022<\/a> \u2022 Kenia 2023 \u2022 <a href=\"https:\/\/www.kenial.de\/de\/kenial\/kenia\/kenia-2024\/\">Kenia 2024<\/a> \u2022 <a href=\"https:\/\/www.kenial.de\/de\/kenial\/kenia\/kenia-2025\/\">Kenia 2025<\/a><\/p>\n<p>Wieder ist Esther auf dem Weg von Deutschland nach Kenia. Im Fr\u00fchjahr 2023 sogar gleich zweimal. Mit im Gep\u00e4ck Sachen f\u00fcr 85 Kinder. Darunter Schuhe, Jacken, Pullover, Tshirts und Hemden. Alle Kinder treffen sich im Januar zur \u00dcbergabe und um ein wenig gemeinsam zu feiern.<\/p>\n<div class=\"oneThird\"><img loading=\"lazy\" decoding=\"async\" class=\"alignnone wp-image-8536 size-full\" src=\"https:\/\/www.kenial.de\/wp-content\/uploads\/2023\/01\/ken123_kl1.jpg\" alt=\"kenya\" width=\"200\" height=\"145\" \/><br \/>\nAlle Altersgruppen kommen zusammen und probieren Schuhe und Pullover an. Und nat\u00fcrlich iust f\u00fcr jeden etwas dabei.<\/p>\n<\/div>\n<div class=\"oneThird\"><img loading=\"lazy\" decoding=\"async\" class=\"alignnone wp-image-8537 size-full\" src=\"https:\/\/www.kenial.de\/wp-content\/uploads\/2023\/01\/kenia123_kl2.jpg\" alt=\"kenya\" width=\"200\" height=\"145\" \/><br \/>\nDie warmen Jacken und Westen gibt es in allen m\u00f6glichen Farben. Danke an den DAV, LOWA und Sch\u00f6ffel, die dieses Projekt unterst\u00fctzt haben.<\/p>\n<\/div>\n<div class=\"oneThird last\"><img loading=\"lazy\" decoding=\"async\" class=\"alignnone wp-image-8537 size-full\" src=\"https:\/\/www.kenial.de\/wp-content\/uploads\/2023\/04\/kenya_032023_3_kl.jpg\" alt=\"kenya\" width=\"200\" height=\"145\" \/><br \/>\nIm M\u00e4rz kommen neue Kinder hinzu, und sie bekommen neue Kleidung, werden medizinisch versorgt und gehen in die Schule.<\/p>\n<\/div><div class=\"clear\"><\/div>","protected":false},"excerpt":{"rendered":"<p>Kenia 2015 \u2022 Kenia 2016 \u2022 Kenia 2017 \u2022 Kenia 2019 \u2022 Kenia 2020 \u2022 Kenia 2021 \u2022 Kenia 2022 \u2022 Kenia 2023 \u2022 Kenia 2024 \u2022 Kenia 2025 Wieder ist Esther auf dem Weg von Deutschland nach Kenia. Im Fr\u00fchjahr 2023 sogar gleich zweimal. Mit im Gep\u00e4ck Sachen f\u00fcr 85 Kinder. Darunter Schuhe, Jacken,&hellip;<\/p>\n","protected":false},"author":1,"featured_media":8720,"parent":606,"menu_order":0,"comment_status":"closed","ping_status":"closed","template":"","meta":{"footnotes":""},"class_list":["post-8534","page","type-page","status-publish","has-post-thumbnail","hentry"],"_links":{"self":[{"href":"https:\/\/www.kenial.de\/de\/wp-json\/wp\/v2\/pages\/8534","targetHints":{"allow":["GET"]}}],"collection":[{"href":"https:\/\/www.kenial.de\/de\/wp-json\/wp\/v2\/pages"}],"about":[{"href":"https:\/\/www.kenial.de\/de\/wp-json\/wp\/v2\/types\/page"}],"author":[{"embeddable":true,"href":"https:\/\/www.kenial.de\/de\/wp-json\/wp\/v2\/users\/1"}],"replies":[{"embeddable":true,"href":"https:\/\/www.kenial.de\/de\/wp-json\/wp\/v2\/comments?post=8534"}],"version-history":[{"count":6,"href":"https:\/\/www.kenial.de\/de\/wp-json\/wp\/v2\/pages\/8534\/revisions"}],"predecessor-version":[{"id":10136,"href":"https:\/\/www.kenial.de\/de\/wp-json\/wp\/v2\/pages\/8534\/revisions\/10136"}],"up":[{"embeddable":true,"href":"https:\/\/www.kenial.de\/de\/wp-json\/wp\/v2\/pages\/606"}],"wp:featuredmedia":[{"embeddable":true,"href":"https:\/\/www.kenial.de\/de\/wp-json\/wp\/v2\/media\/8720"}],"wp:attachment":[{"href":"https:\/\/www.kenial.de\/de\/wp-json\/wp\/v2\/media?parent=8534"}],"curies":[{"name":"wp","href":"https:\/\/api.w.org\/{rel}","templated":true}]}}