{"id":8332,"date":"2022-09-05T18:06:30","date_gmt":"2022-09-05T16:06:30","guid":{"rendered":"https:\/\/www.kenial.de\/de\/?page_id=8332"},"modified":"2022-09-05T18:36:12","modified_gmt":"2022-09-05T16:36:12","slug":"ktm-2019","status":"publish","type":"page","link":"https:\/\/www.kenial.de\/de\/kenial\/nepal\/kinderheim-ktm\/ktm-2019\/","title":{"rendered":"KTM 2019"},"content":{"rendered":"Wilma und Anke auf dem Weg zum Mardi Himal.\u00a0Vorher aber geht es in das erste Kinderheim. Gebraucht werden Laptops und neue Tische und B\u00e4nke. Die lassen wir ganz kenial vor Ort schreinern und holen selber ab. Die Kinder sind in einem neuen Haus untergebracht und es ist ganz sch\u00f6n viel zu tun vor Ort. Einige Wochen sp\u00e4ter erleidet die Heimleitung einen Herzinfarkt. Das Heim wird von der Stadt aufgel\u00f6st, die Kinder werden an andere Heime verteilt.<\/p>\n<div class=\"oneThird\"><img loading=\"lazy\" decoding=\"async\" class=\"alignnone wp-image-5284 size-full\" src=\"https:\/\/www.kenial.de\/wp-content\/uploads\/2019\/05\/aishw_nep2019.jpg\" alt=\"\" width=\"200\" height=\"145\" \/><br \/>\nKids. Das Heim liegt mitten in der Stadt. Eine fr\u00f6hliches zu Hause f\u00fcr 50 Kinder. Der Schulbesuch kostet Geld, dennoch k\u00f6nnen alle zur Schule gehen.<\/p>\n<\/div>\n<div class=\"oneThird\"><img loading=\"lazy\" decoding=\"async\" class=\"alignnone wp-image-5283 size-full\" src=\"https:\/\/www.kenial.de\/wp-content\/uploads\/2019\/05\/tische_nep2019.jpg\" alt=\"\" width=\"200\" height=\"145\" \/><br \/>\nDringend gebraucht werden Tische und B\u00e4nke. Und die haben wir ganz kenial in Kathmandu schreinern lassen. Jetzt hei\u00dft es abholen und aufstellen lassen.<br \/>\nDas neue Heim ist noch nicht ganz eingerichtet.<br \/>\n<\/div>\n<div class=\"oneThird last\"><img loading=\"lazy\" decoding=\"async\" class=\"alignnone wp-image-5285 size-full\" src=\"https:\/\/www.kenial.de\/wp-content\/uploads\/2019\/05\/laptop_nep2019.jpg\" alt=\"\" width=\"200\" height=\"145\" \/><br \/>\nDas \u00e4lteste M\u00e4dchen besucht ein College &#8211; wir sind froh, zwei Laptops bringen zu k\u00f6nnen. Einen f\u00fcr sie, einen f\u00fcr das Heim.<\/p>\n<\/div><div class=\"clear\"><\/div>","protected":false},"excerpt":{"rendered":"<p>Wilma und Anke auf dem Weg zum Mardi Himal.\u00a0Vorher aber geht es in das erste Kinderheim. Gebraucht werden Laptops und neue Tische und B\u00e4nke. Die lassen wir ganz kenial vor Ort schreinern und holen selber ab. Die Kinder sind in einem neuen Haus untergebracht und es ist ganz sch\u00f6n viel zu tun vor Ort. Einige&hellip;<\/p>\n","protected":false},"author":1,"featured_media":8333,"parent":8323,"menu_order":0,"comment_status":"closed","ping_status":"closed","template":"","meta":{"footnotes":""},"class_list":["post-8332","page","type-page","status-publish","has-post-thumbnail","hentry"],"_links":{"self":[{"href":"https:\/\/www.kenial.de\/de\/wp-json\/wp\/v2\/pages\/8332","targetHints":{"allow":["GET"]}}],"collection":[{"href":"https:\/\/www.kenial.de\/de\/wp-json\/wp\/v2\/pages"}],"about":[{"href":"https:\/\/www.kenial.de\/de\/wp-json\/wp\/v2\/types\/page"}],"author":[{"embeddable":true,"href":"https:\/\/www.kenial.de\/de\/wp-json\/wp\/v2\/users\/1"}],"replies":[{"embeddable":true,"href":"https:\/\/www.kenial.de\/de\/wp-json\/wp\/v2\/comments?post=8332"}],"version-history":[{"count":2,"href":"https:\/\/www.kenial.de\/de\/wp-json\/wp\/v2\/pages\/8332\/revisions"}],"predecessor-version":[{"id":8368,"href":"https:\/\/www.kenial.de\/de\/wp-json\/wp\/v2\/pages\/8332\/revisions\/8368"}],"up":[{"embeddable":true,"href":"https:\/\/www.kenial.de\/de\/wp-json\/wp\/v2\/pages\/8323"}],"wp:featuredmedia":[{"embeddable":true,"href":"https:\/\/www.kenial.de\/de\/wp-json\/wp\/v2\/media\/8333"}],"wp:attachment":[{"href":"https:\/\/www.kenial.de\/de\/wp-json\/wp\/v2\/media?parent=8332"}],"curies":[{"name":"wp","href":"https:\/\/api.w.org\/{rel}","templated":true}]}}