{"id":8326,"date":"2022-09-05T17:04:40","date_gmt":"2022-09-05T15:04:40","guid":{"rendered":"https:\/\/www.kenial.de\/de\/?page_id=8326"},"modified":"2022-09-05T18:27:14","modified_gmt":"2022-09-05T16:27:14","slug":"ktm-2017","status":"publish","type":"page","link":"https:\/\/www.kenial.de\/de\/kenial\/nepal\/kinderheim-ktm\/ktm-2017\/","title":{"rendered":"KTM 2017"},"content":{"rendered":"Ein weiterer Besuch im Kinderheim. Auf der Reise nach Bhutan ein kurzer Zwischenstopp in Kathmandu. Die KInder brauchen Taschen f\u00fcr die Schulsachen und Kleidung. Die Freude ist riesengro\u00df. Alle warten und es wird ein zauberhafter Tag. Die Kinder sind sehr aufgeregt und munter. Die Atmosph\u00e4re ist total entspannt. Und obschon die 50 die ganze Zeit zusammen herumwuseln, streiten sie nicht. Sind sehr aufgeweckt und k\u00fcmmern sich r\u00fchrend um die Kleinsten. Aufgaben sind klar verteilt. der Tag l\u00e4uft, trotz des fremden Besuches, ab wie ein Uhrwerk. Und es bleibt immer noch Zeit zum Singen und Tanzen, wie die Popstars Nepals&#8230; Am Abend wird klar, dass die Kinder ohne Decken schlafen, teilweise auf Matten auf dem Boden. Eine Decke reicht f\u00fcr 6-8 Kinder. Das wird die n\u00e4chste Aufgabe in Kathmandu, Decken f\u00fcr die Nacht.<\/p>\n<div class=\"oneThird\"><img loading=\"lazy\" decoding=\"async\" class=\"alignnone wp-image-3066 size-full\" src=\"https:\/\/www.kenial.de\/wp-content\/uploads\/2017\/05\/kid_nepal_kl.jpg\" alt=\"\" width=\"200\" height=\"147\" \/><br \/>\nKids. Sie leben mitten in der Stadt. Eine gut gesch\u00fctzte Oase. Der Schulbesuch kostet Geld, dennoch k\u00f6nnen alle zur Schule gehen. Die kleinste ist noch keine zwei Jahre alt, die \u00e4lteste besucht ein College. Das Heim lebt von Spenden.<\/p>\n<\/div>\n<div class=\"oneThird\"><img loading=\"lazy\" decoding=\"async\" class=\"alignnone wp-image-3067 size-full\" src=\"https:\/\/www.kenial.de\/wp-content\/uploads\/2017\/05\/prince.jpg\" alt=\"\" width=\"200\" height=\"147\" \/><br \/>\nDie Heimleitung sucht Sponsoren f\u00fcr einzelne Kinder. Z.B. einen taubstumen Jungen, der Geb\u00e4rdensprache lernen soll. Er ist 13 Jahre alt. \u20ac20 im Monat w\u00fcrden gen\u00fcgen, ihm eine Zukunft zu geben.<\/p>\n<\/div>\n<div class=\"oneThird last\"><img loading=\"lazy\" decoding=\"async\" class=\"alignnone wp-image-3065 size-full\" src=\"https:\/\/www.kenial.de\/wp-content\/uploads\/2017\/05\/klaus_anke_kl.jpg\" alt=\"\" width=\"200\" height=\"147\" \/><br \/>\nAthleten. Klaus und Anke. Diesmal nur auf der Durchreise nach Bhutan. Aber nach Kathmandu kehren wir auf alle F\u00e4lle zur\u00fcck. Um diese Kinder weiter zu unterst\u00fctzen, in einer lebendigen Stadt. <a href=\"https:\/\/www.kenial.de\/de\/kenial\/nepal\/kinderheim-ktm\/ktm-2017\/galerie-2\/\"><span class=\"dropcap circle\">G<\/span>Galerie 2017<\/a><\/p>\n<p>&nbsp;<\/p>\n<\/div><div class=\"clear\"><\/div>\n<div class=\"theParallaxCrestaBlock\"><div class=\"theParallaxCresta fortunato-short-parallax-150\" style=\"background-image: url(https:\/\/www.kenial.de\/wp-content\/uploads\/2017\/05\/bckg3-1.jpg); height:600px;\"><h2><\/h2><\/div><\/div><script type=\"text\/javascript\">(function($) { $(document).ready(function() { if ( \/Android|webOS|iPhone|iPad|iPod|BlackBerry|IEMobile|Opera Mini\/i.test(navigator.userAgent) ) {} else { $(\".fortunato-short-parallax-150\").scrollparallax(\"50%\", \"0.2\"); } }); })(jQuery);<\/script>","protected":false},"excerpt":{"rendered":"<p>Ein weiterer Besuch im Kinderheim. Auf der Reise nach Bhutan ein kurzer Zwischenstopp in Kathmandu. Die KInder brauchen Taschen f\u00fcr die Schulsachen und Kleidung. Die Freude ist riesengro\u00df. Alle warten und es wird ein zauberhafter Tag. Die Kinder sind sehr aufgeregt und munter. Die Atmosph\u00e4re ist total entspannt. Und obschon die 50 die ganze Zeit&hellip;<\/p>\n","protected":false},"author":1,"featured_media":3049,"parent":8323,"menu_order":0,"comment_status":"closed","ping_status":"closed","template":"","meta":{"footnotes":""},"class_list":["post-8326","page","type-page","status-publish","has-post-thumbnail","hentry"],"_links":{"self":[{"href":"https:\/\/www.kenial.de\/de\/wp-json\/wp\/v2\/pages\/8326","targetHints":{"allow":["GET"]}}],"collection":[{"href":"https:\/\/www.kenial.de\/de\/wp-json\/wp\/v2\/pages"}],"about":[{"href":"https:\/\/www.kenial.de\/de\/wp-json\/wp\/v2\/types\/page"}],"author":[{"embeddable":true,"href":"https:\/\/www.kenial.de\/de\/wp-json\/wp\/v2\/users\/1"}],"replies":[{"embeddable":true,"href":"https:\/\/www.kenial.de\/de\/wp-json\/wp\/v2\/comments?post=8326"}],"version-history":[{"count":4,"href":"https:\/\/www.kenial.de\/de\/wp-json\/wp\/v2\/pages\/8326\/revisions"}],"predecessor-version":[{"id":8364,"href":"https:\/\/www.kenial.de\/de\/wp-json\/wp\/v2\/pages\/8326\/revisions\/8364"}],"up":[{"embeddable":true,"href":"https:\/\/www.kenial.de\/de\/wp-json\/wp\/v2\/pages\/8323"}],"wp:featuredmedia":[{"embeddable":true,"href":"https:\/\/www.kenial.de\/de\/wp-json\/wp\/v2\/media\/3049"}],"wp:attachment":[{"href":"https:\/\/www.kenial.de\/de\/wp-json\/wp\/v2\/media?parent=8326"}],"curies":[{"name":"wp","href":"https:\/\/api.w.org\/{rel}","templated":true}]}}