{"id":8323,"date":"2022-09-05T17:01:12","date_gmt":"2022-09-05T15:01:12","guid":{"rendered":"https:\/\/www.kenial.de\/de\/?page_id=8323"},"modified":"2022-09-05T18:19:23","modified_gmt":"2022-09-05T16:19:23","slug":"kinderheim-ktm","status":"publish","type":"page","link":"https:\/\/www.kenial.de\/de\/kenial\/nepal\/kinderheim-ktm\/","title":{"rendered":"Kinderheim KTM"},"content":{"rendered":"Von 2016 bis 2019 unterst\u00fctzen wir das zauberhafte Kinderheim mitten in der Stadt. 2018 erleidet die Leitung und des Heimes einen Herzinfakrt. Sie kann die Arbeit nicht weiter f\u00fchren. Die Kinder werden auf andere Heime in der Stadt verteilt. Als erster besucht 2016 der keniale Bergsteiger Luis\u00a0Stitzinger die Kinder. Er bricht im Oktober\u00a02016 auf zum Rolwaling-Trekking und zuvor brachte er den Waisenkindern genau\u00a0das, was sie brauchen: Warme Jacken und Schuhe f\u00fcr\u00a0Bidesh, Kamal, Maya, Sita. Die Schuhe wurden komplett von LOWA gesponsort. In den richtigen Gr\u00f6\u00dfen. Alles ganz gezielt und direkt. Gro\u00dfartig.<\/p>\n<div class=\"oneThird\"><img loading=\"lazy\" decoding=\"async\" class=\"alignnone wp-image-3190 size-full\" src=\"https:\/\/www.kenial.de\/wp-content\/uploads\/2017\/05\/lowa_nepal_kl.jpg\" alt=\"\" width=\"200\" height=\"147\" \/><br \/>\nKids. Jetzt hei\u00dft es erst einmal Schuhe binden \u00fcben&#8230; ein riesen Gewimmel und freudiges Probieren. Danke an LOWA.<\/p>\n<p>&nbsp;<\/p>\n<\/div>\n<div class=\"oneThird\"><img loading=\"lazy\" decoding=\"async\" class=\"alignnone wp-image-1382 size-full\" src=\"https:\/\/www.kenial.de\/wp-content\/uploads\/2016\/02\/manaslu_kl.jpg\" alt=\"\" width=\"200\" height=\"147\" \/><br \/>\nBerg. Der Mount Manaslu (8163m) ist der acht h\u00f6chste Berg der Welt. Alix von Melle und Luis Stitzinger werden diesen Berg sicher noch angehen. Und wir dr\u00fccken die Daumen.<\/p>\n<\/div>\n<div class=\"oneThird last\"><img loading=\"lazy\" decoding=\"async\" class=\"alignnone wp-image-1375 size-full\" src=\"https:\/\/www.kenial.de\/wp-content\/uploads\/2016\/02\/al_lu.jpg\" alt=\"\" width=\"200\" height=\"147\" \/><br \/>\nAthleten. Alix von Melle und Luis Stizinger sind das erfolgreichste Expeditions und Bergsteigerpaar. Bis jetzt konnten sie zusammen sechs der 8000er ohne k\u00fcnstlichen Sauerstoff besteigen.<\/p>\n<\/div><div class=\"clear\"><\/div>\n<div class=\"theParallaxCrestaBlock\"><div class=\"theParallaxCresta fortunato-short-parallax-920\" style=\"background-image: url(https:\/\/www.kenial.de\/wp-content\/uploads\/2016\/02\/stupa.jpg); height:600px;\"><h2><\/h2><\/div><\/div><script type=\"text\/javascript\">(function($) { $(document).ready(function() { if ( \/Android|webOS|iPhone|iPad|iPod|BlackBerry|IEMobile|Opera Mini\/i.test(navigator.userAgent) ) {} else { $(\".fortunato-short-parallax-920\").scrollparallax(\"50%\", \"0.2\"); } }); })(jQuery);<\/script>","protected":false},"excerpt":{"rendered":"<p>Von 2016 bis 2019 unterst\u00fctzen wir das zauberhafte Kinderheim mitten in der Stadt. 2018 erleidet die Leitung und des Heimes einen Herzinfakrt. Sie kann die Arbeit nicht weiter f\u00fchren. Die Kinder werden auf andere Heime in der Stadt verteilt. Als erster besucht 2016 der keniale Bergsteiger Luis\u00a0Stitzinger die Kinder. Er bricht im Oktober\u00a02016 auf zum&hellip;<\/p>\n","protected":false},"author":1,"featured_media":2270,"parent":1381,"menu_order":0,"comment_status":"closed","ping_status":"closed","template":"","meta":{"footnotes":""},"class_list":["post-8323","page","type-page","status-publish","has-post-thumbnail","hentry"],"_links":{"self":[{"href":"https:\/\/www.kenial.de\/de\/wp-json\/wp\/v2\/pages\/8323","targetHints":{"allow":["GET"]}}],"collection":[{"href":"https:\/\/www.kenial.de\/de\/wp-json\/wp\/v2\/pages"}],"about":[{"href":"https:\/\/www.kenial.de\/de\/wp-json\/wp\/v2\/types\/page"}],"author":[{"embeddable":true,"href":"https:\/\/www.kenial.de\/de\/wp-json\/wp\/v2\/users\/1"}],"replies":[{"embeddable":true,"href":"https:\/\/www.kenial.de\/de\/wp-json\/wp\/v2\/comments?post=8323"}],"version-history":[{"count":5,"href":"https:\/\/www.kenial.de\/de\/wp-json\/wp\/v2\/pages\/8323\/revisions"}],"predecessor-version":[{"id":8357,"href":"https:\/\/www.kenial.de\/de\/wp-json\/wp\/v2\/pages\/8323\/revisions\/8357"}],"up":[{"embeddable":true,"href":"https:\/\/www.kenial.de\/de\/wp-json\/wp\/v2\/pages\/1381"}],"wp:featuredmedia":[{"embeddable":true,"href":"https:\/\/www.kenial.de\/de\/wp-json\/wp\/v2\/media\/2270"}],"wp:attachment":[{"href":"https:\/\/www.kenial.de\/de\/wp-json\/wp\/v2\/media?parent=8323"}],"curies":[{"name":"wp","href":"https:\/\/api.w.org\/{rel}","templated":true}]}}