{"id":8321,"date":"2022-09-05T16:48:05","date_gmt":"2022-09-05T14:48:05","guid":{"rendered":"https:\/\/www.kenial.de\/de\/?page_id=8321"},"modified":"2022-09-05T17:59:52","modified_gmt":"2022-09-05T15:59:52","slug":"new-kopila-2022","status":"publish","type":"page","link":"https:\/\/www.kenial.de\/de\/kenial\/nepal\/new-kopila-home\/new-kopila-2022\/","title":{"rendered":"New Kopila 2022"},"content":{"rendered":"Oliver und Katrin fliegen im M\u00e4rz nach Kathmandu. Im Gep\u00e4ck haben sie warme Jacken f\u00fcr die gro\u00dfen M\u00e4dchen, die schon aufs College gehen. Alle sind sehr froh, endlich wieder Besuch zu haben. Und auch f\u00fcr uns ist es sch\u00f6n, euch wiederzusehen. Ein gro\u00dfes Dankesch\u00f6n an die Firma Sch\u00f6ffel, die dieses Projekt so schnell und unkompliziert unterst\u00fctzt hat. Und schon im April besuchen erst Isabella aus S\u00fcdtirol und dann Luis &#8211; auf dem Weg zum Everest &#8211; das Heim. Diesmal gibt es Kleider und Schuhe f\u00fcr die Kleinsten, und Luis bringt Fu\u00dfballtrikots f\u00fcr die Jungs und endlich Mobiltelefone f\u00fcr die Collegesch\u00fclerinnen. <\/p>\n<div class=\"oneThird\"><img loading=\"lazy\" decoding=\"async\" class=\"alignnone wp-image-8042 size-full\" src=\"https:\/\/www.kenial.de\/wp-content\/uploads\/2022\/03\/nep22_kids_kl.jpg\" alt=\"\" width=\"200\" height=\"147\" \/><br \/>\nKids. Nach der langen Zeit des Einschlusses sind alle Kinder gl\u00fccklich zur\u00fcck im Heim. Alles ist gut \u00fcberstanden.<\/p>\n<\/div>\n<div class=\"oneThird\"><img loading=\"lazy\" decoding=\"async\" class=\"alignnone wp-image-8044 size-full\" src=\"https:\/\/www.kenial.de\/wp-content\/uploads\/2022\/03\/nepal22_kids_schoeffel.jpg\" alt=\"\" width=\"200\" height=\"147\" \/><br \/>\nDie gro\u00dfen M\u00e4dchen gehen bereits aufs College. Es gibt neue, warme Jacken. Danke an Sch\u00f6ffel f\u00fcr die superschnelle Unterst\u00fctzung.<\/p>\n<\/div>\n<div class=\"oneThird last\"><img loading=\"lazy\" decoding=\"async\" class=\"alignnone wp-image-8040 size-full\" src=\"https:\/\/www.kenial.de\/wp-content\/uploads\/2022\/03\/nepal22_nima_kl.jpg\" alt=\"\" width=\"200\" height=\"147\" \/><br \/>\nUnd Nima hilft wieder mit. Vielen Dank f\u00fcr die tolle Organisation in Kathmandu. Es ist so sch\u00f6n, dich zu sehen.<\/p>\n<\/div><div class=\"clear\"><\/div>\n<div class=\"oneThird\"><img loading=\"lazy\" decoding=\"async\" class=\"alignnone wp-image-8041 size-full\" src=\"https:\/\/www.kenial.de\/wp-content\/uploads\/2022\/03\/nepal22_oli_kl.jpg\" alt=\"\" width=\"200\" height=\"147\" \/><br \/>\nAthletes. Danke an Oliver und Katrin, die pers\u00f6nlich im Heim vorbei geschaut haben. Und es sieht nach einem sch\u00f6nen Tag aus. Ganz sicher.<\/p>\n<\/div>\n<div class=\"oneThird\"><img loading=\"lazy\" decoding=\"async\" class=\"alignnone wp-image-8044 size-full\" src=\"https:\/\/www.kenial.de\/wp-content\/uploads\/2022\/04\/fussball_nepal_kl.jpg\" alt=\"\" width=\"200\" height=\"147\" \/><br \/>\nFu\u00dfball Trikots f\u00fcr die Jungs und Keider und Schuhe f\u00fcr die jungen M\u00e4dels. Dazu Handys f\u00fcr die College StudentInnen. Super Tag.<\/p>\n<\/div>\n<div class=\"oneThird last\"><img loading=\"lazy\" decoding=\"async\" class=\"alignnone wp-image-8040 size-full\" src=\"https:\/\/www.kenial.de\/wp-content\/uploads\/2022\/04\/luis_ktm_kl22.jpg\" alt=\"\" width=\"200\" height=\"147\" \/><br \/>\nLuis Stitzinger ist weider auf dem Weg zum Everest. Eine gute Reise Dir und komm gesund wieder nach Hause.<br \/>\n<\/div><div class=\"clear\"><\/div>","protected":false},"excerpt":{"rendered":"<p>Oliver und Katrin fliegen im M\u00e4rz nach Kathmandu. Im Gep\u00e4ck haben sie warme Jacken f\u00fcr die gro\u00dfen M\u00e4dchen, die schon aufs College gehen. Alle sind sehr froh, endlich wieder Besuch zu haben. Und auch f\u00fcr uns ist es sch\u00f6n, euch wiederzusehen. Ein gro\u00dfes Dankesch\u00f6n an die Firma Sch\u00f6ffel, die dieses Projekt so schnell und unkompliziert&hellip;<\/p>\n","protected":false},"author":1,"featured_media":8039,"parent":8308,"menu_order":0,"comment_status":"closed","ping_status":"closed","template":"","meta":{"footnotes":""},"class_list":["post-8321","page","type-page","status-publish","has-post-thumbnail","hentry"],"_links":{"self":[{"href":"https:\/\/www.kenial.de\/de\/wp-json\/wp\/v2\/pages\/8321","targetHints":{"allow":["GET"]}}],"collection":[{"href":"https:\/\/www.kenial.de\/de\/wp-json\/wp\/v2\/pages"}],"about":[{"href":"https:\/\/www.kenial.de\/de\/wp-json\/wp\/v2\/types\/page"}],"author":[{"embeddable":true,"href":"https:\/\/www.kenial.de\/de\/wp-json\/wp\/v2\/users\/1"}],"replies":[{"embeddable":true,"href":"https:\/\/www.kenial.de\/de\/wp-json\/wp\/v2\/comments?post=8321"}],"version-history":[{"count":1,"href":"https:\/\/www.kenial.de\/de\/wp-json\/wp\/v2\/pages\/8321\/revisions"}],"predecessor-version":[{"id":8322,"href":"https:\/\/www.kenial.de\/de\/wp-json\/wp\/v2\/pages\/8321\/revisions\/8322"}],"up":[{"embeddable":true,"href":"https:\/\/www.kenial.de\/de\/wp-json\/wp\/v2\/pages\/8308"}],"wp:featuredmedia":[{"embeddable":true,"href":"https:\/\/www.kenial.de\/de\/wp-json\/wp\/v2\/media\/8039"}],"wp:attachment":[{"href":"https:\/\/www.kenial.de\/de\/wp-json\/wp\/v2\/media?parent=8321"}],"curies":[{"name":"wp","href":"https:\/\/api.w.org\/{rel}","templated":true}]}}