{"id":8310,"date":"2022-09-05T17:58:47","date_gmt":"2022-09-05T15:58:47","guid":{"rendered":"https:\/\/www.kenial.de\/de\/?page_id=8310"},"modified":"2024-05-06T21:10:32","modified_gmt":"2024-05-06T19:10:32","slug":"new-kopila-2019","status":"publish","type":"page","link":"https:\/\/www.kenial.de\/de\/kenial\/nepal\/new-kopila-home\/new-kopila-2019\/","title":{"rendered":"New Kopila 2019"},"content":{"rendered":"Wilma und Anke auf dem Weg zum Mardi Himal.\u00a0Vorher besuchen sie das erste mal das New Kopila Heim. Alle Kinder bekommen Jacken, ein Laptop und Spielzeug. Fu\u00dfb\u00e4lle und Volleyb\u00e4lle kommen extrem gut an. <\/p>\n<div class=\"oneThird\"><img loading=\"lazy\" decoding=\"async\" class=\"alignnone wp-image-5282 size-full\" src=\"https:\/\/www.kenial.de\/wp-content\/uploads\/2019\/05\/nep_2019_kl.jpg\" alt=\"\" width=\"200\" height=\"145\" \/><br \/>\nWir bringen Daunenjacken, Regenjacken, M\u00e4ppchen, Stifte, Spielzeug f\u00fcr die Kids. Die Jacken kommen von Sprayway, Marmot und Mountain Equipment. M\u00e4ppchen und kleine Tatonkis von Tatonka und die B\u00e4lle von Mikasa.<\/p>\n<\/div>\n<div class=\"oneThird\"><img loading=\"lazy\" decoding=\"async\" class=\"alignnone wp-image-5286 size-full\" src=\"https:\/\/www.kenial.de\/wp-content\/uploads\/2019\/05\/laptop_neo2019.jpg\" alt=\"\" width=\"200\" height=\"145\" \/><br \/>\nZwei Laptops auch hier, f\u00fcr die College Sch\u00fclerinnen. Die spendet uns Secunet. Die Laptop Taschen ganz spontan der DAV. Einfach KENIAL. Danke an alle.<\/p>\n<\/div>\n<div class=\"oneThird last\"><img loading=\"lazy\" decoding=\"async\" class=\"alignnone wp-image-5287 size-full\" src=\"https:\/\/www.kenial.de\/wp-content\/uploads\/2019\/05\/reisende_nep2019.jpg\" alt=\"\" width=\"200\" height=\"140\" \/><br \/>\nAthleten. Machen sich auf zum Mardi Himal. Eine wundersch\u00f6ne Reise mit unz\u00e4hligen Erlebnissen. Und ganz wunderbaren Begegnungen. <\/div><div class=\"clear\"><\/div>\n<div class=\"theParallaxCrestaBlock\"><div class=\"theParallaxCresta fortunato-short-parallax-672\" style=\"background-image: url(https:\/\/www.kenial.de\/wp-content\/uploads\/2019\/05\/nep_2019_paralax.jpg); height:600px;\"><h2><\/h2><\/div><\/div><script type=\"text\/javascript\">(function($) { $(document).ready(function() { if ( \/Android|webOS|iPhone|iPad|iPod|BlackBerry|IEMobile|Opera Mini\/i.test(navigator.userAgent) ) {} else { $(\".fortunato-short-parallax-672\").scrollparallax(\"50%\", \"0.2\"); } }); })(jQuery);<\/script>","protected":false},"excerpt":{"rendered":"<p>Wilma und Anke auf dem Weg zum Mardi Himal.\u00a0Vorher besuchen sie das erste mal das New Kopila Heim. Alle Kinder bekommen Jacken, ein Laptop und Spielzeug. Fu\u00dfb\u00e4lle und Volleyb\u00e4lle kommen extrem gut an.<\/p>\n","protected":false},"author":1,"featured_media":5305,"parent":8308,"menu_order":0,"comment_status":"closed","ping_status":"closed","template":"","meta":{"footnotes":""},"class_list":["post-8310","page","type-page","status-publish","has-post-thumbnail","hentry"],"_links":{"self":[{"href":"https:\/\/www.kenial.de\/de\/wp-json\/wp\/v2\/pages\/8310","targetHints":{"allow":["GET"]}}],"collection":[{"href":"https:\/\/www.kenial.de\/de\/wp-json\/wp\/v2\/pages"}],"about":[{"href":"https:\/\/www.kenial.de\/de\/wp-json\/wp\/v2\/types\/page"}],"author":[{"embeddable":true,"href":"https:\/\/www.kenial.de\/de\/wp-json\/wp\/v2\/users\/1"}],"replies":[{"embeddable":true,"href":"https:\/\/www.kenial.de\/de\/wp-json\/wp\/v2\/comments?post=8310"}],"version-history":[{"count":1,"href":"https:\/\/www.kenial.de\/de\/wp-json\/wp\/v2\/pages\/8310\/revisions"}],"predecessor-version":[{"id":8311,"href":"https:\/\/www.kenial.de\/de\/wp-json\/wp\/v2\/pages\/8310\/revisions\/8311"}],"up":[{"embeddable":true,"href":"https:\/\/www.kenial.de\/de\/wp-json\/wp\/v2\/pages\/8308"}],"wp:featuredmedia":[{"embeddable":true,"href":"https:\/\/www.kenial.de\/de\/wp-json\/wp\/v2\/media\/5305"}],"wp:attachment":[{"href":"https:\/\/www.kenial.de\/de\/wp-json\/wp\/v2\/media?parent=8310"}],"curies":[{"name":"wp","href":"https:\/\/api.w.org\/{rel}","templated":true}]}}