{"id":8308,"date":"2022-09-05T17:56:59","date_gmt":"2022-09-05T15:56:59","guid":{"rendered":"https:\/\/www.kenial.de\/de\/?page_id=8308"},"modified":"2022-09-05T17:56:59","modified_gmt":"2022-09-05T15:56:59","slug":"new-kopila-home","status":"publish","type":"page","link":"https:\/\/www.kenial.de\/de\/kenial\/nepal\/new-kopila-home\/","title":{"rendered":"New Kopila Home"},"content":{"rendered":"Das kleine Kinderheim liegt mitten in Kathmandu, im Stadtteil Pepsi Cola. Hier leben fast 30 fr\u00f6hliche Kinder und Jugendliche an einem friedlichen Ort. Sie alle gehen zur Schule und das Heim lebt ausschlie\u00dflich von Spenden. Die gro\u00dfen M\u00e4dchen haben alle erfolgreich die Schule abgeschlossen und machen eine Ausbildung. Es wird im Heim sehr viel Wert auf Schule und Ausbildung gelegt. Die wunderbare Prajola achtet darauf, das die Kinder in der Schule gut mitkommen und zu dem einen fr\u00f6hlichen Alltag haben.<\/p>\n<div class=\"oneThird\"><img loading=\"lazy\" decoding=\"async\" class=\"alignnone wp-image-5282 size-full\" src=\"https:\/\/www.kenial.de\/wp-content\/uploads\/2022\/09\/new_kopila_kochen2_kl.jpg\" alt=\"\" width=\"200\" height=\"147\" \/><br \/>\nDie Kinder haben ein sch\u00f6nes zu Hause gefunden. Sie teilen sich die einfachen Zimmer und bekommen jeden Tag frisch zubereitetes Essen. Ein kleiner Hund wuselt auch herum, die W\u00e4sche wird auf dem Dach getrocknet. Alle haben ihre Aufgaben.<\/p>\n<\/div>\n<div class=\"oneThird\"><img loading=\"lazy\" decoding=\"async\" class=\"alignnone wp-image-5286 size-full\" src=\"https:\/\/www.kenial.de\/wp-content\/uploads\/2022\/09\/prajola_kl.jpg\" alt=\"\" width=\"200\" height=\"147\" \/><br \/>\nPrajola leitet das Heim mit Hingabe. Es ist nicht einfach, es muss Geld f\u00fcr Schule undd College gezahlt werden. Die leidigen Schuluniformen, die Miete. Einige der Kinder haben Unterst\u00fctzer in Deutschland.<\/p>\n<\/div>\n<div class=\"oneThird last\"><img loading=\"lazy\" decoding=\"async\" class=\"alignnone wp-image-5287 size-full\" src=\"https:\/\/www.kenial.de\/wp-content\/uploads\/2022\/09\/eva_klein.jpg\" alt=\"\" width=\"200\" height=\"147\" \/><br \/>\nAthleten. Immer wieder haben wir Reisende nach Nepal. Manche bleiben kutrz im Heim, wie Luis, der weiter zum Everest f\u00e4hrt. Eva blieb gleich eine ganze Woche. Es ist ein sch\u00f6ner und fr\u00f6hlicher Ort. <\/div><div class=\"clear\"><\/div>\n<div class=\"theParallaxCrestaBlock\"><div class=\"theParallaxCresta fortunato-short-parallax-620\" style=\"background-image: url(https:\/\/www.kenial.de\/wp-content\/uploads\/2019\/05\/nep_2019_paralax.jpg); height:600px;\"><h2><\/h2><\/div><\/div><script type=\"text\/javascript\">(function($) { $(document).ready(function() { if ( \/Android|webOS|iPhone|iPad|iPod|BlackBerry|IEMobile|Opera Mini\/i.test(navigator.userAgent) ) {} else { $(\".fortunato-short-parallax-620\").scrollparallax(\"50%\", \"0.2\"); } }); })(jQuery);<\/script>","protected":false},"excerpt":{"rendered":"<p>Das kleine Kinderheim liegt mitten in Kathmandu, im Stadtteil Pepsi Cola. Hier leben fast 30 fr\u00f6hliche Kinder und Jugendliche an einem friedlichen Ort. Sie alle gehen zur Schule und das Heim lebt ausschlie\u00dflich von Spenden. Die gro\u00dfen M\u00e4dchen haben alle erfolgreich die Schule abgeschlossen und machen eine Ausbildung. Es wird im Heim sehr viel Wert&hellip;<\/p>\n","protected":false},"author":1,"featured_media":8312,"parent":1381,"menu_order":0,"comment_status":"closed","ping_status":"closed","template":"","meta":{"footnotes":""},"class_list":["post-8308","page","type-page","status-publish","has-post-thumbnail","hentry"],"_links":{"self":[{"href":"https:\/\/www.kenial.de\/de\/wp-json\/wp\/v2\/pages\/8308","targetHints":{"allow":["GET"]}}],"collection":[{"href":"https:\/\/www.kenial.de\/de\/wp-json\/wp\/v2\/pages"}],"about":[{"href":"https:\/\/www.kenial.de\/de\/wp-json\/wp\/v2\/types\/page"}],"author":[{"embeddable":true,"href":"https:\/\/www.kenial.de\/de\/wp-json\/wp\/v2\/users\/1"}],"replies":[{"embeddable":true,"href":"https:\/\/www.kenial.de\/de\/wp-json\/wp\/v2\/comments?post=8308"}],"version-history":[{"count":3,"href":"https:\/\/www.kenial.de\/de\/wp-json\/wp\/v2\/pages\/8308\/revisions"}],"predecessor-version":[{"id":8318,"href":"https:\/\/www.kenial.de\/de\/wp-json\/wp\/v2\/pages\/8308\/revisions\/8318"}],"up":[{"embeddable":true,"href":"https:\/\/www.kenial.de\/de\/wp-json\/wp\/v2\/pages\/1381"}],"wp:featuredmedia":[{"embeddable":true,"href":"https:\/\/www.kenial.de\/de\/wp-json\/wp\/v2\/media\/8312"}],"wp:attachment":[{"href":"https:\/\/www.kenial.de\/de\/wp-json\/wp\/v2\/media?parent=8308"}],"curies":[{"name":"wp","href":"https:\/\/api.w.org\/{rel}","templated":true}]}}