{"id":8057,"date":"2022-03-11T11:22:25","date_gmt":"2022-03-11T10:22:25","guid":{"rendered":"https:\/\/www.kenial.de\/de\/?page_id=8057"},"modified":"2025-07-24T10:15:04","modified_gmt":"2025-07-24T08:15:04","slug":"kenia-2022","status":"publish","type":"page","link":"https:\/\/www.kenial.de\/de\/kenial\/kenia\/kenia-2022\/","title":{"rendered":"Kenia 2022"},"content":{"rendered":"<a href=\"https:\/\/www.kenial.de\/de\/kenial\/kenia\/kenia-2015\/\">Kenia 2015<\/a> \u2022 <a href=\"https:\/\/www.kenial.de\/de\/kenial\/kenia\/kenia-2016\/\">Kenia 2016<\/a> \u2022 <a href=\"https:\/\/www.kenial.de\/de\/kenial\/kenia\/kenia-2017\/\">Kenia 2017<\/a> \u2022 <a href=\"https:\/\/www.kenial.de\/de\/kenial\/kenia\/kenia-2019\/\">Kenia 2019<\/a> \u2022 <a href=\"https:\/\/www.kenial.de\/de\/kenial\/kenia\/kenia-2020\/\">Kenia 2020<\/a> \u2022 <a href=\"https:\/\/www.kenial.de\/de\/kenial\/kenia\/kenia-2021\/\">Kenia 2021<\/a> \u2022 Kenia 2022 \u2022 <a href=\"https:\/\/www.kenial.de\/de\/kenial\/kenia\/kenia-2023\/\">Kenia 2023<\/a> \u2022 <a href=\"https:\/\/www.kenial.de\/de\/kenial\/kenia\/kenia-2024\/\">Kenia 2024<\/a> \u2022 <a href=\"https:\/\/www.kenial.de\/de\/kenial\/kenia\/kenia-2025\/\">Kenia 2025<\/a><\/p>\n<p>Zweimal macht sich Esther auf den Weg von Deutschland nach Kenia. Un bringt viele Sachen f\u00fcr die Waisenkinder der Utunzi Kwa Watoto nach Nakuru. Im M\u00e4rz kommen dann alle Kids zusammen. Danke an den DAV f\u00fcr die vielen tollen Windjacken und Regenjacken, die die Kinder auf ihrem Schulweg gut gebrauchen k\u00f6nnen. Und ein gro\u00dfes Dankesch\u00f6n an Bena, die wie jedes Mal die gesamte Organisation vor Ort \u00fcbernimmt. F\u00fcr Bena gibt es dieses Mal auch ein Mobiltelefon, jetzt ist die Kommunikation noch einfacher &#8211; und es gibt jede Menge Fotos f\u00fcr uns.<\/p>\n<div class=\"oneThird\"><img loading=\"lazy\" decoding=\"async\" class=\"alignnone size-full wp-image-8058\" src=\"https:\/\/www.kenial.de\/wp-content\/uploads\/2022\/03\/bub_kenia_2022_kl.jpg\" alt=\"\" width=\"200\" height=\"147\" \/><br \/>\nNeue Regen- und Windjacken f\u00fcr die Kids in Nakuru. Und ja, es regnet heftig in Kenia.<\/p>\n<\/div>\n<div class=\"oneThird\"><img loading=\"lazy\" decoding=\"async\" class=\"alignnone size-full wp-image-8059\" src=\"https:\/\/www.kenial.de\/wp-content\/uploads\/2022\/03\/bena_kenia_22_kl.jpg\" alt=\"\" width=\"200\" height=\"147\" \/><br \/>\nDanke an Bena, die als Sozialarbeiterin der Utunzi Kwa Watoto f\u00fcr alle Kinder zust\u00e4ndig ist.<\/p>\n<\/div>\n<div class=\"oneThird last\"><img loading=\"lazy\" decoding=\"async\" class=\"alignnone size-full wp-image-8060\" src=\"https:\/\/www.kenial.de\/wp-content\/uploads\/2022\/03\/alle_kenia22_bckg.jpg\" alt=\"\" width=\"200\" height=\"147\" \/><br \/>\nUnd an diesem Tag kommen alle Kinder zusammen. W\u00e4hrend der Schulzeit sind sie in verschiedenen Internaten oder Familien untergebracht. Sie alle sind Waisen oder Halbwaisen und leben in der Umgebung von Nakuru.<\/p>\n<\/div><div class=\"clear\"><\/div>","protected":false},"excerpt":{"rendered":"<p>Kenia 2015 \u2022 Kenia 2016 \u2022 Kenia 2017 \u2022 Kenia 2019 \u2022 Kenia 2020 \u2022 Kenia 2021 \u2022 Kenia 2022 \u2022 Kenia 2023 \u2022 Kenia 2024 \u2022 Kenia 2025 Zweimal macht sich Esther auf den Weg von Deutschland nach Kenia. Un bringt viele Sachen f\u00fcr die Waisenkinder der Utunzi Kwa Watoto nach Nakuru. Im M\u00e4rz&hellip;<\/p>\n","protected":false},"author":1,"featured_media":8030,"parent":606,"menu_order":0,"comment_status":"closed","ping_status":"closed","template":"","meta":{"footnotes":""},"class_list":["post-8057","page","type-page","status-publish","has-post-thumbnail","hentry"],"_links":{"self":[{"href":"https:\/\/www.kenial.de\/de\/wp-json\/wp\/v2\/pages\/8057","targetHints":{"allow":["GET"]}}],"collection":[{"href":"https:\/\/www.kenial.de\/de\/wp-json\/wp\/v2\/pages"}],"about":[{"href":"https:\/\/www.kenial.de\/de\/wp-json\/wp\/v2\/types\/page"}],"author":[{"embeddable":true,"href":"https:\/\/www.kenial.de\/de\/wp-json\/wp\/v2\/users\/1"}],"replies":[{"embeddable":true,"href":"https:\/\/www.kenial.de\/de\/wp-json\/wp\/v2\/comments?post=8057"}],"version-history":[{"count":7,"href":"https:\/\/www.kenial.de\/de\/wp-json\/wp\/v2\/pages\/8057\/revisions"}],"predecessor-version":[{"id":10135,"href":"https:\/\/www.kenial.de\/de\/wp-json\/wp\/v2\/pages\/8057\/revisions\/10135"}],"up":[{"embeddable":true,"href":"https:\/\/www.kenial.de\/de\/wp-json\/wp\/v2\/pages\/606"}],"wp:featuredmedia":[{"embeddable":true,"href":"https:\/\/www.kenial.de\/de\/wp-json\/wp\/v2\/media\/8030"}],"wp:attachment":[{"href":"https:\/\/www.kenial.de\/de\/wp-json\/wp\/v2\/media?parent=8057"}],"curies":[{"name":"wp","href":"https:\/\/api.w.org\/{rel}","templated":true}]}}