{"id":7954,"date":"2022-02-17T11:21:45","date_gmt":"2022-02-17T10:21:45","guid":{"rendered":"https:\/\/www.kenial.de\/de\/?page_id=7954"},"modified":"2026-02-11T09:31:42","modified_gmt":"2026-02-11T08:31:42","slug":"windhoek-riverheights","status":"publish","type":"page","link":"https:\/\/www.kenial.de\/de\/kenial\/namibia\/windhoek-riverheights\/","title":{"rendered":"Windhoek Riverheights"},"content":{"rendered":"Windhoek Riverheights \u2022 <a href=\"https:\/\/www.kenial.de\/de\/kenial\/namibia\/windhoek\/\">Windhoek Wadadee<\/a> \u2022 <a href=\"https:\/\/www.kenial.de\/de\/kenial\/namibia\/kaokoveld\/\">Kaokoveld<\/a> \u2022 <a href=\"https:\/\/www.kenial.de\/de\/kenial\/namibia\/outjo\/\">Outjo<\/a> \u2022 <a href=\"https:\/\/www.kenial.de\/de\/kenial\/namibia\/kinderbewaarhuis-ein-kinderheim\/\">Kinderbewaarhuis<\/a> \u2022 <a href=\"https:\/\/www.kenial.de\/de\/kenial\/namibia\/omuhoro-schule\/\">Omuhoro School<\/a> \u2022 <a href=\"https:\/\/www.kenial.de\/de\/kenial\/namibia\/kidssoupkitchen\/\">Kids Soupkitchen<\/a><\/p>\n<p>Ein gro\u00dfartiges Fu\u00dfball- und Bildungsprojekt im Siedlungsgebiet Goreangab, einem der \u00e4rmsten und sozial vernachl\u00e4ssigten Gebiete von Windhoek. Die Riverheights Football Academy liegt in einem der \u00e4rmsten und sozial vernachl\u00e4ssigten Gebiete in Windhoek. Die Akademie ver\u00e4ndert das Leben von etwa 60 Kindern durch Fu\u00dfball und hilft den Kids spielerisch, ihr volles Potenzial auszusch\u00f6pfen.<\/p>\n<div class=\"oneThird\"><img loading=\"lazy\" decoding=\"async\" class=\"alignnone wp-image-7914 size-full\" src=\"https:\/\/www.kenial.de\/wp-content\/uploads\/2022\/02\/river_heights_kl.jpg\" alt=\"\" width=\"200\" height=\"147\" \/><br \/>\nIm Mittelpunkt steht das Wohlergehen der Kinder, das zun\u00e4chst durch Fu\u00dfball und sp\u00e4ter durch Bildung, Kunst und Kultur erg\u00e4nzt werden soll. Bewegung, Teamgeist und Spa\u00df. Das macht selbstbewu\u00dft.<\/p>\n<\/div>\n<div class=\"oneThird\"><img loading=\"lazy\" decoding=\"async\" class=\"alignnone wp-image-7959 size-full\" src=\"https:\/\/www.kenial.de\/wp-content\/uploads\/2022\/02\/anke_wilma_kl.jpg\" alt=\"\" width=\"200\" height=\"147\" \/><br \/>\nOskar, Wilma and Anke reisen im Fr\u00fchjahr 2022 durch Namibia. Und freuen sich schon auf das Fu\u00dfballprojekt vor Ort.<\/p>\n<\/div>\n<div class=\"oneThird last\"><img loading=\"lazy\" decoding=\"async\" class=\"alignnone wp-image-7960 size-full\" src=\"https:\/\/www.kenial.de\/wp-content\/uploads\/2022\/04\/riverheights_kl-1.jpg\" alt=\"\" width=\"200\" height=\"147\" \/><br \/>\nIm Gep\u00e4ck sind dank <a href=\"https:\/\/tfdw.de\/\" target=\"_blank\" rel=\"noopener\">Trikots f\u00fcr die Welt<\/a> dann hoffentlich Trikots, Hosen und Stutzen f\u00fcr mehrere Mannchaften &#8211; und vielleicht ist ja sogar was f\u00fcr die M\u00e4dels mit dabei. Frauenmannschaften sind in der Planung.<\/p>\n<\/div><div class=\"clear\"><\/div>\n<div class=\"oneThird\"><img loading=\"lazy\" decoding=\"async\" class=\"alignnone wp-image-7914 size-full\" src=\"https:\/\/www.kenial.de\/wp-content\/uploads\/2022\/08\/RH_kl822.jpg\" alt=\"\" width=\"200\" height=\"147\" \/><br \/>\nIm August 2022 kommt eine ganz gro\u00dfe Lieferung an. Trikot f\u00fcr die Welt aus Hamburg spendet B\u00e4lle, Schuhe und Trikots. F\u00fcr viele der Jungs das erste Paar Sportschuhe \u00fcberhaupt. Und alles kann mit einem Container nach Namibia gebracht werden. Einfach kenial.<\/p>\n<\/div>\n<div class=\"oneThird\"><img loading=\"lazy\" decoding=\"async\" class=\"alignnone wp-image-7914 size-full\" src=\"https:\/\/www.kenial.de\/wp-content\/uploads\/2023\/03\/riverheights_223_kl.jpg\" alt=\"\" width=\"200\" height=\"147\" \/><br \/>\nSchon im M\u00e4rz 23 gibt es auch Trikots f\u00fcr die j\u00fcngeren Kicker. Danke an Trikot f\u00fcr die Welt!<br \/>\n<\/div>\n<div class=\"oneThird last\"><img loading=\"lazy\" decoding=\"async\" src=\"https:\/\/www.kenial.de\/wp-content\/uploads\/2024\/10\/frauenteam_riverheights_kl.jpg\" alt=\"riverheights\" width=\"200\" height=\"147\" class=\"alignnone size-full wp-image-9736\" \/><br \/>\nIm August 2024 sind die ersten Trikotsets f\u00fcr die Damenmannschaft angekommen. danke an<a href=\"https:\/\/tfdw.de\/\" target=\"_blank\" rel=\"noopener\">Trikot f\u00fcr die Welt<\/a> und Sebastion f\u00fcr&#8217;s \u00dcberbringen.<\/p>\n<\/div><div class=\"clear\"><\/div>\n<div class=\"oneThird\"><img decoding=\"async\" src=\"https:\/\/www.kenial.de\/wp-content\/uploads\/2025\/05\/river_5-25_kl.jpg\" alt=\"\" \/><br \/>\nIm Mai 2025 k\u00f6nnen wir das erste Mal ein Shipping zollbefreit senden. Das ist ein irrer b\u00fcrokratischer Aufwand, aber die Freude ist riesig. Hoffentlich ein Beginn f\u00fcr mehr.<\/p>\n<\/div>\n<div class=\"oneThird\"><img loading=\"lazy\" decoding=\"async\" src=\"https:\/\/www.kenial.de\/wp-content\/uploads\/2025\/07\/river_6-25_kl-1.jpg\" alt=\"\" width=\"200\" height=\"147\" class=\"alignnone size-full wp-image-10052\" \/><br \/>\nUnd schon im Juni geht es weiter. Kleidung f\u00fcr die M\u00e4dchenmannschaften und die Trainer. Und ein wunderbarer Besuch vor Ort.<\/p>\n<\/div>\n<div class=\"oneThird last\"><img loading=\"lazy\" decoding=\"async\" src=\"https:\/\/www.kenial.de\/wp-content\/uploads\/2025\/08\/Namibia_8-25_kl.jpg\" alt=\"\" width=\"200\" height=\"147\" class=\"alignnone size-full wp-image-10217\" \/><br \/>\nIm August erreicht eine weitere Ladung mit Fu\u00dfb\u00e4llen, Schuhen, Sandalen, Decken, Rucks\u00e4cken und Kleidung die Riverheights.<br \/>\n<\/div><div class=\"clear\"><\/div>\n<div class=\"oneThird\"><img loading=\"lazy\" decoding=\"async\" src=\"https:\/\/www.kenial.de\/wp-content\/uploads\/2026\/02\/river_kl_1-2026.jpg\" alt=\"\" width=\"200\" height=\"147\" class=\"alignnone size-full wp-image-10521\" \/><br \/>\nWir starten 2026 mit einer riesen Sendung Fu\u00dfballschuhe, B\u00e4lle, Trikots und mehr. Danke an Trikot f\u00fcr die Welt<br \/>\n<a href=\"https:\/\/www.kenial.de\/en\/kenial\/namibia\/windhoek-riverheights\/galerie-riverheights-2025\/\"><span class=\"dropcap circle\">G<\/span>Gallery Riverheights<\/a><\/p>\n<\/div>","protected":false},"excerpt":{"rendered":"<p>Windhoek Riverheights \u2022 Windhoek Wadadee \u2022 Kaokoveld \u2022 Outjo \u2022 Kinderbewaarhuis \u2022 Omuhoro School \u2022 Kids Soupkitchen Ein gro\u00dfartiges Fu\u00dfball- und Bildungsprojekt im Siedlungsgebiet Goreangab, einem der \u00e4rmsten und sozial vernachl\u00e4ssigten Gebiete von Windhoek. Die Riverheights Football Academy liegt in einem der \u00e4rmsten und sozial vernachl\u00e4ssigten Gebiete in Windhoek. Die Akademie ver\u00e4ndert das Leben von&hellip;<\/p>\n","protected":false},"author":1,"featured_media":7915,"parent":6781,"menu_order":0,"comment_status":"closed","ping_status":"closed","template":"","meta":{"footnotes":""},"class_list":["post-7954","page","type-page","status-publish","has-post-thumbnail","hentry"],"_links":{"self":[{"href":"https:\/\/www.kenial.de\/de\/wp-json\/wp\/v2\/pages\/7954","targetHints":{"allow":["GET"]}}],"collection":[{"href":"https:\/\/www.kenial.de\/de\/wp-json\/wp\/v2\/pages"}],"about":[{"href":"https:\/\/www.kenial.de\/de\/wp-json\/wp\/v2\/types\/page"}],"author":[{"embeddable":true,"href":"https:\/\/www.kenial.de\/de\/wp-json\/wp\/v2\/users\/1"}],"replies":[{"embeddable":true,"href":"https:\/\/www.kenial.de\/de\/wp-json\/wp\/v2\/comments?post=7954"}],"version-history":[{"count":27,"href":"https:\/\/www.kenial.de\/de\/wp-json\/wp\/v2\/pages\/7954\/revisions"}],"predecessor-version":[{"id":10523,"href":"https:\/\/www.kenial.de\/de\/wp-json\/wp\/v2\/pages\/7954\/revisions\/10523"}],"up":[{"embeddable":true,"href":"https:\/\/www.kenial.de\/de\/wp-json\/wp\/v2\/pages\/6781"}],"wp:featuredmedia":[{"embeddable":true,"href":"https:\/\/www.kenial.de\/de\/wp-json\/wp\/v2\/media\/7915"}],"wp:attachment":[{"href":"https:\/\/www.kenial.de\/de\/wp-json\/wp\/v2\/media?parent=7954"}],"curies":[{"name":"wp","href":"https:\/\/api.w.org\/{rel}","templated":true}]}}