{"id":7944,"date":"2022-02-17T10:58:26","date_gmt":"2022-02-17T09:58:26","guid":{"rendered":"https:\/\/www.kenial.de\/de\/?page_id=7944"},"modified":"2025-09-01T17:52:21","modified_gmt":"2025-09-01T15:52:21","slug":"windhoek-boomerang","status":"publish","type":"page","link":"https:\/\/www.kenial.de\/de\/kenial\/namibia\/windhoek-boomerang\/","title":{"rendered":"Windhoek Boomerang"},"content":{"rendered":"<a href=\"https:\/\/www.kenial.de\/de\/kenial\/namibia\/windhoek-riverheights\/\">Windhoek Riverheights<\/a> \u2022 Windhoek Boomerang \u2022 <a href=\"https:\/\/www.kenial.de\/de\/kenial\/namibia\/windhoek\/\">Windhoek Wadadee<\/a> \u2022 <a href=\"https:\/\/www.kenial.de\/de\/kenial\/namibia\/kaokoveld\/\">Kaokoveld<\/a> \u2022 <a href=\"https:\/\/www.kenial.de\/de\/kenial\/namibia\/outjo\/\">Outjo<\/a> \u2022 <a href=\"https:\/\/www.kenial.de\/de\/kenial\/namibia\/kinderbewaarhuis-ein-kinderheim\/\">Kinderbewaarhuis<\/a> \u2022 <a href=\"https:\/\/www.kenial.de\/de\/kenial\/namibia\/omuhoro-schule\/\">Omuhoro School<\/a><\/p>\n<p>In Windhoeks Stadtteil Katatura leben zurzeit etwa 32.000 Einwohner. Katatura ist ein ehemaliges Township, entstand zur Rassentrennung w\u00e4hrend der Apartheid. Viele Kinder und Jugendliche leben in \u00e4rmlichen und sozial vern\u00e4chlassigten Verh\u00e4ltnissen. Ohne Strom und ohne Wasser. Der Kindergarten wird 2023 aufgel\u00f6st. Trotz mehrere Versuche, die Leitung zu unterst\u00fctzen, ist das Projekt f\u00fcr den Tr\u00e4ger (die Waldorfschule Windhoek) nicht mehr aufrecht zu erhalten. <\/p>\n<p><a href=\"https:\/\/www.kenial.de\/de\/kenial\/namibia\/windhoek-boomerang\/galerie-boomerang-2022\/\"><span class=\"dropcap circle\">G<\/span>Galerie Boomerang Kindergarten<\/a><\/p>\n<p>&nbsp;<\/p>\n<div class=\"oneThird\"><img loading=\"lazy\" decoding=\"async\" class=\"alignnone wp-image-8110 size-full\" src=\"https:\/\/www.kenial.de\/wp-content\/uploads\/2022\/04\/namib_boom_kl2.jpg\" alt=\"\" width=\"200\" height=\"147\" \/><br \/>\nDer Kindergarten Boomerang ist eine private Initiative. Hier kommen jeden Tag 50 Kinder, von 2 Monaten bis 6 Jahre, in die Betreuung und in die Vorschule. F\u00fcr viele Eltern ist der Kindergarten eine gro\u00dfartige Betreuungsm\u00f6glichkeit, von 6:00 Uhr am Morgen, bis in den Abend. Denn die Wege zur Arbeit sind ewig weit.<\/p>\n<\/div>\n<div class=\"oneThird\"><img loading=\"lazy\" decoding=\"async\" class=\"alignnone wp-image-7945 size-full\" src=\"https:\/\/www.kenial.de\/wp-content\/uploads\/2022\/02\/ankekossi_kl.jpg\" alt=\"\" width=\"200\" height=\"147\" \/><br \/>\nOskar, Wilma und Anke reisen im Fr\u00fchjahr 2022 nach Namibia. Und verbringen einen fr\u00f6hlichen Vormittag im Kindergarten. Begleitet von <a href=\"https:\/\/www.acacianamibia.com\/\" target=\"_blank\" rel=\"noopener\">Acacianamibia<\/a>, die den Kindergarten das ganze Jahr \u00fcber unterst\u00fctzen.<\/p>\n<\/div>\n<div class=\"oneThird last\"><img loading=\"lazy\" decoding=\"async\" class=\"alignnone wp-image-8108 size-full\" src=\"https:\/\/www.kenial.de\/wp-content\/uploads\/2022\/04\/namib_boom_kl.jpg\" alt=\"\" width=\"200\" height=\"147\" \/><br \/>\nMit im Gep\u00e4ck haben die drei Kinder-Rucks\u00e4cke, Sandalen, T-Shirts &#8211; aber auch Babykleidung. Und f\u00fcr die Sozialarbeiter vor Ort ein Laptop und ein Smartphone.<\/p>\n<\/div><div class=\"clear\"><\/div>","protected":false},"excerpt":{"rendered":"<p>Windhoek Riverheights \u2022 Windhoek Boomerang \u2022 Windhoek Wadadee \u2022 Kaokoveld \u2022 Outjo \u2022 Kinderbewaarhuis \u2022 Omuhoro School In Windhoeks Stadtteil Katatura leben zurzeit etwa 32.000 Einwohner. Katatura ist ein ehemaliges Township, entstand zur Rassentrennung w\u00e4hrend der Apartheid. Viele Kinder und Jugendliche leben in \u00e4rmlichen und sozial vern\u00e4chlassigten Verh\u00e4ltnissen. Ohne Strom und ohne Wasser. Der Kindergarten&hellip;<\/p>\n","protected":false},"author":1,"featured_media":7952,"parent":6781,"menu_order":0,"comment_status":"closed","ping_status":"closed","template":"","meta":{"footnotes":""},"class_list":["post-7944","page","type-page","status-publish","has-post-thumbnail","hentry"],"_links":{"self":[{"href":"https:\/\/www.kenial.de\/de\/wp-json\/wp\/v2\/pages\/7944","targetHints":{"allow":["GET"]}}],"collection":[{"href":"https:\/\/www.kenial.de\/de\/wp-json\/wp\/v2\/pages"}],"about":[{"href":"https:\/\/www.kenial.de\/de\/wp-json\/wp\/v2\/types\/page"}],"author":[{"embeddable":true,"href":"https:\/\/www.kenial.de\/de\/wp-json\/wp\/v2\/users\/1"}],"replies":[{"embeddable":true,"href":"https:\/\/www.kenial.de\/de\/wp-json\/wp\/v2\/comments?post=7944"}],"version-history":[{"count":16,"href":"https:\/\/www.kenial.de\/de\/wp-json\/wp\/v2\/pages\/7944\/revisions"}],"predecessor-version":[{"id":10318,"href":"https:\/\/www.kenial.de\/de\/wp-json\/wp\/v2\/pages\/7944\/revisions\/10318"}],"up":[{"embeddable":true,"href":"https:\/\/www.kenial.de\/de\/wp-json\/wp\/v2\/pages\/6781"}],"wp:featuredmedia":[{"embeddable":true,"href":"https:\/\/www.kenial.de\/de\/wp-json\/wp\/v2\/media\/7952"}],"wp:attachment":[{"href":"https:\/\/www.kenial.de\/de\/wp-json\/wp\/v2\/media?parent=7944"}],"curies":[{"name":"wp","href":"https:\/\/api.w.org\/{rel}","templated":true}]}}