{"id":7841,"date":"2022-01-31T16:47:59","date_gmt":"2022-01-31T15:47:59","guid":{"rendered":"https:\/\/www.kenial.de\/de\/?page_id=7841"},"modified":"2026-01-13T15:45:51","modified_gmt":"2026-01-13T14:45:51","slug":"onju","status":"publish","type":"page","link":"https:\/\/www.kenial.de\/de\/kenial\/namibia\/outjo\/","title":{"rendered":"Outjo"},"content":{"rendered":"<a href=\"https:\/\/www.kenial.de\/de\/kenial\/namibia\/windhoek-riverheights\/\">Windhoek Riverheights<\/a> \u2022 <a href=\"https:\/\/www.kenial.de\/de\/kenial\/namibia\/windhoek\/\">Windhoek Wadadee<\/a> \u2022 <a href=\"https:\/\/www.kenial.de\/de\/kenial\/namibia\/kaokoveld\/\">Kaokoveld<\/a> \u2022 Outjo \u2022 <a href=\"https:\/\/www.kenial.de\/de\/kenial\/namibia\/kinderbewaarhuis-ein-kinderheim\/\">Kinderbewaarhuis<\/a> \u2022 <a href=\"https:\/\/www.kenial.de\/de\/kenial\/namibia\/omuhoro-schule\/\">Omuhoro School<\/a> \u2022 <a href=\"https:\/\/www.kenial.de\/de\/kenial\/namibia\/kidssoupkitchen\/\">Kids Soupkitchen<\/a><\/p>\n<p>Der 2013 gegr\u00fcndete Kindergarten der Ludmary Foundation befindet sich in Outjo im Norden Namibias. Rund 50 Kinder im Alter von zwei Monaten bis sechs Jahren kommen t\u00e4glich und werden in verschiedenen Gruppen betreut. Gem\u00e4\u00df dem Motto &#8222;Play to Learn&#8220; lernen die Kinder w\u00e4hrend ihrer Zeit im Kindergarten auf spielerische Weise sowohl soziale als auch schulvorbereitende F\u00e4higkeiten.<\/p>\n<div class=\"oneThird\"><img loading=\"lazy\" decoding=\"async\" src=\"https:\/\/www.kenial.de\/wp-content\/uploads\/2022\/01\/namibia_kl1.jpg\" alt=\"\" width=\"200\" height=\"147\"\/><br \/>\nDie Kinder. Vor der Pandamie kamen etwa 50 Kinder in den Kindergarten. Wir werden sehen, wie viele Kinder zur\u00fcckkommen, wenn sich die Lage 2022 wieder entspannt. Die Sozialarbeiter rechnen mit \u00fcber 30 Kindern.<\/p>\n<\/div>\n<div class=\"oneThird\"><img loading=\"lazy\" decoding=\"async\" src=\"https:\/\/www.kenial.de\/wp-content\/uploads\/2022\/01\/anna_namib.jpg\" alt=\"\" width=\"200\" height=\"147\"\/><br \/>\nReisende. Anna ist als angehende Tier\u00e4rztin auf dem Weg nach Namibia. Und auf ihrem Weg in den Norden wird sie den Kindergarten besuchen.<\/p>\n<\/div>\n<div class=\"oneThird last\"><img loading=\"lazy\" decoding=\"async\" class=\"alignnone size-full wp-image-7410\" src=\"https:\/\/www.kenial.de\/wp-content\/uploads\/2022\/02\/namibia1_22_kl.jpg\" alt=\"\" width=\"200\" height=\"147\"\/><br \/>\nEin kleiner Anfang. Wir werden 2022 mit Sachen f\u00fcr 38 Kinder starten. Sie erhalten einen sch\u00f6nen Rucksack und ein T-Shirt f\u00fcr ihre spannende Kindergartenzeit.<\/p>\n<\/div><div class=\"clear\"><\/div>\n<div class=\"oneThird\">\n<img loading=\"lazy\" decoding=\"async\" src=\"https:\/\/www.kenial.de\/wp-content\/uploads\/2022\/03\/comp_outjo_kl.jpg\" alt=\"\" width=\"200\" height=\"147\" class=\"alignnone size-full wp-image-8018\" \/><br \/>\nEliana bringt im M\u00e4rz 2022 der Kindergartenleitung noch einen Laptop und ein Mobiltelefon. Pers\u00f6nlich und direkt.<\/p>\n<\/div>\n<div class=\"oneThird\">\n<span class=\"dropcap circle\">G <\/span> <a href=\"https:\/\/www.kenial.de\/de\/kenial\/namibia\/outjo\/galerie-outjo\/\">alerie<\/a><\/p>\n<\/div>","protected":false},"excerpt":{"rendered":"<p>Windhoek Riverheights \u2022 Windhoek Wadadee \u2022 Kaokoveld \u2022 Outjo \u2022 Kinderbewaarhuis \u2022 Omuhoro School \u2022 Kids Soupkitchen Der 2013 gegr\u00fcndete Kindergarten der Ludmary Foundation befindet sich in Outjo im Norden Namibias. Rund 50 Kinder im Alter von zwei Monaten bis sechs Jahren kommen t\u00e4glich und werden in verschiedenen Gruppen betreut. Gem\u00e4\u00df dem Motto &#8222;Play to&hellip;<\/p>\n","protected":false},"author":1,"featured_media":7868,"parent":6781,"menu_order":0,"comment_status":"closed","ping_status":"closed","template":"","meta":{"footnotes":""},"class_list":["post-7841","page","type-page","status-publish","has-post-thumbnail","hentry"],"_links":{"self":[{"href":"https:\/\/www.kenial.de\/de\/wp-json\/wp\/v2\/pages\/7841","targetHints":{"allow":["GET"]}}],"collection":[{"href":"https:\/\/www.kenial.de\/de\/wp-json\/wp\/v2\/pages"}],"about":[{"href":"https:\/\/www.kenial.de\/de\/wp-json\/wp\/v2\/types\/page"}],"author":[{"embeddable":true,"href":"https:\/\/www.kenial.de\/de\/wp-json\/wp\/v2\/users\/1"}],"replies":[{"embeddable":true,"href":"https:\/\/www.kenial.de\/de\/wp-json\/wp\/v2\/comments?post=7841"}],"version-history":[{"count":20,"href":"https:\/\/www.kenial.de\/de\/wp-json\/wp\/v2\/pages\/7841\/revisions"}],"predecessor-version":[{"id":10492,"href":"https:\/\/www.kenial.de\/de\/wp-json\/wp\/v2\/pages\/7841\/revisions\/10492"}],"up":[{"embeddable":true,"href":"https:\/\/www.kenial.de\/de\/wp-json\/wp\/v2\/pages\/6781"}],"wp:featuredmedia":[{"embeddable":true,"href":"https:\/\/www.kenial.de\/de\/wp-json\/wp\/v2\/media\/7868"}],"wp:attachment":[{"href":"https:\/\/www.kenial.de\/de\/wp-json\/wp\/v2\/media?parent=7841"}],"curies":[{"name":"wp","href":"https:\/\/api.w.org\/{rel}","templated":true}]}}