{"id":7706,"date":"2021-11-22T20:23:00","date_gmt":"2021-11-22T19:23:00","guid":{"rendered":"https:\/\/www.kenial.de\/de\/?page_id=7706"},"modified":"2025-12-07T12:59:16","modified_gmt":"2025-12-07T11:59:16","slug":"suedafrika-2020","status":"publish","type":"page","link":"https:\/\/www.kenial.de\/de\/kenial\/suedafrika\/suedafrika-2020\/","title":{"rendered":"S\u00fcdafrika 2020"},"content":{"rendered":"S\u00fcdafrika 2020 \u2022 <a href=\"https:\/\/www.kenial.de\/de\/kenial\/suedafrika\/suedafrika-2021\/\">S\u00fcdafrika 2021<\/a> \u2022 <a href=\"https:\/\/www.kenial.de\/de\/kenial\/suedafrika\/suedafrika-2023\/\">S\u00fcdafrika 2023<\/a> \u2022 <a href=\"https:\/\/www.kenial.de\/de\/kenial\/suedafrika\/suedafrika-2024\/\">S\u00fcdafrika 2024<\/a><\/p>\n<p><a href=\"https:\/\/homestead.org.za\/\" target=\"_blank\" rel=\"noopener noreferrer\">The Homestead<\/a> hilft Strassenkindern sich in sicherer Umgebung zu stabilisieren. Befasst sich mit etwaigem Drogenmissbrauch, Verhaltens- und Traumaproblemen. K\u00fcmmert sich um Bildung, Schulbesuch, Ausbildung der Jungs. Wenn m\u00f6glich versucht The Homestead den Weg zu den Familien zur\u00fcck zu \u00f6ffnen, oder die Jungs in dem angegliederten Launchpad Project unter zu bringen. Um dann als unabh\u00e4ngiger und eigenst\u00e4ndiger Mensch zu leben.<br \/>\n<div class=\"oneThird\"><img loading=\"lazy\" decoding=\"async\" class=\"alignnone wp-image-6109 size-full\" src=\"https:\/\/www.kenial.de\/wp-content\/uploads\/2020\/01\/sa_boys_kl.jpg\" alt=\"\" width=\"200\" height=\"147\" \/><br \/>\nDie Kinder. 65  ehemalige Strassenkinder zwischen 7 und 17 finden im Shelter in Kapstadt ein neues zu Hause. Sie k\u00f6nnen wieder in die Schule gehen, erfahren einen regelm\u00e4\u00dfigen Alltag, spielen Fu\u00dfball uvm. <\/p>\n<\/div>\n<div class=\"oneThird\"><img loading=\"lazy\" decoding=\"async\" class=\"alignnone wp-image-6821 size-full\" src=\"https:\/\/www.kenial.de\/wp-content\/uploads\/2020\/12\/quad_sA.jpg\" alt=\"\" width=\"200\" height=\"147\" \/><br \/>\nDie \u00dcbergabe. KENIAL e.V. startet anfang Dezember nach Kapstadt um die \u00dcbergabe vor Ort zu regeln. \u00dcberbracht werden Shirts, Socken, Schuhe, B\u00e4lle und kleine Tatonkis.<\/p>\n<\/div>\n<div class=\"oneThird last\"><img loading=\"lazy\" decoding=\"async\" class=\"alignnone wp-image-6858 size-full\" src=\"https:\/\/www.kenial.de\/wp-content\/uploads\/2020\/12\/paul_hooper.jpg\" alt=\"\" width=\"200\" height=\"147\" \/><br \/>\nAnsprechpartner. Mr. Paul Hooper, der Direktor von The Homestead ist unser direkter Ansprechpartner vor Ort. Zeigt uns Shelter und das Haus f\u00fcr die \u00e4lteren Jungs auf dem Sprung in ein eigenst\u00e4ndiges Leben.<\/p>\n<\/div><div class=\"clear\"><\/div>","protected":false},"excerpt":{"rendered":"<p>S\u00fcdafrika 2020 \u2022 S\u00fcdafrika 2021 \u2022 S\u00fcdafrika 2023 \u2022 S\u00fcdafrika 2024 The Homestead hilft Strassenkindern sich in sicherer Umgebung zu stabilisieren. Befasst sich mit etwaigem Drogenmissbrauch, Verhaltens- und Traumaproblemen. K\u00fcmmert sich um Bildung, Schulbesuch, Ausbildung der Jungs. Wenn m\u00f6glich versucht The Homestead den Weg zu den Familien zur\u00fcck zu \u00f6ffnen, oder die Jungs in dem&hellip;<\/p>\n","protected":false},"author":1,"featured_media":7726,"parent":6107,"menu_order":0,"comment_status":"closed","ping_status":"closed","template":"","meta":{"footnotes":""},"class_list":["post-7706","page","type-page","status-publish","has-post-thumbnail","hentry"],"_links":{"self":[{"href":"https:\/\/www.kenial.de\/de\/wp-json\/wp\/v2\/pages\/7706","targetHints":{"allow":["GET"]}}],"collection":[{"href":"https:\/\/www.kenial.de\/de\/wp-json\/wp\/v2\/pages"}],"about":[{"href":"https:\/\/www.kenial.de\/de\/wp-json\/wp\/v2\/types\/page"}],"author":[{"embeddable":true,"href":"https:\/\/www.kenial.de\/de\/wp-json\/wp\/v2\/users\/1"}],"replies":[{"embeddable":true,"href":"https:\/\/www.kenial.de\/de\/wp-json\/wp\/v2\/comments?post=7706"}],"version-history":[{"count":3,"href":"https:\/\/www.kenial.de\/de\/wp-json\/wp\/v2\/pages\/7706\/revisions"}],"predecessor-version":[{"id":10397,"href":"https:\/\/www.kenial.de\/de\/wp-json\/wp\/v2\/pages\/7706\/revisions\/10397"}],"up":[{"embeddable":true,"href":"https:\/\/www.kenial.de\/de\/wp-json\/wp\/v2\/pages\/6107"}],"wp:featuredmedia":[{"embeddable":true,"href":"https:\/\/www.kenial.de\/de\/wp-json\/wp\/v2\/media\/7726"}],"wp:attachment":[{"href":"https:\/\/www.kenial.de\/de\/wp-json\/wp\/v2\/media?parent=7706"}],"curies":[{"name":"wp","href":"https:\/\/api.w.org\/{rel}","templated":true}]}}