{"id":7419,"date":"2021-09-05T11:09:56","date_gmt":"2021-09-05T09:09:56","guid":{"rendered":"https:\/\/www.kenial.de\/de\/?page_id=7419"},"modified":"2022-03-28T11:41:50","modified_gmt":"2022-03-28T09:41:50","slug":"albanien-2021","status":"publish","type":"page","link":"https:\/\/www.kenial.de\/de\/kenial\/albanien-2\/albanien-2021\/","title":{"rendered":"Albanien 2021"},"content":{"rendered":"<a href=\"https:\/\/www.kenial.de\/de\/kenial\/albanien-2\/albanien-2017\/\">Albanien 2017<\/a> \u2022 <a href=\"https:\/\/www.kenial.de\/de\/kenial\/albanien-2\/albanien-2019\/\">Albanien 2019<\/a> \u2022 <a href=\"https:\/\/www.kenial.de\/de\/kenial\/albanien-2\/albanien-2020\/\">Albanien 2020<\/a> \u2022 Albanien 2021 \u2022 <a href=\"https:\/\/www.kenial.de\/de\/kenial\/albanien-2\/albanien-2022\/\">Albanien 2022<\/a> <\/p>\n<p>Lisa ist im Urlaub und f\u00e4hrt auf ihrer Reise in Elbasan vobei. Mit im Gep\u00e4ck ein neuer Laptop f\u00fcr die Schhule und jede Menge Rucks\u00e4cke und Taschen.<\/p>\n<div class=\"oneThird\"><img loading=\"lazy\" decoding=\"async\" class=\"alignnone wp-image-7426 size-full\" src=\"https:\/\/www.kenial.de\/wp-content\/uploads\/2021\/09\/alb2021_kl.jpg\" alt=\"\" width=\"200\" height=\"147\" \/><br \/>\nDie Kinder. Ein Laptop f\u00fcr die Sch\u00fcler wird immer gebraucht.<\/p>\n<\/div>\n<div class=\"oneThird\"><img loading=\"lazy\" decoding=\"async\" class=\"alignnone wp-image-7420 size-full\" src=\"https:\/\/www.kenial.de\/wp-content\/uploads\/2021\/09\/alb_21_taschen.jpg\" alt=\"\" width=\"200\" height=\"147\" \/><br \/>\nDie Kinder. Taschen und Rucks\u00e4cke f\u00fcr alle.<\/p>\n<\/div>\n<div class=\"oneThird last\"><img loading=\"lazy\" decoding=\"async\" class=\"alignnone wp-image-7421 size-full\" src=\"https:\/\/www.kenial.de\/wp-content\/uploads\/2021\/09\/lisa2021_alb.jpg\" alt=\"\" width=\"200\" height=\"147\" \/><br \/>\nDie Reisende. Lisa ist Kletterin und Trainerin, und gerne im Bus unterwegs.<\/p>\n<\/div><div class=\"clear\"><\/div>\n<div class=\"oneThird\"><img loading=\"lazy\" decoding=\"async\" class=\"alignnone wp-image-5570 size-full\" src=\"https:\/\/www.kenial.de\/wp-content\/uploads\/2019\/08\/marsid19.jpg\" alt=\"\" width=\"200\" height=\"147\" \/><br \/>\nKontakt. Marsid bringt seine Kids sicher durch die Krise. Mit unendlichem Engagement.<\/p>\n<\/div>","protected":false},"excerpt":{"rendered":"<p>Albanien 2017 \u2022 Albanien 2019 \u2022 Albanien 2020 \u2022 Albanien 2021 \u2022 Albanien 2022 Lisa ist im Urlaub und f\u00e4hrt auf ihrer Reise in Elbasan vobei. Mit im Gep\u00e4ck ein neuer Laptop f\u00fcr die Schhule und jede Menge Rucks\u00e4cke und Taschen.<\/p>\n","protected":false},"author":1,"featured_media":7354,"parent":4136,"menu_order":0,"comment_status":"closed","ping_status":"closed","template":"","meta":{"footnotes":""},"class_list":["post-7419","page","type-page","status-publish","has-post-thumbnail","hentry"],"_links":{"self":[{"href":"https:\/\/www.kenial.de\/de\/wp-json\/wp\/v2\/pages\/7419","targetHints":{"allow":["GET"]}}],"collection":[{"href":"https:\/\/www.kenial.de\/de\/wp-json\/wp\/v2\/pages"}],"about":[{"href":"https:\/\/www.kenial.de\/de\/wp-json\/wp\/v2\/types\/page"}],"author":[{"embeddable":true,"href":"https:\/\/www.kenial.de\/de\/wp-json\/wp\/v2\/users\/1"}],"replies":[{"embeddable":true,"href":"https:\/\/www.kenial.de\/de\/wp-json\/wp\/v2\/comments?post=7419"}],"version-history":[{"count":1,"href":"https:\/\/www.kenial.de\/de\/wp-json\/wp\/v2\/pages\/7419\/revisions"}],"predecessor-version":[{"id":8082,"href":"https:\/\/www.kenial.de\/de\/wp-json\/wp\/v2\/pages\/7419\/revisions\/8082"}],"up":[{"embeddable":true,"href":"https:\/\/www.kenial.de\/de\/wp-json\/wp\/v2\/pages\/4136"}],"wp:featuredmedia":[{"embeddable":true,"href":"https:\/\/www.kenial.de\/de\/wp-json\/wp\/v2\/media\/7354"}],"wp:attachment":[{"href":"https:\/\/www.kenial.de\/de\/wp-json\/wp\/v2\/media?parent=7419"}],"curies":[{"name":"wp","href":"https:\/\/api.w.org\/{rel}","templated":true}]}}