{"id":7383,"date":"2021-09-05T09:47:36","date_gmt":"2021-09-05T07:47:36","guid":{"rendered":"https:\/\/www.kenial.de\/de\/?page_id=7383"},"modified":"2024-02-01T10:49:09","modified_gmt":"2024-02-01T09:49:09","slug":"kyrgyztan-2021","status":"publish","type":"page","link":"https:\/\/www.kenial.de\/de\/kenial\/kirgistan\/kirgistan-2021\/","title":{"rendered":"Kirgistan 2021"},"content":{"rendered":"<p style=\"text-align: center;\"><a href=\"https:\/\/www.kenial.de\/de\/kenial\/kirgistan\/kirgistan-2018\/\">Kirgistan 2018<\/a> \u2022 <a href=\"https:\/\/www.kenial.de\/de\/kenial\/kirgistan\/kirgistan-2020\/\">Kirgistan 2020<\/a> \u2022 Kirgistan 2021 \u2022 <a href=\"https:\/\/www.kenial.de\/de\/kenial\/kirgistan\/kirgistan-2023\/\">Kirgistan 2023<\/a> \u2022 <a href=\"https:\/\/www.kenial.de\/de\/kenial\/kirgistan\/kirgistan-2024\/\">Kirgistan 2024<\/a><\/p>\n<p>Ziel ist der Gipfel des Pik Lenin. Eine Expidition aus der Schweiz macht sich auf den Weg, gef\u00fchrt von Bergf\u00fchrer Franz H\u00f6lzl. Und weil der nicht nur eine sichere Tour m\u00f6chte, sondern auch Berge f\u00fcr Kinder der Welt versetzen, nimmt er warme Jacken und Schulrucks\u00e4cke f\u00fcr die Kinder des Kinderheims in Tokmok mit. Und \u00fcbergibt alles pers\u00f6nlich und direkt vor Ort.<\/p>\n<div class=\"oneThird\">\n<img loading=\"lazy\" decoding=\"async\" class=\"alignnone wp-image-7384 size-full\" src=\"https:\/\/www.kenial.de\/wp-content\/uploads\/2021\/09\/kirg_kids_klein.jpg\" alt=\"\" width=\"200\" height=\"147\" \/><br \/>\nDie Kinder. Im Kinderheim &#8222;Baktyluu balalyk&#8220; in Tokmok leben insgesamt 20 Jungen und M\u00e4dchen. Die Zimmer sind sehr klein und das Personal versucht, den Kindern ein normales Aufwachsen zu erm\u00f6glichen. Franz kauft B\u00e4lle und geht dann an seinem freien Tag selbst ins Heim, bevor er nach Hause geht.<\/p>\n<\/div>\n<div class=\"oneThird\"><img loading=\"lazy\" decoding=\"async\" class=\"alignnone wp-image-7385 size-full\" src=\"https:\/\/www.kenial.de\/wp-content\/uploads\/2021\/09\/franz_ho\u0308lzl_kl.jpg\" alt=\"\" width=\"200\" height=\"147\" \/><br \/>\nDer Reisende. Franz H\u00f6lzl ist ein Bergf\u00fchrer aus M\u00fcnchen. Und will den Kindern vor Ort helfen. Wir sind erstaunt \u00fcber seine super Unterst\u00fctzung bei der Planung im Vorfeld. Und das, obwohl die Pandemie das Reisen immer noch schwierig macht. Vielen Dank, Franz.<\/p>\n<\/div>\n<div class=\"oneThird last\"><img loading=\"lazy\" decoding=\"async\" class=\"alignnone wp-image-6059 size-full\" src=\"https:\/\/www.kenial.de\/wp-content\/uploads\/2020\/01\/misha_kirg.jpg\" alt=\"\" width=\"200\" height=\"140\" \/><br \/>\nKontakt vor Ort und \u00dcbergabe. Die gesamte Organisation vor Ort \u00fcbernimmt nat\u00fcrlich Misha Danishkin, selbst Bergf\u00fchrer und der erste Winterbesteiger aller 7000er in der ehemaligen Sowjetunion. Franz und Misha treffen sich zum ersten Mal im Basecamp. Franz hat auch etwas f\u00fcr die jungen Bergsteiger dabei, das Mischa sp\u00e4ter verteilen wird. Danke Misha f\u00fcr die ganze Organisation mit dem Kinderheim und den jungen wilden Bergsteigern.<\/p>\n<\/div><div class=\"clear\"><\/div>\n<div class=\"oneThird\"><img loading=\"lazy\" decoding=\"async\" class=\"alignnone wp-image-7386 size-full\" src=\"https:\/\/www.kenial.de\/wp-content\/uploads\/2021\/09\/piclenin_kl.jpg\" alt=\"\" width=\"200\" height=\"147\" \/><br \/>\nDas Ziel. Der Lenin-Gipfel ist der h\u00f6chste Berg der Transalai-Kette im n\u00f6rdlichen Teil des Pamirs. Mit 7134 m ist er einer der h\u00f6chsten Gipfel im Pamir. Im Jahr 2006 wurde der Lenin-Gipfel in Independence Peak umbenannt.<\/p>\n<\/div>","protected":false},"excerpt":{"rendered":"<p>Kirgistan 2018 \u2022 Kirgistan 2020 \u2022 Kirgistan 2021 \u2022 Kirgistan 2023 \u2022 Kirgistan 2024 Ziel ist der Gipfel des Pik Lenin. Eine Expidition aus der Schweiz macht sich auf den Weg, gef\u00fchrt von Bergf\u00fchrer Franz H\u00f6lzl. Und weil der nicht nur eine sichere Tour m\u00f6chte, sondern auch Berge f\u00fcr Kinder der Welt versetzen, nimmt er&hellip;<\/p>\n","protected":false},"author":1,"featured_media":7387,"parent":4128,"menu_order":0,"comment_status":"closed","ping_status":"closed","template":"","meta":{"footnotes":""},"class_list":["post-7383","page","type-page","status-publish","has-post-thumbnail","hentry"],"_links":{"self":[{"href":"https:\/\/www.kenial.de\/de\/wp-json\/wp\/v2\/pages\/7383","targetHints":{"allow":["GET"]}}],"collection":[{"href":"https:\/\/www.kenial.de\/de\/wp-json\/wp\/v2\/pages"}],"about":[{"href":"https:\/\/www.kenial.de\/de\/wp-json\/wp\/v2\/types\/page"}],"author":[{"embeddable":true,"href":"https:\/\/www.kenial.de\/de\/wp-json\/wp\/v2\/users\/1"}],"replies":[{"embeddable":true,"href":"https:\/\/www.kenial.de\/de\/wp-json\/wp\/v2\/comments?post=7383"}],"version-history":[{"count":4,"href":"https:\/\/www.kenial.de\/de\/wp-json\/wp\/v2\/pages\/7383\/revisions"}],"predecessor-version":[{"id":9330,"href":"https:\/\/www.kenial.de\/de\/wp-json\/wp\/v2\/pages\/7383\/revisions\/9330"}],"up":[{"embeddable":true,"href":"https:\/\/www.kenial.de\/de\/wp-json\/wp\/v2\/pages\/4128"}],"wp:featuredmedia":[{"embeddable":true,"href":"https:\/\/www.kenial.de\/de\/wp-json\/wp\/v2\/media\/7387"}],"wp:attachment":[{"href":"https:\/\/www.kenial.de\/de\/wp-json\/wp\/v2\/media?parent=7383"}],"curies":[{"name":"wp","href":"https:\/\/api.w.org\/{rel}","templated":true}]}}