{"id":7282,"date":"2021-06-03T21:17:53","date_gmt":"2021-06-03T19:17:53","guid":{"rendered":"https:\/\/www.kenial.de\/de\/?page_id=7282"},"modified":"2026-01-13T15:44:59","modified_gmt":"2026-01-13T14:44:59","slug":"kaokoveld","status":"publish","type":"page","link":"https:\/\/www.kenial.de\/de\/kenial\/namibia\/kaokoveld\/","title":{"rendered":"Kaokoveld"},"content":{"rendered":"<a href=\"https:\/\/www.kenial.de\/de\/kenial\/namibia\/windhoek-riverheights\/\">Windhoek Riverheights<\/a> \u2022 <a href=\"https:\/\/www.kenial.de\/de\/kenial\/namibia\/windhoek\/\">Windhoek Wadadee<\/a> \u2022 Kaokoveld \u2022 <a href=\"https:\/\/www.kenial.de\/de\/kenial\/namibia\/outjo\/\">Outjo<\/a> \u2022 <a href=\"https:\/\/www.kenial.de\/de\/kenial\/namibia\/kinderbewaarhuis-ein-kinderheim\/\">Kinderbewaarhuis<\/a> \u2022 <a href=\"https:\/\/www.kenial.de\/de\/kenial\/namibia\/omuhoro-schule\/\">Omuhoro School<\/a> \u2022 <a href=\"https:\/\/www.kenial.de\/de\/kenial\/namibia\/kidssoupkitchen\/\">Kids Soupkitchen<\/a><\/p>\n<p>Die Omuhonga Combined School liegt im Nordwesten Namibias, in einer der urspr\u00fcnglichsten Regionen des Landes, dem Kaokoveld. In der gesamten Region gibt es kaum Infrastruktur und die Menschen leben zum Teil traditionell nomadisch. Ihren Besitz messen die meisten Menschen an ihren Ziegen und K\u00fchen. Der einzige richtige Ort dieser Region, Opuwo, ist circa 120 km entfernt. Alle Lehrer und die circa 400 Sch\u00fcler wohnen ganzj\u00e4hrig in der Schule. Die Eltern karbeiten hart, um das Schulgeld f\u00fcr ihre Kinder aufzubringen.<\/p>\n<div class=\"oneThird\"><img loading=\"lazy\" decoding=\"async\" src=\"https:\/\/www.kenial.de\/wp-content\/uploads\/2021\/06\/namibia_kids2_621.jpg\" alt=\"\" width=\"200\" height=\"145\"\/><br \/>\nDie Kinder. Ungef\u00e4hr 400 Schulkinder, zwischen 5 und 22 Jahren alt. Sie leben das ganze Jahr in der Schule und stammen zum Gro\u00dfteil aus Nomadenfamilien.<\/p>\n<\/div>\n<div class=\"oneThird\"><img loading=\"lazy\" decoding=\"async\" src=\"https:\/\/www.kenial.de\/wp-content\/uploads\/2021\/06\/lena_namibia.jpg\" alt=\"\" width=\"200\" height=\"145\"\/><br \/>\nReisende. Lena hat schon 2020 in der Omuhonga Combined School unterrichtet. Und mu\u00dfte dann wegen der Pandemie vorzeitig zur\u00fcck nach Deutschland. Nun macht sie sich wieder auf den Weg, zu ihrer Schule und ihren Kids. Vorher wird Lena noch Klettern in Namibia. Wir freuen uns auf Bilder.<\/p>\n<\/div>\n<div class=\"oneThird last\"><img loading=\"lazy\" decoding=\"async\" src=\"https:\/\/www.kenial.de\/wp-content\/uploads\/2021\/09\/namibia_kl.jpg\" alt=\"\" width=\"200\" height=\"145\"\/><br \/>\nEin kleiner Anfang. Corona bedingt ist Lenas Abreise spontan und ohne gro\u00dfen Vorlauf. F\u00fcr Cargo reicht die Zeit nicht, aber wenigstens gute Kleidung bringt sie den j\u00fcngsten Kindern mit.<\/p>\n<\/div><div class=\"clear\"><\/div>\n<div class=\"oneThird\">\n<span class=\"dropcap circle\">G <\/span> <a href=\"https:\/\/www.kenial.de\/de\/kenial\/namibia\/kaokoveld\/galerie-kaokoveld\/\">Galerie<\/a><\/p>\n<\/div>","protected":false},"excerpt":{"rendered":"<p>Windhoek Riverheights \u2022 Windhoek Wadadee \u2022 Kaokoveld \u2022 Outjo \u2022 Kinderbewaarhuis \u2022 Omuhoro School \u2022 Kids Soupkitchen Die Omuhonga Combined School liegt im Nordwesten Namibias, in einer der urspr\u00fcnglichsten Regionen des Landes, dem Kaokoveld. In der gesamten Region gibt es kaum Infrastruktur und die Menschen leben zum Teil traditionell nomadisch. Ihren Besitz messen die meisten&hellip;<\/p>\n","protected":false},"author":1,"featured_media":7279,"parent":6781,"menu_order":0,"comment_status":"closed","ping_status":"closed","template":"","meta":{"footnotes":""},"class_list":["post-7282","page","type-page","status-publish","has-post-thumbnail","hentry"],"_links":{"self":[{"href":"https:\/\/www.kenial.de\/de\/wp-json\/wp\/v2\/pages\/7282","targetHints":{"allow":["GET"]}}],"collection":[{"href":"https:\/\/www.kenial.de\/de\/wp-json\/wp\/v2\/pages"}],"about":[{"href":"https:\/\/www.kenial.de\/de\/wp-json\/wp\/v2\/types\/page"}],"author":[{"embeddable":true,"href":"https:\/\/www.kenial.de\/de\/wp-json\/wp\/v2\/users\/1"}],"replies":[{"embeddable":true,"href":"https:\/\/www.kenial.de\/de\/wp-json\/wp\/v2\/comments?post=7282"}],"version-history":[{"count":11,"href":"https:\/\/www.kenial.de\/de\/wp-json\/wp\/v2\/pages\/7282\/revisions"}],"predecessor-version":[{"id":10491,"href":"https:\/\/www.kenial.de\/de\/wp-json\/wp\/v2\/pages\/7282\/revisions\/10491"}],"up":[{"embeddable":true,"href":"https:\/\/www.kenial.de\/de\/wp-json\/wp\/v2\/pages\/6781"}],"wp:featuredmedia":[{"embeddable":true,"href":"https:\/\/www.kenial.de\/de\/wp-json\/wp\/v2\/media\/7279"}],"wp:attachment":[{"href":"https:\/\/www.kenial.de\/de\/wp-json\/wp\/v2\/media?parent=7282"}],"curies":[{"name":"wp","href":"https:\/\/api.w.org\/{rel}","templated":true}]}}