{"id":7280,"date":"2021-06-03T21:17:32","date_gmt":"2021-06-03T19:17:32","guid":{"rendered":"https:\/\/www.kenial.de\/de\/?page_id=7280"},"modified":"2026-01-13T15:44:08","modified_gmt":"2026-01-13T14:44:08","slug":"windhoek","status":"publish","type":"page","link":"https:\/\/www.kenial.de\/de\/kenial\/namibia\/windhoek\/","title":{"rendered":"Windhoek Wadadee"},"content":{"rendered":"<a href=\"https:\/\/www.kenial.de\/de\/kenial\/namibia\/windhoek-riverheights\/\">Windhoek Riverheights<\/a> \u2022 Windhoek Wadadee \u2022 <a href=\"https:\/\/www.kenial.de\/de\/kenial\/namibia\/kaokoveld\/\">Kaokoveld<\/a> \u2022 <a href=\"https:\/\/www.kenial.de\/de\/kenial\/namibia\/outjo\/\">Outjo<\/a> \u2022 <a href=\"https:\/\/www.kenial.de\/de\/kenial\/namibia\/kinderbewaarhuis-ein-kinderheim\/\">Kinderbewaarhuis<\/a> \u2022 <a href=\"https:\/\/www.kenial.de\/de\/kenial\/namibia\/omuhoro-schule\/\">Omuhoro School<\/a> \u2022 <a href=\"https:\/\/www.kenial.de\/de\/kenial\/namibia\/kidssoupkitchen\/\">Kids Soupkitchen<\/a><\/p>\n<p>In Windhoeks Stadtteil Katatura leben zurzeit etwa 66.700 Einwohner. Katatura ist ein ehemaliges Township, entstand zur Rassentrennung w\u00e4hrend der Apartheid. Viele Kinder und Jugendliche leben in \u00e4rmlichen und sozial vern\u00e4chlassigten Verh\u00e4ltnissen.<\/p>\n<div class=\"oneThird\"><img loading=\"lazy\" decoding=\"async\" class=\"alignnone wp-image-6850 size-full\" src=\"https:\/\/www.kenial.de\/wp-content\/uploads\/2020\/12\/timewa_kl.jpg\" alt=\"\" width=\"200\" height=\"147\" \/><br \/>\n<a href=\"https:\/\/timhowelladventure.com\/\" target=\"_blank\" rel=\"noopener\">Tim Howell<\/a> und Ewa Kalisiewicz besuchen die NGO Wadadee in Katatura. Sie sind zum KLettern und Basejumpen in diesem wundersch\u00f6nen Land. Den Kindern des Kindergartens bringen sie kleine Rucks\u00e4cke und auch mit dabei Stoffe f\u00fcr die NamPads.<\/p>\n<\/div>\n<div class=\"oneThird\"><img loading=\"lazy\" decoding=\"async\" class=\"alignnone wp-image-7917 size-full\" src=\"https:\/\/www.kenial.de\/wp-content\/uploads\/2022\/02\/wadade_namibia_kl.jpg\" alt=\"\" width=\"200\" height=\"147\" \/><br \/>\nDer Verein <a href=\"https:\/\/www.wadadeecares.com\" target=\"_blank\" rel=\"noopener\">Wadadee<\/a> betreut unterschiedliche Projekte mit Kindern und Jugendlichden. Unter anderem einen Kindergarten, eine Suppenk\u00fcche f\u00fcr die Kinder und das Projekt NamPads f\u00fcr N\u00e4herinnen.<\/p>\n<\/div>\n<div class=\"oneThird last\"><img loading=\"lazy\" decoding=\"async\" class=\"alignnone wp-image-6785 size-full\" src=\"https:\/\/www.kenial.de\/wp-content\/uploads\/2020\/12\/nam_pads.jpg\" alt=\"\" width=\"200\" height=\"140\" \/><br \/>\nMit im Gep\u00e4ck haben beide auch Stoffe und Handt\u00fccher, denn Wadadee n\u00e4ht mit N\u00e4herInnen Binden f\u00fcr die M\u00e4dchen und jungen Frauen der Wadadee Cares Partner-Projekte. Diese sind f\u00fcr die M\u00e4dchen kostenlos. Die N\u00e4herinnen k\u00f6nnen Pads auch in ihrer Umgebung verkaufen, um so finanziell unabh\u00e4ngig zu werden und ihr Einkommen selbst zu sichern.<\/p>\n<\/div><div class=\"clear\"><\/div>","protected":false},"excerpt":{"rendered":"<p>Windhoek Riverheights \u2022 Windhoek Wadadee \u2022 Kaokoveld \u2022 Outjo \u2022 Kinderbewaarhuis \u2022 Omuhoro School \u2022 Kids Soupkitchen In Windhoeks Stadtteil Katatura leben zurzeit etwa 66.700 Einwohner. Katatura ist ein ehemaliges Township, entstand zur Rassentrennung w\u00e4hrend der Apartheid. Viele Kinder und Jugendliche leben in \u00e4rmlichen und sozial vern\u00e4chlassigten Verh\u00e4ltnissen.<\/p>\n","protected":false},"author":1,"featured_media":6784,"parent":6781,"menu_order":0,"comment_status":"closed","ping_status":"closed","template":"","meta":{"footnotes":""},"class_list":["post-7280","page","type-page","status-publish","has-post-thumbnail","hentry"],"_links":{"self":[{"href":"https:\/\/www.kenial.de\/de\/wp-json\/wp\/v2\/pages\/7280","targetHints":{"allow":["GET"]}}],"collection":[{"href":"https:\/\/www.kenial.de\/de\/wp-json\/wp\/v2\/pages"}],"about":[{"href":"https:\/\/www.kenial.de\/de\/wp-json\/wp\/v2\/types\/page"}],"author":[{"embeddable":true,"href":"https:\/\/www.kenial.de\/de\/wp-json\/wp\/v2\/users\/1"}],"replies":[{"embeddable":true,"href":"https:\/\/www.kenial.de\/de\/wp-json\/wp\/v2\/comments?post=7280"}],"version-history":[{"count":23,"href":"https:\/\/www.kenial.de\/de\/wp-json\/wp\/v2\/pages\/7280\/revisions"}],"predecessor-version":[{"id":10490,"href":"https:\/\/www.kenial.de\/de\/wp-json\/wp\/v2\/pages\/7280\/revisions\/10490"}],"up":[{"embeddable":true,"href":"https:\/\/www.kenial.de\/de\/wp-json\/wp\/v2\/pages\/6781"}],"wp:featuredmedia":[{"embeddable":true,"href":"https:\/\/www.kenial.de\/de\/wp-json\/wp\/v2\/media\/6784"}],"wp:attachment":[{"href":"https:\/\/www.kenial.de\/de\/wp-json\/wp\/v2\/media?parent=7280"}],"curies":[{"name":"wp","href":"https:\/\/api.w.org\/{rel}","templated":true}]}}