{"id":7186,"date":"2021-04-22T09:32:37","date_gmt":"2021-04-22T07:32:37","guid":{"rendered":"https:\/\/www.kenial.de\/de\/?page_id=7186"},"modified":"2022-03-08T08:09:16","modified_gmt":"2022-03-08T07:09:16","slug":"nepal-2021","status":"publish","type":"page","link":"https:\/\/www.kenial.de\/de\/kenial\/nepal\/nepal-2021\/","title":{"rendered":"Nepal 2021"},"content":{"rendered":"<a href=\"https:\/\/www.kenial.de\/de\/kenial\/nepal\/nepal-2016\/\">Nepal 2016<\/a> \u2022 <a href=\"https:\/\/www.kenial.de\/de\/kenial\/nepal\/nepal-2017\/\">Nepal 2017<\/a> \u2022 <a href=\"https:\/\/www.kenial.de\/de\/nepal-2017-expedition\/\">Nepal 2017 Exped<\/a> \u2022 <a href=\"https:\/\/www.kenial.de\/de\/kenial\/nepal\/nepal-2018\/\">Nepal 2018<\/a> \u2022 <a href=\"https:\/\/www.kenial.de\/de\/kenial\/nepal\/nepal-2019\/\">Nepal 2019<\/a> \u2022 Nepal 2021 \u2022 <a href=\"https:\/\/www.kenial.de\/de\/kenial\/nepal\/nepal-2022\/\">Nepal 2022<\/a><\/p>\n<p>Luis Stitzinger startet wieder zum Everest. Bevor er auf seine Gruppe in Kathmandu trifft, \u00fcbergibt Luis einen neuen Laptop an die Kids. Auch in Nepal ist wieder Homeschooling und 25 Kinder m\u00fcssen sich bislang einen Laptop teilen. Einen die M\u00e4dels, die schon auf dem College sind. Nun ist ein weiterer Laptop dazu gekommen. Weiter gibt es Kleidung und Schuhe f\u00fcr die neuen Kinder. Im Herbst kehrt Luis zur\u00fcck und f\u00fcrht zun\u00e4chst auf den 7000er Putha Hiunchuli, um danach wieder im Heim vorbei zu schauen. Mit dabei Schulrucks\u00e4cke f\u00fcr die Kids, denn mittlerweile ist auch hier die Schule wieder ge\u00f6ffnet.<\/p>\n<div class=\"oneThird\"><img loading=\"lazy\" decoding=\"async\" class=\"alignnone wp-image-7189 size-full\" src=\"https:\/\/www.kenial.de\/wp-content\/uploads\/2021\/04\/nepal21_kids_kl.jpg\" alt=\"\" width=\"200\" height=\"147\" \/><br \/>\nKids. Das Heim liegt mitten in der Stadt. Eine fr\u00f6hliches zu Hause f\u00fcr 27 Kinder. Der Schulbesuch kostet Geld, dennoch k\u00f6nnen alle zur Schule gehen. Homeschooling ist auch in Nepal nur mit eigenem Laptop m\u00f6glich.<\/p>\n<\/div>\n<div class=\"oneThird\"><img loading=\"lazy\" decoding=\"async\" class=\"alignnone wp-image-7190 size-full\" src=\"https:\/\/www.kenial.de\/wp-content\/uploads\/2021\/04\/nepal2021_kl.jpg\" alt=\"\" width=\"200\" height=\"147\" \/><br \/>\nF\u00fcr die kleinsten gibt es dazu noch neue Schuhe, Jacken, Hemden, M\u00fctzen und Pullover. Dazu Taschen und Rucks\u00e4cke.<\/p>\n<\/div>\n<div class=\"oneThird last\"><img loading=\"lazy\" decoding=\"async\" class=\"alignnone wp-image-7191 size-full\" src=\"https:\/\/www.kenial.de\/wp-content\/uploads\/2021\/04\/luis_kath_421_kl.jpg\" alt=\"\" width=\"200\" height=\"147\" \/><br \/>\nVier weitere Heimkinder werden bald auf&#8217;s College gehen. Ein enormer Erfolg f\u00fcr das Heim und die Leiterin Prajola.<\/p>\n<\/div><div class=\"clear\"><\/div>\n<div class=\"oneThird\"><img loading=\"lazy\" decoding=\"async\" class=\"alignnone wp-image-7192 size-full\" src=\"https:\/\/www.kenial.de\/wp-content\/uploads\/2021\/04\/everest_kl19.jpg\" alt=\"\" width=\"200\" height=\"147\" \/><br \/>\nAthleten. Luis Stitzinger f\u00fchrt erneut eine Gruppe Bergsteiger auf den Everest. Wir w\u00fcnschen allen eine gute Reise und eine sichere R\u00fcckkehr.<\/p>\n<\/div>\n<div class=\"oneThird\"><img loading=\"lazy\" decoding=\"async\" class=\"alignnone wp-image-7651 size-full\" src=\"https:\/\/www.kenial.de\/wp-content\/uploads\/2021\/10\/IMG_3602_ktm_kl.jpg\" alt=\"\" width=\"200\" height=\"145\" \/><br \/>\nIm Oktober 2021 bekommen die Kinder neue Rucks\u00e4cke, die Luis vorbei bringt. Die Schule ist auch hier wieder in pr\u00e4senz.<\/p>\n<\/div>","protected":false},"excerpt":{"rendered":"<p>Nepal 2016 \u2022 Nepal 2017 \u2022 Nepal 2017 Exped \u2022 Nepal 2018 \u2022 Nepal 2019 \u2022 Nepal 2021 \u2022 Nepal 2022 Luis Stitzinger startet wieder zum Everest. Bevor er auf seine Gruppe in Kathmandu trifft, \u00fcbergibt Luis einen neuen Laptop an die Kids. Auch in Nepal ist wieder Homeschooling und 25 Kinder m\u00fcssen sich bislang&hellip;<\/p>\n","protected":false},"author":1,"featured_media":7640,"parent":1381,"menu_order":0,"comment_status":"closed","ping_status":"closed","template":"","meta":{"footnotes":""},"class_list":["post-7186","page","type-page","status-publish","has-post-thumbnail","hentry"],"_links":{"self":[{"href":"https:\/\/www.kenial.de\/de\/wp-json\/wp\/v2\/pages\/7186","targetHints":{"allow":["GET"]}}],"collection":[{"href":"https:\/\/www.kenial.de\/de\/wp-json\/wp\/v2\/pages"}],"about":[{"href":"https:\/\/www.kenial.de\/de\/wp-json\/wp\/v2\/types\/page"}],"author":[{"embeddable":true,"href":"https:\/\/www.kenial.de\/de\/wp-json\/wp\/v2\/users\/1"}],"replies":[{"embeddable":true,"href":"https:\/\/www.kenial.de\/de\/wp-json\/wp\/v2\/comments?post=7186"}],"version-history":[{"count":1,"href":"https:\/\/www.kenial.de\/de\/wp-json\/wp\/v2\/pages\/7186\/revisions"}],"predecessor-version":[{"id":8049,"href":"https:\/\/www.kenial.de\/de\/wp-json\/wp\/v2\/pages\/7186\/revisions\/8049"}],"up":[{"embeddable":true,"href":"https:\/\/www.kenial.de\/de\/wp-json\/wp\/v2\/pages\/1381"}],"wp:featuredmedia":[{"embeddable":true,"href":"https:\/\/www.kenial.de\/de\/wp-json\/wp\/v2\/media\/7640"}],"wp:attachment":[{"href":"https:\/\/www.kenial.de\/de\/wp-json\/wp\/v2\/media?parent=7186"}],"curies":[{"name":"wp","href":"https:\/\/api.w.org\/{rel}","templated":true}]}}