{"id":714,"date":"2015-08-05T13:53:26","date_gmt":"2015-08-05T11:53:26","guid":{"rendered":"http:\/\/kenial.bplaced.net\/wordpress\/?page_id=714"},"modified":"2025-03-31T11:33:50","modified_gmt":"2025-03-31T09:33:50","slug":"impressum","status":"publish","type":"page","link":"https:\/\/www.kenial.de\/de\/impressum\/","title":{"rendered":"Impressum"},"content":{"rendered":"KENIAL e.V.<\/p>\n<p>Sitz: 86923 Finning<br \/>\nDorf\u00e4nger 4<br \/>\nTel. +49 (0) 178 149 89 23<br \/>\n<a href=\"mailto:info@kenial.de\">info@kenial.de<\/a><\/p>\n<p>Vorstand:<br \/>\nAnke Johannssen, Eva Proissl, Quirin Hiefner<br \/>\nEingetragen im Vereinsregister Augsburg,<br \/>\nVR 201728<\/p>\n<p>&nbsp;<\/p>\n<p>Gemeinn\u00fctzig gem\u00e4\u00df \u00a7 51 ff AO und gem\u00e4\u00df K\u00f6rperschaftssteuergesetz \u00a7 5 Abs. 1, Nr. 9<br \/>\nHaftung f\u00fcr Links:<br \/>\nDas Landgericht Hamburg hat mit Urteil vom 12.05.1998 &#8211; 312 O 85\/98 entschieden, da\u00df man durch Anbringung eines Links die Inhalte der gelinkten Seite gegebenenfalls mit zu verantworten hat. Dies kann nur dadurch verhindert werden, da\u00df man sich ausdr\u00fccklich von diesen Inhalten distanziert. Wir erkl\u00e4ren daher, da\u00df wir auf die Inhalte der von uns verlinkten Webseiten keinen Einflu\u00df haben und distanzieren uns ausdr\u00fccklich von deren Inhalten.<\/p>\n<p>Bilder<br \/>\nalle Bilder geh\u00f6ren KENIAL e.V. unseren Partnern und unseren Helfern<\/p>\n<p>Typographie<br \/>\ngoogle font Ubuntu, <a href=\"https:\/\/ubuntu.com\/legal\/font-licence\">Ubuntu<\/a>","protected":false},"excerpt":{"rendered":"<p>KENIAL e.V. Sitz: 86923 Finning Dorf\u00e4nger 4 Tel. +49 (0) 178 149 89 23 info@kenial.de Vorstand: Anke Johannssen, Eva Proissl, Quirin Hiefner Eingetragen im Vereinsregister Augsburg, VR 201728 &nbsp; Gemeinn\u00fctzig gem\u00e4\u00df \u00a7 51 ff AO und gem\u00e4\u00df K\u00f6rperschaftssteuergesetz \u00a7 5 Abs. 1, Nr. 9 Haftung f\u00fcr Links: Das Landgericht Hamburg hat mit Urteil vom 12.05.1998&hellip;<\/p>\n","protected":false},"author":1,"featured_media":0,"parent":0,"menu_order":0,"comment_status":"closed","ping_status":"closed","template":"","meta":{"footnotes":""},"class_list":["post-714","page","type-page","status-publish","hentry"],"_links":{"self":[{"href":"https:\/\/www.kenial.de\/de\/wp-json\/wp\/v2\/pages\/714","targetHints":{"allow":["GET"]}}],"collection":[{"href":"https:\/\/www.kenial.de\/de\/wp-json\/wp\/v2\/pages"}],"about":[{"href":"https:\/\/www.kenial.de\/de\/wp-json\/wp\/v2\/types\/page"}],"author":[{"embeddable":true,"href":"https:\/\/www.kenial.de\/de\/wp-json\/wp\/v2\/users\/1"}],"replies":[{"embeddable":true,"href":"https:\/\/www.kenial.de\/de\/wp-json\/wp\/v2\/comments?post=714"}],"version-history":[{"count":4,"href":"https:\/\/www.kenial.de\/de\/wp-json\/wp\/v2\/pages\/714\/revisions"}],"predecessor-version":[{"id":9911,"href":"https:\/\/www.kenial.de\/de\/wp-json\/wp\/v2\/pages\/714\/revisions\/9911"}],"wp:attachment":[{"href":"https:\/\/www.kenial.de\/de\/wp-json\/wp\/v2\/media?parent=714"}],"curies":[{"name":"wp","href":"https:\/\/api.w.org\/{rel}","templated":true}]}}