{"id":6972,"date":"2021-02-09T09:40:35","date_gmt":"2021-02-09T08:40:35","guid":{"rendered":"https:\/\/www.kenial.de\/de\/?page_id=6972"},"modified":"2024-02-28T16:34:42","modified_gmt":"2024-02-28T15:34:42","slug":"indien-2","status":"publish","type":"page","link":"https:\/\/www.kenial.de\/de\/kenial\/indien\/","title":{"rendered":"Indien"},"content":{"rendered":"<a href=\"https:\/\/www.kenial.de\/de\/kenial\/indien\/dehradun\/\">Dehradun<\/a> \u2022 <a href=\"https:\/\/www.kenial.de\/de\/kenial\/indien\/dharamsala\/\">Dharamsala<\/a> \u2022 <a href=\"https:\/\/www.kenial.de\/de\/kenial\/indien\/lamayuru\/\">Lamayuru<\/a><\/p>\n<p>Zwei gro\u00dfe keniale Projekte unterst\u00fctzen wir im Norden Indiens. In Dehradun unterst\u00fctzen wir Kinder, die in zwei bhuddistischen Kl\u00f6stern aufgenommen wurden. Betreut vor Ort vom DKI &#8211; DRIKUNG KAGYU INSTITUTE, registriert unter der Charitable Socities Registration Indiens. In Dharamslala unterst\u00fctzen wir in einem weiteren Projekt mit der <a href=\"https:\/\/tong-lencharitabletrust.org\/\" target=\"_blank\" rel=\"noopener\">Tong-len Charitable Trust<\/a> die Schulkinder der Organisation und die Kinder in den umliegenden Slums. Beide Projekte werden vor Ort von bhuddistischen M\u00f6nchen und Nonnen geleitet. Ziel ist es immer, den Kindern den Zugang zu Bildung zu erm\u00f6glichen, um so den Kreislauf der Armut verlassen zu k\u00f6nnen.<\/p>\n<p>&nbsp;<\/p>\n<div class=\"oneThird\"><img loading=\"lazy\" decoding=\"async\" class=\"alignnone wp-image-6991 size-full\" src=\"https:\/\/www.kenial.de\/wp-content\/uploads\/2021\/02\/indiaexam7_kl.jpg\" alt=\"\" width=\"200\" height=\"147\" \/><br \/>\nDehadrun. Zwei Kl\u00f6ster, ein M\u00e4nner- und ein Frauenkloster. Die Jungs. 61 kleine Jungs, zwischen 5 und 15 Jahren werden im Kloster Jangchubling berherbergt und unterrichtet. Die Kinder wurden im Kloster abgegeben, weil die Eltern sie nicht mehr versorgen k\u00f6nnen und es die einzige Chance auf Bildung f\u00fcr die Kinder ist. Erst einmal Erwachsen, k\u00f6nnen sie das Klosterleben hinter sich lassen. Die M\u00e4dchen. \u00dcber 30 kleine M\u00e4dchen, die im Nonnenkloster Drikung Kagyud Tsun Goen leben. Auch sie wurden hier abgegeben, weil nur noch ein Elternteil lebt oder die Familie einfach v\u00f6llig verarmt ist. Sie werden versorgt und lernen Mathematik, Naturwissenschaften, Englisch, Hindu und die Lehre des Bhuddismus. Sie alle bekommen von kenial Schuhe, Jacken u.a.<\/p>\n<\/div>\n<div class=\"oneThird\"><img loading=\"lazy\" decoding=\"async\" class=\"alignnone wp-image-6959 size-full\" src=\"https:\/\/www.kenial.de\/wp-content\/uploads\/2021\/02\/dharamsla_kids1.jpg\" alt=\"\" width=\"200\" height=\"147\" \/><br \/>\nDharamslala. Der <a href=\"https:\/\/tong-lencharitabletrust.org\/\" target=\"_blank\" rel=\"noopener\">tong-len Charitable trust<\/a> betreut mehrere Projekte zum Wohl der vielen Kinder aus den umliegenden 7 Slums. \u00dcber 113 Kinder im Alter von 4 bis 18 Jahren leben in der Schule der NGO. Im letzten Jahr besuchten weitere 112 Kinder aus dem Slum als Tagessch\u00fcler die Schule. Die Familien der Kinder leben nach wie vor in den Slums von Dharamsala, auch mit j\u00fcngeren Geschwistern. Am dringendsten ben\u00f6tigt werden warme Kleidung und Decken f\u00fcr die Kinder, die immer noch im Slum leben. Mit unzureichender Unterkunft, ohne Decken oder angemessene Kleidung m\u00fcssen sie durch einen harten Winter.<\/p>\n<\/div>\n<div class=\"oneThird last\"><img loading=\"lazy\" decoding=\"async\" class=\"alignnone wp-image-6959 size-full\" src=\"https:\/\/www.kenial.de\/wp-content\/uploads\/2023\/12\/ladakh_kids_kl.jpg\" alt=\"\" width=\"200\" height=\"147\"\" alt=\"\" width=\"200\" height=\"147\" \/><br \/>\nLamayuru. Eine kleine Gruppe von 21 Jungs lebt und lernt im Kloster weit ab im Himalaya. Die Kinder sehen ihre Eltern nur in den Ferien, lernen und studieren jeden Tag. Es fehlt ihnen an warmer Kleidung. Es ist sehr kalt vor Ort, und es fehlt an Schuhen und Kleidung. Wir erreichen das Kloster nur \u00fcber zahlreiche Umwege, unserer Reisenden sind aber schon unterwegs.<br \/>\n<\/div><div class=\"clear\"><\/div>","protected":false},"excerpt":{"rendered":"<p>Dehradun \u2022 Dharamsala \u2022 Lamayuru Zwei gro\u00dfe keniale Projekte unterst\u00fctzen wir im Norden Indiens. In Dehradun unterst\u00fctzen wir Kinder, die in zwei bhuddistischen Kl\u00f6stern aufgenommen wurden. Betreut vor Ort vom DKI &#8211; DRIKUNG KAGYU INSTITUTE, registriert unter der Charitable Socities Registration Indiens. In Dharamslala unterst\u00fctzen wir in einem weiteren Projekt mit der Tong-len Charitable Trust&hellip;<\/p>\n","protected":false},"author":1,"featured_media":0,"parent":486,"menu_order":0,"comment_status":"closed","ping_status":"closed","template":"","meta":{"footnotes":""},"class_list":["post-6972","page","type-page","status-publish","hentry"],"_links":{"self":[{"href":"https:\/\/www.kenial.de\/de\/wp-json\/wp\/v2\/pages\/6972","targetHints":{"allow":["GET"]}}],"collection":[{"href":"https:\/\/www.kenial.de\/de\/wp-json\/wp\/v2\/pages"}],"about":[{"href":"https:\/\/www.kenial.de\/de\/wp-json\/wp\/v2\/types\/page"}],"author":[{"embeddable":true,"href":"https:\/\/www.kenial.de\/de\/wp-json\/wp\/v2\/users\/1"}],"replies":[{"embeddable":true,"href":"https:\/\/www.kenial.de\/de\/wp-json\/wp\/v2\/comments?post=6972"}],"version-history":[{"count":2,"href":"https:\/\/www.kenial.de\/de\/wp-json\/wp\/v2\/pages\/6972\/revisions"}],"predecessor-version":[{"id":9393,"href":"https:\/\/www.kenial.de\/de\/wp-json\/wp\/v2\/pages\/6972\/revisions\/9393"}],"up":[{"embeddable":true,"href":"https:\/\/www.kenial.de\/de\/wp-json\/wp\/v2\/pages\/486"}],"wp:attachment":[{"href":"https:\/\/www.kenial.de\/de\/wp-json\/wp\/v2\/media?parent=6972"}],"curies":[{"name":"wp","href":"https:\/\/api.w.org\/{rel}","templated":true}]}}