{"id":6952,"date":"2021-02-09T09:31:43","date_gmt":"2021-02-09T08:31:43","guid":{"rendered":"https:\/\/www.kenial.de\/de\/?page_id=6952"},"modified":"2024-05-15T08:24:32","modified_gmt":"2024-05-15T06:24:32","slug":"dharamsala","status":"publish","type":"page","link":"https:\/\/www.kenial.de\/de\/kenial\/indien\/dharamsala\/","title":{"rendered":"Dharamsala"},"content":{"rendered":"<a href=\"https:\/\/www.kenial.de\/de\/kenial\/indien\/dehradun\/\">Dehradun<\/a> \u2022 Dharamsala \u2022 <a href=\"https:\/\/www.kenial.de\/de\/kenial\/indien\/lamayuru\/\">Lamayuru<\/a><\/p>\n<p>Ein weiteres Projekt in Nordindien starten wir im Fr\u00fchjahr 2021. Wir m\u00f6chten den Kindern betreut von der <a href=\"https:\/\/tong-lencharitabletrust.org\/\" target=\"_blank\" rel=\"noopener\">Tong-Len<\/a> helfen. Wieder wird uns Ramesh von <a href=\"https:\/\/exadsports.com\/\" target=\"_blank\" rel=\"noopener\">Exadsports<\/a> in Indien helfen, die vielen b\u00fcrokratischen H\u00fcrden der Cargolieferung locker zu nehmen. Und wir bleiben dran. Bereits im Fr\u00fchjahr und im Oktober k\u00f6nnen wir wieder Sachen zu den Kindern bringen. Decken, Schuhe, Jacken, Rucks\u00e4cke. Einfach kenial!<\/p>\n<p><iframe loading=\"lazy\" width=\"560\" height=\"315\" src=\"https:\/\/www.youtube.com\/embed\/by5FN7Ro5V8\" title=\"YouTube video player\" frameborder=\"0\" allow=\"accelerometer; autoplay; clipboard-write; encrypted-media; gyroscope; picture-in-picture; web-share\" allowfullscreen><\/iframe><\/p>\n<p>&nbsp;<\/p>\n<div class=\"oneThird\"><a href=\"https:\/\/www.kenial.de\/de\/kenial\/indien\/dharamsala\/galerie-dharamsala-2021\/\"><span class=\"dropcap circle\">G<\/span>Galerie 2021<\/a><br \/>\n<\/div>\n<div class=\"oneThird\"><a href=\"https:\/\/www.kenial.de\/de\/kenial\/indien\/dharamsala\/galerie-dharamsala-2022\/\"><span class=\"dropcap circle\">G<\/span>Galerie 2022<\/a><br \/>\n<\/div>\n<div class=\"oneThird last\"><a href=\"https:\/\/www.kenial.de\/de\/kenial\/indien\/dharamsala\/galerie-dharamsala-2023\/\"><span class=\"dropcap circle\">G<\/span>Galerie 2023<\/a><br \/>\n<\/div><div class=\"clear\"><\/div>\n<div class=\"oneThird last\"><a href=\"https:\/\/www.kenial.de\/de\/kenial\/indien\/dharamsala\/galerie-dharamsala-2024\/\"><span class=\"dropcap circle\">G<\/span>Galerie 2024<\/a><\/p>\n<\/div><div class=\"clear\"><\/div>\n<p>&nbsp;<\/p>\n<div class=\"oneThird\"><img loading=\"lazy\" decoding=\"async\" class=\"alignnone wp-image-6958 size-full\" src=\"https:\/\/www.kenial.de\/wp-content\/uploads\/2021\/02\/Sangeeta-age-6.jpg\" alt=\"\" width=\"200\" height=\"147\" \/><br \/>\nDie Kinder. Derzeit leben \u00fcber 140 Kinder im Alter von 4 bis 18 Jahren in der Schule, weitere Kleinkinder werden regelm\u00e4\u00dfig aufgenommen. Weiter besuchten rund 150 Kinder aus den umliegenden Slums als Tagessch\u00fcler die Schule. Sie kommen morgens mit dem Schulbus und kehren am Nachmittag in ihre Baracken und unter ihre Planen zur\u00fcck.<\/p>\n<\/div>\n<div class=\"oneThird\"><img loading=\"lazy\" decoding=\"async\" class=\"alignnone wp-image-6959 size-full\" src=\"https:\/\/www.kenial.de\/wp-content\/uploads\/2021\/02\/dharamsla_kids1.jpg\" alt=\"\" width=\"200\" height=\"147\" \/><br \/>\nDie Slums: Am dringendsten ben\u00f6tigt werden warme Kleidung und Decken f\u00fcr die Kinder, die immer noch im Slum leben. Mit unzureichender Unterkunft, ohne Decken oder angemessene Kleidung m\u00fcssen sie durch einen harten Winter. Gerade die Schulkinder brauchen Kleidung und Schuhe. Die medizinische Versorgnung sichert die NGO Tong-Len.<\/p>\n<\/div>\n<div class=\"oneThird last\"><img loading=\"lazy\" decoding=\"async\" class=\"alignnone wp-image-7021 size-full\" src=\"https:\/\/www.kenial.de\/wp-content\/uploads\/2021\/02\/Preetu-1.jpg\" alt=\"\" width=\"200\" height=\"147\" \/><br \/>\nAnsprechpartner. Preetu arbeitet f\u00fcr die NGO Tong-Len und wohnt auf dem Campus. Es gibt neben der Schule und der Versorgung der Slums Projekte zur Resozialisierung der Slumbewohner, N\u00e4hprojekte f\u00fcr Frauen und vieles mehr. Alle Informationen gibt es hier: <a href=\"https:\/\/tong-lencharitabletrust.org\/\" target=\"_blank\" rel=\"noopener\">Tong-Len Charitable Trust\u00a0<\/a><\/p>\n<\/div><div class=\"clear\"><\/div>\n<div class=\"oneThird\"><img loading=\"lazy\" decoding=\"async\" src=\"https:\/\/www.kenial.de\/wp-content\/uploads\/2021\/09\/india_kl.jpg\" alt=\"\" width=\"200\" height=\"147\" class=\"alignnone size-full wp-image-7414\" \/><br \/>\nErste \u00dcbergabe: die Sachen f\u00fcr die Schule k\u00f6nnen Anfang August 2021 verteilt werden. Warme Jacken, Schuhe, Schultaschen f\u00fcr die Kids die aus dem Slum in die Schule gehen.<\/p>\n<\/div>\n<div class=\"oneThird\"><img loading=\"lazy\" decoding=\"async\" src=\"https:\/\/www.kenial.de\/wp-content\/uploads\/2021\/09\/slum2021_arrive.jpg\" alt=\"\" width=\"200\" height=\"147\" class=\"alignnone size-full wp-image-7446\" \/><br \/>\n2021 und 2022 k\u00f6nnen wir mit Maloja warme Decken f\u00fcr Kleinkinder und M\u00fctter mit S\u00e4uglingen senden. Die Verteilung findet direkt vor Ort statt.<\/p>\n<\/div>\n<div class=\"oneThird last\"><img loading=\"lazy\" decoding=\"async\" src=\"https:\/\/www.kenial.de\/wp-content\/uploads\/2021\/09\/blankets_kl.jpg\" alt=\"\" width=\"200\" height=\"147\" class=\"alignnone size-full wp-image-7493\" \/><br \/>\nDie Verteilung der warmen Decken im Slum wird von den Sozialarbeitern vor Ort durchgef\u00fchrt. Der starke Regen macht es nicht ganz einfach, aber jedes kleine Kind wird eine warme Decke bekommen.<\/p>\n<\/div><div class=\"clear\"><\/div>\n<div class=\"oneThird\"><img loading=\"lazy\" decoding=\"async\" src=\"https:\/\/www.kenial.de\/wp-content\/uploads\/2023\/03\/kind_slum_kl.jpg\" alt=\"\" width=\"200\" height=\"147\" class=\"alignnone size-full wp-image-7414\" \/><br \/>\n2023 besuchen wir vor Ort nicht nur Tong-Len und die Schule, sondernauch alle SLums in der Umgebung von Dharalsala. Man nimmte sich alle Zeit um uns genau zu erkl\u00e4ren, wie Menschen hier leben und wo es etwaige Auswege geben kann.<br \/>\n<\/div>\n<div class=\"oneThird\"><img loading=\"lazy\" decoding=\"async\" src=\"https:\/\/www.kenial.de\/wp-content\/uploads\/2023\/03\/indien_schule_kl.jpg\" alt=\"\" width=\"200\" height=\"147\" class=\"alignnone size-full wp-image-7446\" \/><br \/>\nWir lernen alle Schulkinder kennen und erfahren, dass das Bildungsniveau sehr hoch ist. Wir erleben fr\u00f6hliche und muntere Kinder, die v\u00f6llig frei denb ganzen Tag miteinander verbringen.<br \/>\n<\/div>\n<div class=\"oneThird last\"><img loading=\"lazy\" decoding=\"async\" src=\"https:\/\/www.kenial.de\/wp-content\/uploads\/2023\/03\/indien_schule2_kl.jpg\" alt=\"\" width=\"200\" height=\"147\" class=\"alignnone size-full wp-image-7446\" \/><br \/>\nPer Shipping erreichen uns in den Tagen \u00fcber 145 Rucks\u00e4cke, mit den Kindernamen versehen. Darin sind passende Schuhe, und eine warme Jacke f\u00fcr jedes Internatskind. Was fehlt ist Unterw\u00e4sche, Socken, und auch ein paar Spiele.<br \/>\n<\/div><div class=\"clear\"><\/div>\n<div class=\"oneThird\"><img loading=\"lazy\" decoding=\"async\" src=\"https:\/\/www.kenial.de\/wp-content\/uploads\/2024\/01\/kids_indien_124_kl.jpg\" alt=\"\" width=\"200\" height=\"147\" class=\"alignnone size-full wp-image-9255\" \/><br \/>\n2024 gibt es noch einmal Decken f\u00fcr die ganz kleinen Kinder in der Vorschule und der Schule.<br \/>\n<\/div>\n<div class=\"oneThird\">\n<img loading=\"lazy\" decoding=\"async\" src=\"https:\/\/www.kenial.de\/wp-content\/uploads\/2024\/01\/Indien_124health_bus.png\" alt=\"\" width=\"200\" height=\"147\" class=\"alignnone size-full wp-image-9256\" \/><br \/>\nDer Klinikbus ist unterwegs. Die mobile medizinische Praxis f\u00e4hrt in alle 7 Slums, und hilft Kranken, macht Vorsorgen uvm. Der Rechner der Praxis ist kenial.<br \/>\n<\/div>\n<div class=\"oneThird last\"><img loading=\"lazy\" decoding=\"async\" src=\"https:\/\/www.kenial.de\/wp-content\/uploads\/2024\/05\/dharamshala24_landingpage.jpg\"\" alt=\"\" width=\"200\" height=\"147\" class=\"alignnone size-full wp-image-7446\" \/><br \/>\nIm April 2024 bereist der Leiter der NGO Europa und wir k\u00f6nnen ihm Kleidung f\u00fcr die Kleinsten, die neu aus dem Slum in die Schule kommen, Laptops und Mobiltelefone mitgeben.<br \/>\n<\/div><div class=\"clear\"><\/div>","protected":false},"excerpt":{"rendered":"<p>Dehradun \u2022 Dharamsala \u2022 Lamayuru Ein weiteres Projekt in Nordindien starten wir im Fr\u00fchjahr 2021. Wir m\u00f6chten den Kindern betreut von der Tong-Len helfen. Wieder wird uns Ramesh von Exadsports in Indien helfen, die vielen b\u00fcrokratischen H\u00fcrden der Cargolieferung locker zu nehmen. Und wir bleiben dran. Bereits im Fr\u00fchjahr und im Oktober k\u00f6nnen wir wieder&hellip;<\/p>\n","protected":false},"author":1,"featured_media":8687,"parent":6972,"menu_order":0,"comment_status":"closed","ping_status":"closed","template":"","meta":{"footnotes":""},"class_list":["post-6952","page","type-page","status-publish","has-post-thumbnail","hentry"],"_links":{"self":[{"href":"https:\/\/www.kenial.de\/de\/wp-json\/wp\/v2\/pages\/6952","targetHints":{"allow":["GET"]}}],"collection":[{"href":"https:\/\/www.kenial.de\/de\/wp-json\/wp\/v2\/pages"}],"about":[{"href":"https:\/\/www.kenial.de\/de\/wp-json\/wp\/v2\/types\/page"}],"author":[{"embeddable":true,"href":"https:\/\/www.kenial.de\/de\/wp-json\/wp\/v2\/users\/1"}],"replies":[{"embeddable":true,"href":"https:\/\/www.kenial.de\/de\/wp-json\/wp\/v2\/comments?post=6952"}],"version-history":[{"count":26,"href":"https:\/\/www.kenial.de\/de\/wp-json\/wp\/v2\/pages\/6952\/revisions"}],"predecessor-version":[{"id":9608,"href":"https:\/\/www.kenial.de\/de\/wp-json\/wp\/v2\/pages\/6952\/revisions\/9608"}],"up":[{"embeddable":true,"href":"https:\/\/www.kenial.de\/de\/wp-json\/wp\/v2\/pages\/6972"}],"wp:featuredmedia":[{"embeddable":true,"href":"https:\/\/www.kenial.de\/de\/wp-json\/wp\/v2\/media\/8687"}],"wp:attachment":[{"href":"https:\/\/www.kenial.de\/de\/wp-json\/wp\/v2\/media?parent=6952"}],"curies":[{"name":"wp","href":"https:\/\/api.w.org\/{rel}","templated":true}]}}