{"id":6781,"date":"2020-12-14T06:38:04","date_gmt":"2020-12-14T05:38:04","guid":{"rendered":"https:\/\/www.kenial.de\/de\/?page_id=6781"},"modified":"2026-01-13T15:31:05","modified_gmt":"2026-01-13T14:31:05","slug":"namibia","status":"publish","type":"page","link":"https:\/\/www.kenial.de\/de\/kenial\/namibia\/","title":{"rendered":"Namibia"},"content":{"rendered":"Wir unterst\u00fctzen in Namibia einige sehr unterschiedliche Projekte. Drei davon im ehemaligen Township von Windhoek, in Katatura.<\/p>\n<div class=\"oneThird\"><img loading=\"lazy\" decoding=\"async\" class=\"alignnone wp-image-7917 size-full\" src=\"https:\/\/www.kenial.de\/wp-content\/uploads\/2022\/02\/wadade_namibia_kl.jpg\" alt=\"\" width=\"200\" height=\"147\" \/><br \/>\n<strong>Katatura<\/strong><br \/> <a href=\"https:\/\/timhowelladventure.com\/\" target=\"_blank\" rel=\"noopener\">Tim Howell<\/a>, Ewa Kalisiewicz besuchen die NGO <a href=\"https:\/\/www.wadadeecares.com\" target=\"_blank\" rel=\"noopener\">Wadadee<\/a> in Katatura. Der Verein betreut mehrere Projekte mit Kindern und Jugendlichen. Sie bringen kleine Rucks\u00e4cke f\u00fcr die Kids und Stoffe. <br \/><a href=\"https:\/\/www.kenial.de\/de\/kenial\/namibia\/windhoek\/\">mehr&#8230;<\/a><br \/>\n<\/div>\n<div class=\"oneThird\"><img loading=\"lazy\" decoding=\"async\" src=\"https:\/\/www.kenial.de\/wp-content\/uploads\/2025\/09\/8-25omuhoro_schule_kl1.jpg\" alt=\"\" width=\"200\" height=\"147\" class=\"alignnone size-full wp-image-10279\" \/><br \/>\n<strong>Omuhoro<\/strong><br \/>Lena ist wieder in Namibia und besucht die Omuhoro School. Etwas \u00fcber 90 Kinder besuchen die Schule. F\u00fcr die Abschlu\u00dfklasse der Volksschule hat sie einen Rucksack f\u00fcr jedes Kind dabei. <a href=\"https:\/\/www.kenial.de\/de\/kenial\/namibia\/omuhoro-schule\/\">mehr&#8230;<\/a><\/p>\n<\/div>\n<div class=\"oneThird last\"><img loading=\"lazy\" decoding=\"async\" class=\"alignnone wp-image-7914 size-full\" src=\"https:\/\/www.kenial.de\/wp-content\/uploads\/2022\/02\/river_heights_kl.jpg\" alt=\"\" width=\"200\" height=\"147\" \/><br \/>\n<strong>Goreangab<\/strong><br \/>Und dann gibt es noch die Jungs der <a href=\"http:\/\/riverheights-fa.com\/\" target=\"_blank\" rel=\"noopener\">Riverheights Football Academy<\/a>. Zusammen mit <a href=\"https:\/\/tfdw.de\/\" target=\"_blank\" rel=\"noopener\">tfdw<\/a> bringen wir Trikots, Shorts und Stutzen. Momentan spielen 50 Jungen im Alter von 7- 17 hier Fu\u00dfball, M\u00e4dchen Mannschaften folgen.<br \/> <a href=\"https:\/\/www.kenial.de\/de\/kenial\/namibia\/windhoek-riverheights\/\">mehr&#8230;<\/a><\/p>\n<\/div><div class=\"clear\"><\/div>\n<div class=\"oneThird\"><img loading=\"lazy\" decoding=\"async\" class=\"alignnone size-full wp-image-7277\" src=\"https:\/\/www.kenial.de\/wp-content\/uploads\/2021\/06\/namibia_kids2_621.jpg\" alt=\"\" width=\"200\" height=\"145\" \/><br \/>\n<strong>Kaokoveld<\/strong><br \/>\nLena besucht jedes Jahr die Omuhonga Combined School, weit im Nordwesten Namibias. 400 Schulkinder bleiben mit den Lehrern das ganze Schuljahr in der Schule. Die n\u00e4chste Stadt ist 120km entfernt. Die Kinder brauchen Kleidung, Sandalen w\u00e4ren sch\u00f6n.<br \/>\n<a href=\"https:\/\/www.kenial.de\/de\/kenial\/namibia\/kaokoveld\/\">mehr&#8230;<\/a><\/p>\n<\/div>\n<div class=\"oneThird\"><img loading=\"lazy\" decoding=\"async\" class=\"alignnone wp-image-7833 size-full\" src=\"https:\/\/www.kenial.de\/wp-content\/uploads\/2022\/01\/namibia_kl1.jpg\" alt=\"\" width=\"200\" height=\"147\" \/><br \/>\n<strong>Outjo<\/strong><br \/>\nDer Kindergarten der Ludmary Foundation liegt im Norden des Landes. Die Kinder sind von 2 Monaten bis zu 6 Jahen alt und werden in Krippe und Kindergarten betreut. Anna macht sich auf den Weg und besucht die Kids.<br \/>\n<a href=\"https:\/\/www.kenial.de\/de\/kenial\/namibia\/outjo\/\">mehr&#8230;<\/a><\/p>\n<\/div>\n<div class=\"oneThird last\"><img loading=\"lazy\" decoding=\"async\" class=\"alignnone wp-image-7914 size-full\" src=\"https:\/\/www.kenial.de\/wp-content\/uploads\/2023\/09\/kinderbewaarhuis_2023_kl.jpg\" alt=\"\" width=\"200\" height=\"147\" class=\"alignnone size-full wp-image-8957\" alt=\"\" width=\"200\" height=\"147\" \/><br \/>\n<strong>Katutura<\/strong><br \/>Ein weiteres Projekt in Windhoek ist das Kinderbewaarhuis in Katutura. Ein Kinderheim f\u00fcr Kinder und junge Erwachsene. Hier, und auf einer zugeh\u00f6rigen Farm, leben an die 50 Kinder. K\u00f6nnen zur Schule gehen und einige haben bereits den Abschlu\u00df in der Tasche. Die j\u00fcngste ist gerade zwei Jahre alt.<br \/>\n<a href=\"https:\/\/www.kenial.de\/de\/kenial\/namibia\/kinderbewaarhuis-ein-kinderheim\/\">mehr&#8230;<\/a><\/p>\n<\/div><div class=\"clear\"><\/div>\n<div class=\"oneThird\"><img loading=\"lazy\" decoding=\"async\" src=\"https:\/\/www.kenial.de\/wp-content\/uploads\/2026\/01\/soupkitchen_kl.jpg\" alt=\"\" width=\"200\" height=\"147\" class=\"alignnone size-full wp-image-10438\" \/><br \/>\n<strong>Katutura Kids Soupkitchen<\/strong><br \/> Ab 2023 unterst\u00fctzen wir die Kids-Soup-Kitchen in Katutura. Ein von einem deutschen Verein aufgebautes Projekt, dass den Kleinsten einmal die Woche eine warme Mahltzeit erm\u00f6glicht. <br \/>mehr&#8230;<\/p>\n<\/div>","protected":false},"excerpt":{"rendered":"<p>Wir unterst\u00fctzen in Namibia einige sehr unterschiedliche Projekte. Drei davon im ehemaligen Township von Windhoek, in Katatura.<\/p>\n","protected":false},"author":1,"featured_media":7288,"parent":486,"menu_order":0,"comment_status":"closed","ping_status":"closed","template":"","meta":{"footnotes":""},"class_list":["post-6781","page","type-page","status-publish","has-post-thumbnail","hentry"],"_links":{"self":[{"href":"https:\/\/www.kenial.de\/de\/wp-json\/wp\/v2\/pages\/6781","targetHints":{"allow":["GET"]}}],"collection":[{"href":"https:\/\/www.kenial.de\/de\/wp-json\/wp\/v2\/pages"}],"about":[{"href":"https:\/\/www.kenial.de\/de\/wp-json\/wp\/v2\/types\/page"}],"author":[{"embeddable":true,"href":"https:\/\/www.kenial.de\/de\/wp-json\/wp\/v2\/users\/1"}],"replies":[{"embeddable":true,"href":"https:\/\/www.kenial.de\/de\/wp-json\/wp\/v2\/comments?post=6781"}],"version-history":[{"count":21,"href":"https:\/\/www.kenial.de\/de\/wp-json\/wp\/v2\/pages\/6781\/revisions"}],"predecessor-version":[{"id":10482,"href":"https:\/\/www.kenial.de\/de\/wp-json\/wp\/v2\/pages\/6781\/revisions\/10482"}],"up":[{"embeddable":true,"href":"https:\/\/www.kenial.de\/de\/wp-json\/wp\/v2\/pages\/486"}],"wp:featuredmedia":[{"embeddable":true,"href":"https:\/\/www.kenial.de\/de\/wp-json\/wp\/v2\/media\/7288"}],"wp:attachment":[{"href":"https:\/\/www.kenial.de\/de\/wp-json\/wp\/v2\/media?parent=6781"}],"curies":[{"name":"wp","href":"https:\/\/api.w.org\/{rel}","templated":true}]}}