{"id":6601,"date":"2020-10-12T11:23:35","date_gmt":"2020-10-12T09:23:35","guid":{"rendered":"https:\/\/www.kenial.de\/de\/?page_id=6601"},"modified":"2022-03-28T11:42:50","modified_gmt":"2022-03-28T09:42:50","slug":"albanien-2020","status":"publish","type":"page","link":"https:\/\/www.kenial.de\/de\/kenial\/albanien-2\/albanien-2020\/","title":{"rendered":"Albanien 2020"},"content":{"rendered":"<a href=\"https:\/\/www.kenial.de\/de\/kenial\/albanien-2\/albanien-2017\/\">Albanien 2017<\/a> \u2022 <a href=\"https:\/\/www.kenial.de\/de\/kenial\/albanien-2\/albanien-2019\/\">Albanien 2019<\/a> \u2022 Albanien 2020 \u2022 <a href=\"https:\/\/www.kenial.de\/de\/albanien-2021\/\">Albanien 2021<\/a> \u2022 <a href=\"https:\/\/www.kenial.de\/de\/albanien-2022\/\">Albanien 2022<\/a><\/p>\n<p>LIn einer kurzen Corona Pause erreichen wir die Kinder und Jugendlichen in Elbasan. Mit im Gep\u00e4ck warme M\u00fctzen f\u00fcr die Kleinsten, Shirts und Hosen f\u00fcr die M\u00e4dchen und coole Hoodies f\u00fcr die Jungs. Danke an Maloja, Sch\u00f6ffel und Sprayway, die dieses Projekt unterst\u00fctzen.<\/p>\n<p>&nbsp;<\/p>\n<div class=\"oneThird\"><img loading=\"lazy\" decoding=\"async\" class=\"alignnone wp-image-6602 size-full\" src=\"https:\/\/www.kenial.de\/wp-content\/uploads\/2020\/10\/Ma\u0308dchenheim2020_kl.jpg\" alt=\"\" width=\"200\" height=\"147\" \/><br \/>\nDie Kinder. M\u00e4dels im Kinderhaus f\u00fcr Frauen mit neuen Shirts und Hosen.<\/p>\n<\/div>\n<div class=\"oneThird\"><img loading=\"lazy\" decoding=\"async\" class=\"alignnone wp-image-6604 size-full\" src=\"https:\/\/www.kenial.de\/wp-content\/uploads\/2020\/10\/kids_albanien2020.jpg\" alt=\"\" width=\"200\" height=\"147\" \/><br \/>\nDie Kinder. Die kleineren im Kinderheim. Mit neuen, warmen M\u00fctzen.<\/p>\n<\/div>\n<div class=\"oneThird last\"><img loading=\"lazy\" decoding=\"async\" class=\"alignnone wp-image-6605 size-full\" src=\"https:\/\/www.kenial.de\/wp-content\/uploads\/2020\/10\/bubi_albanien2020kl.jpg\" alt=\"\" width=\"200\" height=\"147\" \/><br \/>\nDie Kinder. Die Jugendlichen mit coolen, neuen Hoodies.<\/p>\n<\/div><div class=\"clear\"><\/div>\n<div class=\"oneThird\"><img loading=\"lazy\" decoding=\"async\" class=\"alignnone wp-image-6603 size-full\" src=\"https:\/\/www.kenial.de\/wp-content\/uploads\/2020\/10\/claus_albanien.jpg\" alt=\"\" width=\"200\" height=\"147\" \/><br \/>\nDer Reisende. Claus ist Vorsitzender der Albanienhilfe Weilheim und macht sich trotz Corona auf den Weg.<\/p>\n<\/div>\n<div class=\"oneThird last\"><img loading=\"lazy\" decoding=\"async\" class=\"alignnone wp-image-5570 size-full\" src=\"https:\/\/www.kenial.de\/wp-content\/uploads\/2019\/08\/marsid19.jpg\" alt=\"\" width=\"200\" height=\"147\" \/><br \/>\nKontakt. Marsid bringt seine Kids sicher durch die Krise. Mit unendlichem Engagement.<\/p>\n<\/div><div class=\"clear\"><\/div>","protected":false},"excerpt":{"rendered":"<p>Albanien 2017 \u2022 Albanien 2019 \u2022 Albanien 2020 \u2022 Albanien 2021 \u2022 Albanien 2022 LIn einer kurzen Corona Pause erreichen wir die Kinder und Jugendlichen in Elbasan. Mit im Gep\u00e4ck warme M\u00fctzen f\u00fcr die Kleinsten, Shirts und Hosen f\u00fcr die M\u00e4dchen und coole Hoodies f\u00fcr die Jungs. Danke an Maloja, Sch\u00f6ffel und Sprayway, die dieses&hellip;<\/p>\n","protected":false},"author":1,"featured_media":6606,"parent":4136,"menu_order":0,"comment_status":"closed","ping_status":"closed","template":"","meta":{"footnotes":""},"class_list":["post-6601","page","type-page","status-publish","has-post-thumbnail","hentry"],"_links":{"self":[{"href":"https:\/\/www.kenial.de\/de\/wp-json\/wp\/v2\/pages\/6601","targetHints":{"allow":["GET"]}}],"collection":[{"href":"https:\/\/www.kenial.de\/de\/wp-json\/wp\/v2\/pages"}],"about":[{"href":"https:\/\/www.kenial.de\/de\/wp-json\/wp\/v2\/types\/page"}],"author":[{"embeddable":true,"href":"https:\/\/www.kenial.de\/de\/wp-json\/wp\/v2\/users\/1"}],"replies":[{"embeddable":true,"href":"https:\/\/www.kenial.de\/de\/wp-json\/wp\/v2\/comments?post=6601"}],"version-history":[{"count":1,"href":"https:\/\/www.kenial.de\/de\/wp-json\/wp\/v2\/pages\/6601\/revisions"}],"predecessor-version":[{"id":8083,"href":"https:\/\/www.kenial.de\/de\/wp-json\/wp\/v2\/pages\/6601\/revisions\/8083"}],"up":[{"embeddable":true,"href":"https:\/\/www.kenial.de\/de\/wp-json\/wp\/v2\/pages\/4136"}],"wp:featuredmedia":[{"embeddable":true,"href":"https:\/\/www.kenial.de\/de\/wp-json\/wp\/v2\/media\/6606"}],"wp:attachment":[{"href":"https:\/\/www.kenial.de\/de\/wp-json\/wp\/v2\/media?parent=6601"}],"curies":[{"name":"wp","href":"https:\/\/api.w.org\/{rel}","templated":true}]}}