{"id":6514,"date":"2020-07-25T09:47:46","date_gmt":"2020-07-25T07:47:46","guid":{"rendered":"https:\/\/www.kenial.de\/de\/?page_id=6514"},"modified":"2022-02-18T08:58:24","modified_gmt":"2022-02-18T07:58:24","slug":"rumaenien","status":"publish","type":"page","link":"https:\/\/www.kenial.de\/de\/kenial\/rumaenien\/","title":{"rendered":"Rum\u00e4nien"},"content":{"rendered":"Ellen und Helmut organisieren seit vielen Jahren Hilfe f\u00fcr diverse Einrichtungen rund um die Stadt Timisoara, Rum\u00e4nien. Vor Ort arbeiten beide zusammen mit der Caritas und unterst\u00fctzen eine Babyklinik, ein Kinderheim, ein Frauenhaus, eine Tagesst\u00e4tte f\u00fcr Kinder uvm. Gebraucht wird f\u00fcr die Kinder alles. Wir k\u00f6nnen mit Kleidung und Schuhen helfen, ben\u00f6tigt werden aber auch Hygieneartikel und Kleidung f\u00fcr Krankenschwestern. Direkten Kontakt gibt es hier: ellenluka@gmx.de<\/p>\n<div class=\"oneThird\"><img loading=\"lazy\" decoding=\"async\" class=\"alignnone wp-image-6541 size-full\" src=\"https:\/\/www.kenial.de\/wp-content\/uploads\/2020\/07\/ki-nder_rum_ellen.jpg\" alt=\"\" width=\"200\" height=\"147\" \/><br \/>\nDie Babyklinik. Neugeborene mit angeborenen Auff\u00e4lligkeiten werden hier operiert und behandelt. Die Kinder stammen meistens aus Familien, die sich nicht um die kranken Kinder k\u00fcmmern k\u00f6nnen und diese\u00a0 in den meisten F\u00e4llen auch nicht mehr abholen. Die Babies bleiben bis zu 2 Jahren dort.<\/p>\n<\/div>\n<div class=\"oneThird\"><img loading=\"lazy\" decoding=\"async\" class=\"alignnone wp-image-6621 size-full\" src=\"https:\/\/www.kenial.de\/wp-content\/uploads\/2020\/10\/rum_kiheim_kl.jpg\" alt=\"\" width=\"200\" height=\"147\" \/><br \/>\nDas Kinderheim. Im Waisenhaus der Caritas leben z.Zt. 12 Kinder. Manchmal kommen ehemalige &#8222;Kinder&#8220;\u00a0 zur\u00fcck, um f\u00fcr einige Zeit Unterkunft zu finden, wenn sie z.B. in der N\u00e4he studieren oder arbeiten &#8211; bis sie eine eigene bezahlbare Bleibe gefunden haben.<\/p>\n<\/div>\n<div class=\"oneThird last\"><img loading=\"lazy\" decoding=\"async\" class=\"alignnone wp-image-6519 size-full\" src=\"https:\/\/www.kenial.de\/wp-content\/uploads\/2020\/07\/Frauenhaus_rumanien.jpg\" alt=\"\" width=\"200\" height=\"147\" \/><br \/>\nDas Frauenhaus. Frauen in akuter Not finden hier mit ihren Kindern bis zu 6 Wochen Asyl. Sie bekommen jede Unterst\u00fctzung, \u00c4mterbesuche werden begleitet, therapeutische Ma\u00dfnahmen in die Wege geleitet, eine Arbeitsstelle wird gesucht und nat\u00fcrlich neuer Wohnraum.<\/p>\n<\/div><div class=\"clear\"><\/div>\n<div class=\"oneThird\"><img loading=\"lazy\" decoding=\"async\" class=\"alignnone wp-image-6520 size-full\" src=\"https:\/\/www.kenial.de\/wp-content\/uploads\/2020\/07\/tagesstatte_rumanien.jpg\" alt=\"\" width=\"200\" height=\"147\" \/><br \/>\nDie Tagesst\u00e4tte. Kinder ab 6 Jahre bekommen morgens vor der Schule Fr\u00fchst\u00fcck, mittags ein warmes Essen, nachmittags einen Snack und oft noch etwas zu Essen f\u00fcr die kleinen Geschwister zu Hause. Dazu Kleidung, Schuhe, Schulmaterialien, Arztbesuche, Medikamente, Hygieneartikel, usw.<\/p>\n<\/div>\n<div class=\"oneThird last\"><img loading=\"lazy\" decoding=\"async\" class=\"alignnone wp-image-6540 size-full\" src=\"https:\/\/www.kenial.de\/wp-content\/uploads\/2020\/07\/rumanien_ellen_helmut.jpg\" alt=\"\" width=\"200\" height=\"147\" \/><br \/>\nOrganisation: Ellen und Helmut orgaisieren seit Jahren regelm\u00e4\u00dfige Transporte nach Timisoara und kennen vor Ort alles ganz genau. Es wird weit mehr ben\u00f6tigt, als Kleidung und Schuhe. Vor allem medizinische Hilfe, Hygieneartikel, Hilfen f\u00fcr Menschen mit Behinderungen, Prothesen oder einfach mal ein Fahrrad. Die Transporte sind komplett privat finanziert, daher sind Spenden super wichtig.<\/p>\n<\/div><div class=\"clear\"><\/div>\n<p>&nbsp;<\/p>\n<div class=\"theParallaxCrestaBlock\"><div class=\"theParallaxCresta fortunato-short-parallax-656\" style=\"background-image: url(https:\/\/www.kenial.de\/wp-content\/uploads\/2020\/10\/rum_bckg3.jpg); height:400px;\"><h2><\/h2><\/div><\/div><script type=\"text\/javascript\">(function($) { $(document).ready(function() { if ( \/Android|webOS|iPhone|iPad|iPod|BlackBerry|IEMobile|Opera Mini\/i.test(navigator.userAgent) ) {} else { $(\".fortunato-short-parallax-656\").scrollparallax(\"50%\", \"0.2\"); } }); })(jQuery);<\/script>","protected":false},"excerpt":{"rendered":"<p>Ellen und Helmut organisieren seit vielen Jahren Hilfe f\u00fcr diverse Einrichtungen rund um die Stadt Timisoara, Rum\u00e4nien. Vor Ort arbeiten beide zusammen mit der Caritas und unterst\u00fctzen eine Babyklinik, ein Kinderheim, ein Frauenhaus, eine Tagesst\u00e4tte f\u00fcr Kinder uvm. Gebraucht wird f\u00fcr die Kinder alles. Wir k\u00f6nnen mit Kleidung und Schuhen helfen, ben\u00f6tigt werden aber auch&hellip;<\/p>\n","protected":false},"author":1,"featured_media":6620,"parent":486,"menu_order":0,"comment_status":"closed","ping_status":"closed","template":"","meta":{"footnotes":""},"class_list":["post-6514","page","type-page","status-publish","has-post-thumbnail","hentry"],"_links":{"self":[{"href":"https:\/\/www.kenial.de\/de\/wp-json\/wp\/v2\/pages\/6514","targetHints":{"allow":["GET"]}}],"collection":[{"href":"https:\/\/www.kenial.de\/de\/wp-json\/wp\/v2\/pages"}],"about":[{"href":"https:\/\/www.kenial.de\/de\/wp-json\/wp\/v2\/types\/page"}],"author":[{"embeddable":true,"href":"https:\/\/www.kenial.de\/de\/wp-json\/wp\/v2\/users\/1"}],"replies":[{"embeddable":true,"href":"https:\/\/www.kenial.de\/de\/wp-json\/wp\/v2\/comments?post=6514"}],"version-history":[{"count":1,"href":"https:\/\/www.kenial.de\/de\/wp-json\/wp\/v2\/pages\/6514\/revisions"}],"predecessor-version":[{"id":8002,"href":"https:\/\/www.kenial.de\/de\/wp-json\/wp\/v2\/pages\/6514\/revisions\/8002"}],"up":[{"embeddable":true,"href":"https:\/\/www.kenial.de\/de\/wp-json\/wp\/v2\/pages\/486"}],"wp:featuredmedia":[{"embeddable":true,"href":"https:\/\/www.kenial.de\/de\/wp-json\/wp\/v2\/media\/6620"}],"wp:attachment":[{"href":"https:\/\/www.kenial.de\/de\/wp-json\/wp\/v2\/media?parent=6514"}],"curies":[{"name":"wp","href":"https:\/\/api.w.org\/{rel}","templated":true}]}}