{"id":64,"date":"2015-04-02T21:24:34","date_gmt":"2015-04-02T19:24:34","guid":{"rendered":"http:\/\/kenial.bplaced.net\/wordpress\/?page_id=64"},"modified":"2023-02-05T13:00:45","modified_gmt":"2023-02-05T12:00:45","slug":"kuba","status":"publish","type":"page","link":"https:\/\/www.kenial.de\/de\/kenial\/kuba\/","title":{"rendered":"Kuba"},"content":{"rendered":"Im touristenfernen Stadtteil La Lisa in Havanna leben \u00fcber 80 Kinder, betreut von Marina, ihrer Lehrerin. Ihnen fehlt es an Schulsachen, Stiften, Papier, Kleidung uvm. Unter ihnen sind auch 30 musikbegeisterte Kinder. Sie sind alle Mitglieder einer Tanzgruppe.\u00a0Treffen sich regelm\u00e4\u00dfig, trainieren ehrgeizig.\u00a0Viele m\u00f6chten es in eine der\u00a0ber\u00fchmten Tanzschulen schaffen. F\u00fcr eine Zukunft als T\u00e4nzer.\u00a0Tanz und Karneval sind Tradition und ein Sprungbrett in die ganze Welt. Alle sind mit Freude und Eifer dabei. Was fehlt ist eine richtige Musikanlage. Der keniale Kurt hat Marina und die Kinder schon einige Male besucht. Und versetzt Berge f\u00fcr sie.<\/p>\n<p>&nbsp;<\/p>\n<div class=\"oneThird\"><img loading=\"lazy\" decoding=\"async\" class=\"alignnone size-full wp-image-1174\" src=\"https:\/\/www.kenial.de\/wp-content\/uploads\/2016\/01\/kidscuba.jpg\" alt=\"kidscuba\" width=\"200\" height=\"140\" \/><br \/>\nKinder. \u00dcber 80\u00a0Kinder, 30 davon in einer Tanzgruppe. Es fehlt ihnen an Schulsachen, Kleidung und eine Musikanlage. Tanz und Musik sind f\u00fcr sie\u00a0das Gr\u00f6\u00dfte.<\/p>\n<\/div>\n<div class=\"oneThird\"><img loading=\"lazy\" decoding=\"async\" class=\"alignnone size-full wp-image-1175\" src=\"https:\/\/www.kenial.de\/wp-content\/uploads\/2016\/01\/kuba.jpg\" alt=\"kuba\" width=\"200\" height=\"140\" \/><br \/>\nKuba. Sportklettern. Es gibt einige Spots auf Kuba. Aber offiziell ist das Klettern verboten. Wandern, das Hinterland erkunden. Sich treiben lassen.<\/p>\n<\/div>\n<div class=\"oneThird last\"><img loading=\"lazy\" decoding=\"async\" class=\"alignnone size-full wp-image-1177\" src=\"https:\/\/www.kenial.de\/wp-content\/uploads\/2016\/01\/kurt_fuzzy.jpg\" alt=\"kurt_fuzzy\" width=\"200\" height=\"141\" \/><br \/>\nAthleten. Kurt Hartel und Fuzzy Garhammer. Freerider der ersten Stunde und Alpinisten. Nach Kuba zieht sie die Musik. Kurt Hartel als Musiker, Fuzzy Garhammer als Filmemacher.<\/p>\n<\/div><div class=\"clear\"><\/div>\n<div class=\"oneThird\"><img loading=\"lazy\" decoding=\"async\" class=\"alignnone wp-image-2131 size-full\" src=\"https:\/\/www.kenial.de\/wp-content\/uploads\/2015\/04\/marina.jpg\" width=\"200\" height=\"140\" \/><br \/>\nAnsprechpartner. Marina. Sie kennt die Kinder im Viertel und ihre Familien. Arbeitet als Lehrerin an der \u00f6rtlichen Schule und leitet die Tanzgruppe. Von Marina wissen wir, was die Kids brauchen.<\/p>\n<\/div>\n<div class=\"oneThird\"><img loading=\"lazy\" decoding=\"async\" class=\"alignnone wp-image-1332 size-full\" src=\"https:\/\/www.kenial.de\/wp-content\/uploads\/2016\/02\/lalisa.jpg\" alt=\"\" width=\"200\" height=\"147\" \/><br \/>\nIm Dezember 2015 erreichen die Kids in Lalisa die ersten Shirts und B\u00e4lle. Im September 2016 folgte der zweite Besuch. Und es geht weiter. Im Dezember 16 bringt Kurt ihnen einen PC f\u00fcr die Schule. Im Januar 2022 ist Kurt wieder vor Ort, mit im Gep\u00e4ck Rucks\u00e4cke f\u00fcr die Jugendlichen.<\/p>\n<\/div>\n<div class=\"oneThird last\"> <img loading=\"lazy\" decoding=\"async\" src=\"https:\/\/www.kenial.de\/wp-content\/uploads\/2023\/02\/kurt_cuba_123_kl.jpg\" alt=\"Kurt in cuba\" width=\"200\" height=\"147\" class=\"alignnone size-full wp-image-8589\"\/><br \/>\nIm Januar 2023 ist Kurt, der einen Kinofilm \u00fcber kubanische Musik gemacht hat, wieder im Land. Den Kubanern geht es nach der Pandemie zusehends schlechter. Er hat Kleidung f\u00fcr die Kinder mit, und einen Laptop f\u00fcr Marina.<br \/>\n<\/div><div class=\"clear\"><\/div>\n<div class=\"theToggle\"><h3 class=\"trigger\"><a href=\"#\">aus Kurts Reisebericht<\/a><\/h3><div class=\"toggle_container\">Aufbruch zur Schule \u2013 die Comparsas warten. Die Schule ist ein paar hundert Meter weiter, vorne am Eck. Es stehen bereits Leute neugierig vor dem Zaun. Innerhalb des Zauns, auf dem Sportplatz, sind bereits kost\u00fcmierte Kinder und Jugendliche zu sehen,<\/p>\n<p>Im Lehrerzimmer werden wir von der Schulchefin begr\u00fc\u00dft. Sie stellt uns ein junges M\u00e4dchen von etwa 14 Jahren vor. Sie hat es bereits in die h\u00f6here Gruppe der Comparsas geschafft. Sie ist beindruckend geschminkt und kost\u00fcmiert. Die Lehrerein stellt uns zwei weitere Verantwortliche vor \u2013 eine freundliche Dame, die die k\u00fcnstlerische Leitung inne hat, sowie einen gem\u00fctlich wirkenden \u00e4lteren Mann, den, w\u00fcrde man ihn in eine Lederhose stecken, problemlos im Oberland nach der n\u00e4chsten Dorfwirtschaft fragen w\u00fcrde. Selbstverst\u00e4ndlich spricht er kein Deutsch und kein Englisch. Fuzzy und er verstehen sich wundersamerweise auf Anhieb pr\u00e4chtig miteinander.<\/p>\n<p>Der cubanische &#8222;Bayer&#8220; betreut die erfahreneren und besonders guten Gruppen, die dann mit ihrem Programm quer durchs Land reisen oder gar ins Ausland reisen d\u00fcrfen. Die \u00e4lteren Teilnehmer der Tanzgruppen bilden wiederum die Jungen und J\u00fcngsten aus &#8211; ein raffiniertes\u00a0 wirksames Ausbildungssystem.<\/p>\n<p>Auf meine Nachfrage, was man den wie f\u00f6rdern k\u00f6nnte, bekommen wir z\u00f6gerlich die Antwort, da\u00df eine richtige Anlage ganz toll w\u00e4re.<\/p>\n<p>Es geht los, der Tanz beginnt, zun\u00e4chst ohne Musik. Fuzzy und Maxi filmen. Die Rumba-Band macht sich zurecht. Dann geht\u2019s weiter mit wilder Life Musik. Die ganze Angelegenheit macht offensichtlich allen riesigen Spa\u00df.\u00a0 Selbst die neugierigen Zaung\u00e4ste, au\u00dferhalb des Platzes zucken und tanzen am Zaun mit.<\/p>\n<p>Wir freuen uns das miterlebt zu haben und obendrein Filmmaterial eingefahren zu haben. Wir kommen wieder, und bringen eine Musikanlage mit. Logisch.<\/p>\n<\/div><\/div>\n<p>&nbsp;<\/p>\n<div class=\"theParallaxCrestaBlock\"><div class=\"theParallaxCresta fortunato-short-parallax-862\" style=\"background-image: url(https:\/\/www.kenial.de\/wp-content\/uploads\/2015\/09\/cuba_dance.jpg); height:400px;\"><h2><\/h2><\/div><\/div><script type=\"text\/javascript\">(function($) { $(document).ready(function() { if ( \/Android|webOS|iPhone|iPad|iPod|BlackBerry|IEMobile|Opera Mini\/i.test(navigator.userAgent) ) {} else { $(\".fortunato-short-parallax-862\").scrollparallax(\"50%\", \"0.2\"); } }); })(jQuery);<\/script>","protected":false},"excerpt":{"rendered":"<p>Im touristenfernen Stadtteil La Lisa in Havanna leben \u00fcber 80 Kinder, betreut von Marina, ihrer Lehrerin. Ihnen fehlt es an Schulsachen, Stiften, Papier, Kleidung uvm. Unter ihnen sind auch 30 musikbegeisterte Kinder. Sie sind alle Mitglieder einer Tanzgruppe.\u00a0Treffen sich regelm\u00e4\u00dfig, trainieren ehrgeizig.\u00a0Viele m\u00f6chten es in eine der\u00a0ber\u00fchmten Tanzschulen schaffen. F\u00fcr eine Zukunft als T\u00e4nzer.\u00a0Tanz und&hellip;<\/p>\n","protected":false},"author":1,"featured_media":1241,"parent":486,"menu_order":0,"comment_status":"closed","ping_status":"closed","template":"","meta":{"footnotes":""},"class_list":["post-64","page","type-page","status-publish","has-post-thumbnail","hentry"],"_links":{"self":[{"href":"https:\/\/www.kenial.de\/de\/wp-json\/wp\/v2\/pages\/64","targetHints":{"allow":["GET"]}}],"collection":[{"href":"https:\/\/www.kenial.de\/de\/wp-json\/wp\/v2\/pages"}],"about":[{"href":"https:\/\/www.kenial.de\/de\/wp-json\/wp\/v2\/types\/page"}],"author":[{"embeddable":true,"href":"https:\/\/www.kenial.de\/de\/wp-json\/wp\/v2\/users\/1"}],"replies":[{"embeddable":true,"href":"https:\/\/www.kenial.de\/de\/wp-json\/wp\/v2\/comments?post=64"}],"version-history":[{"count":7,"href":"https:\/\/www.kenial.de\/de\/wp-json\/wp\/v2\/pages\/64\/revisions"}],"predecessor-version":[{"id":8595,"href":"https:\/\/www.kenial.de\/de\/wp-json\/wp\/v2\/pages\/64\/revisions\/8595"}],"up":[{"embeddable":true,"href":"https:\/\/www.kenial.de\/de\/wp-json\/wp\/v2\/pages\/486"}],"wp:featuredmedia":[{"embeddable":true,"href":"https:\/\/www.kenial.de\/de\/wp-json\/wp\/v2\/media\/1241"}],"wp:attachment":[{"href":"https:\/\/www.kenial.de\/de\/wp-json\/wp\/v2\/media?parent=64"}],"curies":[{"name":"wp","href":"https:\/\/api.w.org\/{rel}","templated":true}]}}