{"id":6172,"date":"2020-02-11T15:39:59","date_gmt":"2020-02-11T14:39:59","guid":{"rendered":"https:\/\/www.kenial.de\/de\/?page_id=6172"},"modified":"2025-07-24T10:13:44","modified_gmt":"2025-07-24T08:13:44","slug":"kenia-2020","status":"publish","type":"page","link":"https:\/\/www.kenial.de\/de\/kenial\/kenia\/kenia-2020\/","title":{"rendered":"Kenia 2020"},"content":{"rendered":"<a href=\"https:\/\/www.kenial.de\/de\/kenial\/kenia\/kenia-2015\/\">Kenia 2015<\/a> \u2022 <a href=\"https:\/\/www.kenial.de\/de\/kenial\/kenia\/kenia-2016\/\">Kenia 2016<\/a> \u2022 <a href=\"https:\/\/www.kenial.de\/de\/kenial\/kenia\/kenia-2017\/\">Kenia 2017<\/a> \u2022 <a href=\"https:\/\/www.kenial.de\/de\/kenial\/kenia\/kenia-2019\/\">Kenia 2019<\/a> \u2022 Kenia 2020 \u2022 <a href=\"https:\/\/www.kenial.de\/de\/kenial\/kenia\/kenia-2021\/\">Kenia 2021<\/a> \u2022 <a href=\"https:\/\/www.kenial.de\/de\/kenial\/kenia\/kenia-2022\/\">Kenia 2022<\/a> \u2022 <a href=\"https:\/\/www.kenial.de\/de\/kenial\/kenia\/kenia-2023\/\">Kenia 2023<\/a> \u2022 <a href=\"https:\/\/www.kenial.de\/de\/kenial\/kenia\/kenia-2024\/\">Kenia 2024<\/a> \u2022 <a href=\"https:\/\/www.kenial.de\/de\/kenial\/kenia\/kenia-2025\/\">Kenia 2025<\/a><\/p>\n<p>Esther macht sich auf den Weg nach Kenia zur NGO Utunzu Kwa Watoto. Mit im Gep\u00e4ck hat sie 40 kg Kleidung. Darunter Regenjacken f\u00fcr die kleinen Kinder, Softshelljacken f\u00fcr die gr\u00f6\u00dferen. Hosen und Hemden f\u00fcr jugendliche M\u00e4dchen und Jungs. Warme Westen, Blusen und warme Hemden f\u00fcr die j\u00fcngeren Kinder. Jede Menge bunte T-Shirts uvm. Wir haben lange gesammelt und ausgesucht. Ganz lieben Dank an Sch\u00f6ffel, Marmot Mountain Europe und den DAV f\u00fcr die gro\u00dfartige Unterst\u00fctzung bei diesem Kinderhilfsprojekt in Kenia. Die ersten Sachen konnten schon am ersten Tag an die Kinder \u00fcbergeben werden. Die \u00e4lteren sind noch in der Schule, und kommen etwas sp\u00e4ter dran.<\/p>\n<p>&nbsp;<\/p>\n<div class=\"oneThird\"><img loading=\"lazy\" decoding=\"async\" class=\"alignnone wp-image-6173 size-full\" src=\"https:\/\/www.kenial.de\/wp-content\/uploads\/2020\/02\/ken220_7_kl.jpg\" alt=\"\" width=\"200\" height=\"147\" \/><br \/>\nViele bunte T-shirts f\u00fcr gro\u00dfe und kleine.<\/p>\n<\/div>\n<div class=\"oneThird\"><img loading=\"lazy\" decoding=\"async\" class=\"alignnone wp-image-6174 size-full\" src=\"https:\/\/www.kenial.de\/wp-content\/uploads\/2020\/02\/ken220_3_kl.jpg\" alt=\"\" width=\"200\" height=\"147\" \/><br \/>\nGute Regenjacken, denn der Regen kommt ganz bestimmt.<\/p>\n<\/div>\n<div class=\"oneThird last\"><img loading=\"lazy\" decoding=\"async\" class=\"alignnone wp-image-6175 size-full\" src=\"https:\/\/www.kenial.de\/wp-content\/uploads\/2020\/02\/ken_2208_kl.jpg\" alt=\"\" width=\"200\" height=\"147\" \/><br \/>\nWarme Westen f\u00fcr kalte Tage.<\/p>\n<\/div><div class=\"clear\"><\/div>\n<div class=\"oneThird last\"><img loading=\"lazy\" decoding=\"async\" class=\"alignnone wp-image-6218 size-full\" src=\"https:\/\/www.kenial.de\/wp-content\/uploads\/2020\/03\/kenia_3.20schoeffel.jpg\" alt=\"\" width=\"200\" height=\"147\" \/><br \/>\nSoftshell f\u00fcr die Teenager.<\/p>\n<\/div><div class=\"clear\"><\/div>","protected":false},"excerpt":{"rendered":"<p>Kenia 2015 \u2022 Kenia 2016 \u2022 Kenia 2017 \u2022 Kenia 2019 \u2022 Kenia 2020 \u2022 Kenia 2021 \u2022 Kenia 2022 \u2022 Kenia 2023 \u2022 Kenia 2024 \u2022 Kenia 2025 Esther macht sich auf den Weg nach Kenia zur NGO Utunzu Kwa Watoto. Mit im Gep\u00e4ck hat sie 40 kg Kleidung. Darunter Regenjacken f\u00fcr die kleinen&hellip;<\/p>\n","protected":false},"author":1,"featured_media":6163,"parent":606,"menu_order":0,"comment_status":"closed","ping_status":"closed","template":"","meta":{"footnotes":""},"class_list":["post-6172","page","type-page","status-publish","has-post-thumbnail","hentry"],"_links":{"self":[{"href":"https:\/\/www.kenial.de\/de\/wp-json\/wp\/v2\/pages\/6172","targetHints":{"allow":["GET"]}}],"collection":[{"href":"https:\/\/www.kenial.de\/de\/wp-json\/wp\/v2\/pages"}],"about":[{"href":"https:\/\/www.kenial.de\/de\/wp-json\/wp\/v2\/types\/page"}],"author":[{"embeddable":true,"href":"https:\/\/www.kenial.de\/de\/wp-json\/wp\/v2\/users\/1"}],"replies":[{"embeddable":true,"href":"https:\/\/www.kenial.de\/de\/wp-json\/wp\/v2\/comments?post=6172"}],"version-history":[{"count":6,"href":"https:\/\/www.kenial.de\/de\/wp-json\/wp\/v2\/pages\/6172\/revisions"}],"predecessor-version":[{"id":10133,"href":"https:\/\/www.kenial.de\/de\/wp-json\/wp\/v2\/pages\/6172\/revisions\/10133"}],"up":[{"embeddable":true,"href":"https:\/\/www.kenial.de\/de\/wp-json\/wp\/v2\/pages\/606"}],"wp:featuredmedia":[{"embeddable":true,"href":"https:\/\/www.kenial.de\/de\/wp-json\/wp\/v2\/media\/6163"}],"wp:attachment":[{"href":"https:\/\/www.kenial.de\/de\/wp-json\/wp\/v2\/media?parent=6172"}],"curies":[{"name":"wp","href":"https:\/\/api.w.org\/{rel}","templated":true}]}}