{"id":6107,"date":"2020-01-15T08:31:49","date_gmt":"2020-01-15T07:31:49","guid":{"rendered":"https:\/\/www.kenial.de\/de\/?page_id=6107"},"modified":"2024-01-19T09:33:41","modified_gmt":"2024-01-19T08:33:41","slug":"suedafrika","status":"publish","type":"page","link":"https:\/\/www.kenial.de\/de\/kenial\/suedafrika\/","title":{"rendered":"S\u00fcdafrika"},"content":{"rendered":"<a href=\"https:\/\/www.kenial.de\/de\/kenial\/suedafrika\/suedafrika-2020\/\">S\u00fcdafrika 2020<\/a> \u2022 <a href=\"https:\/\/www.kenial.de\/de\/kenial\/suedafrika\/suedafrika-2021\/\">S\u00fcdafrika 2021<\/a> \u2022 <a href=\"https:\/\/www.kenial.de\/de\/kenial\/suedafrika\/suedafrika-2023\/\">S\u00fcdafrika 2023<\/a><\/p>\n<p>Im Dezember 2020 beginnt unser Projekt in Kapstadt, zusammen mit <a href=\"https:\/\/homestead.org.za\/\">The Homestead<\/a>.<br \/>\nThe Homestead hilft Strassenkindern sich in einer sicheren Umgebung zu stabilisieren. Befasst sich mit etwaigem Drogenmissbrauch, Verhaltens- und Traumaproblemen, k\u00fcmmert sich um Bildung, Schulbesuch und eine m\u00f6gliche Ausbildung der Jungs. Wenn m\u00f6glich versucht The Homestead wieder Kontakt zu den Familien zu kn\u00fcpfen, oder die Jungs in dem angegliederten Launchpad Project unter zu bringen. Um sp\u00e4ter als unabh\u00e4ngiger und eigenst\u00e4ndiger Mensch zu leben. Insgesamt betreut The Homestead mehr als 400 Jungs pro Woche, denn die Sozialarbeiter k\u00fcmmern sich auch um Kinder, bevor diese auf der Strasse landen.<\/p>\n<div class=\"oneThird\"><img loading=\"lazy\" decoding=\"async\" class=\"alignnone wp-image-6109 size-full\" src=\"https:\/\/www.kenial.de\/wp-content\/uploads\/2020\/01\/sa_boys_kl.jpg\" alt=\"\" width=\"200\" height=\"147\" \/><br \/>\n2020 besuchen wir die 65 ehemaligen Stra\u00dfenkinder im Alter von 7 bis 17 Jahren, im Heim in Kapstadt. Sie k\u00f6nnen wieder zur Schule gehen, einen geregelten Tagesablauf erleben, Fu\u00dfball spielen und vieles mehr. Die J\u00fcngeren sind in einem gro\u00dfen Heim untergebracht, die \u00c4lteren leben in einer betreuten Wohngemeinschaft direkt in der Stadt.<\/p>\n<\/div>\n<div class=\"oneThird\"><img loading=\"lazy\" decoding=\"async\" src=\"https:\/\/www.kenial.de\/wp-content\/uploads\/2021\/12\/ks6_kl1.jpg\" alt=\"\" width=\"200\" height=\"147\" class=\"alignnone size-full wp-image-7786\" \/><br \/>\nIm Dezember 2021 reisen Stefan und Crissi zum Kitesurfen nach Kapstadt. Und besuchen vorher die Kindern von The Hoemestead. Im Gep\u00e4ck sind 50 kg Fu\u00dfballkleidung, gespendet von &#8222;Trikot f\u00fcr die Welt&#8220; aus Hamburg.<br \/>\nWir freuen uns immer \u00fcber Reisende nach Kapstadt. Wir geben einfach das, was die Jungs brauchen. Das kann dann im Hotel abgeholt werden, oder man besucht die Kinder zusammen mit den Sozialarbeitern.<\/p>\n<\/div>\n<div class=\"oneThird last\"><img loading=\"lazy\" decoding=\"async\" src=\"https:\/\/www.kenial.de\/wp-content\/uploads\/2023\/11\/suedafrika_thehomestead2023_kl.jpg\" alt=\"\" width=\"200\" height=\"147\" class=\"alignnone size-full wp-image-7786\" \/><br \/>\nIm November 2023 erreichen durch unsere liebe Ellen jede Menge sehr coole KLamotten die Jungs. Danke an den DAV f\u00fcr die super Spende. Man sieht den Kids die Freude an. Auch wenn die Gesichter zu ihrem Schutz &#8222;geblurrt&#8220; sind.<\/p>\n<\/div><div class=\"clear\"><\/div>","protected":false},"excerpt":{"rendered":"<p>S\u00fcdafrika 2020 \u2022 S\u00fcdafrika 2021 \u2022 S\u00fcdafrika 2023 Im Dezember 2020 beginnt unser Projekt in Kapstadt, zusammen mit The Homestead. The Homestead hilft Strassenkindern sich in einer sicheren Umgebung zu stabilisieren. Befasst sich mit etwaigem Drogenmissbrauch, Verhaltens- und Traumaproblemen, k\u00fcmmert sich um Bildung, Schulbesuch und eine m\u00f6gliche Ausbildung der Jungs. Wenn m\u00f6glich versucht The Homestead&hellip;<\/p>\n","protected":false},"author":1,"featured_media":7780,"parent":486,"menu_order":0,"comment_status":"closed","ping_status":"closed","template":"","meta":{"footnotes":""},"class_list":["post-6107","page","type-page","status-publish","has-post-thumbnail","hentry"],"_links":{"self":[{"href":"https:\/\/www.kenial.de\/de\/wp-json\/wp\/v2\/pages\/6107","targetHints":{"allow":["GET"]}}],"collection":[{"href":"https:\/\/www.kenial.de\/de\/wp-json\/wp\/v2\/pages"}],"about":[{"href":"https:\/\/www.kenial.de\/de\/wp-json\/wp\/v2\/types\/page"}],"author":[{"embeddable":true,"href":"https:\/\/www.kenial.de\/de\/wp-json\/wp\/v2\/users\/1"}],"replies":[{"embeddable":true,"href":"https:\/\/www.kenial.de\/de\/wp-json\/wp\/v2\/comments?post=6107"}],"version-history":[{"count":2,"href":"https:\/\/www.kenial.de\/de\/wp-json\/wp\/v2\/pages\/6107\/revisions"}],"predecessor-version":[{"id":9280,"href":"https:\/\/www.kenial.de\/de\/wp-json\/wp\/v2\/pages\/6107\/revisions\/9280"}],"up":[{"embeddable":true,"href":"https:\/\/www.kenial.de\/de\/wp-json\/wp\/v2\/pages\/486"}],"wp:featuredmedia":[{"embeddable":true,"href":"https:\/\/www.kenial.de\/de\/wp-json\/wp\/v2\/media\/7780"}],"wp:attachment":[{"href":"https:\/\/www.kenial.de\/de\/wp-json\/wp\/v2\/media?parent=6107"}],"curies":[{"name":"wp","href":"https:\/\/api.w.org\/{rel}","templated":true}]}}