{"id":606,"date":"2015-07-03T08:18:40","date_gmt":"2015-07-03T06:18:40","guid":{"rendered":"http:\/\/kenial.bplaced.net\/wordpress\/?page_id=606"},"modified":"2024-01-25T12:44:09","modified_gmt":"2024-01-25T11:44:09","slug":"kenia","status":"publish","type":"page","link":"https:\/\/www.kenial.de\/de\/kenial\/kenia\/","title":{"rendered":"Kenia"},"content":{"rendered":"<a href=\"https:\/\/www.kenial.de\/de\/kenial\/kenia\/kenia-2015\/\">Kenia 2015<\/a> \u2022 <a href=\"https:\/\/www.kenial.de\/de\/kenial\/kenia\/kenia-2016\/\">Kenia 2016<\/a> \u2022 <a href=\"https:\/\/www.kenial.de\/de\/kenial\/kenia\/kenia-2017\/\">Kenia 2017<\/a> \u2022 <a href=\"https:\/\/www.kenial.de\/de\/kenial\/kenia\/kenia-2020\/\">Kenia 2020<\/a> \u2022 <a href=\"https:\/\/www.kenial.de\/de\/kenial\/kenia\/kenia-2021\/\">Kenia 2021<\/a> \u2022 <a href=\"https:\/\/www.kenial.de\/de\/kenial\/kenia\/kenia-2022\/\">Kenia 2022<\/a> \u2022 <a href=\"https:\/\/www.kenial.de\/de\/kenial\/kenia\/kenia-2023\/\">Kenia 2023<\/a> \u2022 <a href=\"https:\/\/www.kenial.de\/de\/kenial\/kenia\/kenia-2024\/\">Kenia 2024<\/a><\/p>\n<p>Im Dezember 2015 besuchten J\u00fcrgen Reinm\u00fcller <a href=\"http:\/\/www.alpinstil.at\" target=\"_blank\" rel=\"noopener noreferrer\">www.alpinstil.at<\/a> und Anke Johannssen auf ihrem Weg zum Mount Kenia die \u00fcber 100 Waisenkinder der NGO Utunzi Kwa Watoto zum ersten Mal. Alle Kinder leben am Fu\u00dfe des Mount Kenya und werden vom Verein kenianische Waisenkinder in Not e.V., in Zusammenarbeit mit der NGO Utunzi Kwa Watoto, \u00a0seit \u00fcber 10 Jahren betreut. Es regnet an fast 200 Tagen im Jahr. Viele Kinder erkranken an Lungenentz\u00fcndungen. Ziel war es ganz direkt und praktisch zu helfen. Mit guten Regenhosen, hochwertigen und wettefesten Jacken, Rucks\u00e4cken und mehr. In enger Zusammenarbeit mit der Sozialarbeiterin Benedette Mugwe vor Ort war es m\u00f6glich jedem Kind die richtige Gr\u00f6\u00dfe, und somit die passenden Sachen zu bringen. Schon im August 2016 fuhren die Bergsteiger Ida und Hansj\u00f6rg Profanter erneut zum Mount Kenia, und brachten den Kindern hochwertige Bergschuhe. Alle gespendet von LOWA.<\/p>\n<p>Man kann die Kinder weiterhin unterst\u00fctzen, auf einer Reise zum Kilimandscharo oder Mount Kenya zum Beispiel. Die Unterst\u00fctzung erm\u00f6glicht es Utunzi Kwa Watoto weitere Kinder aufzunehmen. D.h. f\u00fcr ein Waisenkind, das es ein Internat besuchen kann, Essen bekommt und medizinisch versorgt wird. Eine Zukunft hat. Einfach anfragen: <a href=\"mailto:office@kenial.de\">office@kenial.de<\/a><\/p>\n<p>&nbsp;<\/p>\n<div class=\"oneThird\"><img loading=\"lazy\" decoding=\"async\" class=\"alignnone size-full wp-image-1165\" src=\"https:\/\/www.kenial.de\/wp-content\/uploads\/2016\/01\/kids_kenya.jpg\" alt=\"kids_kenya\" width=\"200\" height=\"148\" \/><br \/>\nDie Kinder. Sie wohnen in Familien, meist bei Tanten oder Gro\u00dfm\u00fcttern, die sie aufgenommen haben. Oft auf engstem Raum. Schulbildung ist das Wichtigste f\u00fcr sie.<\/p>\n<\/div>\n<div class=\"oneThird\"><img loading=\"lazy\" decoding=\"async\" class=\"alignnone wp-image-2028 size-full\" src=\"https:\/\/www.kenial.de\/wp-content\/uploads\/2015\/07\/mountkenia.jpg\" width=\"200\" height=\"148\" \/><br \/>\nMount Kenya. Unglaublich sch\u00f6ne Natur durch verschiedenste Vegetationszonen. Und gro\u00dfartige Kletterei.<\/p>\n<\/div>\n<div class=\"oneThird last\"><img loading=\"lazy\" decoding=\"async\" class=\"alignnone wp-image-2030 size-full\" src=\"https:\/\/www.kenial.de\/wp-content\/uploads\/2015\/07\/jue.jpg\" width=\"200\" height=\"148\" \/><br \/>\nAthleten. Es ist beeindruckend und sehr einfach, den Kindern rund um Nakuru sinnvoll zu helfen.<\/div><div class=\"clear\"><\/div>\n<div class=\"oneThird\"><img loading=\"lazy\" decoding=\"async\" class=\"alignnone wp-image-2029 size-full\" src=\"https:\/\/www.kenial.de\/wp-content\/uploads\/2015\/07\/stephen.jpg\" width=\"200\" height=\"148\" \/><br \/>\nStephen hat vier Schwestern und einen kleinen Bruder. Da die Eltern verstorben sind, leben die Kinder bei der Gro\u00dfmutter. N\u00e4chstes Jahr wird Stephen dank der Unterst\u00fctzung durch\u00a0Utunzi Kwa Watoto zur Schule gehen k\u00f6nnen. Seine Geschichte steht f\u00fcr viele Kinder, die Benedett betreut.<\/p>\n<\/div>\n<div class=\"oneThird\"><img loading=\"lazy\" decoding=\"async\" class=\"alignnone size-full wp-image-1162\" src=\"https:\/\/www.kenial.de\/wp-content\/uploads\/2016\/01\/bena.jpg\" alt=\"bena\" width=\"200\" height=\"148\" \/><br \/>\nKontakt in Kenya. Benedett Mugwe, Utunzi Kwa Watoto, betreut als Sozailarbeiterin die Aidswaisen rund um\u00a0Nakuru, Kenia. Tag f\u00fcr Tag. Sie wei\u00df, was die Kids am N\u00f6tigsten brauchen. Und stimmt das mit uns ab.<\/p>\n<\/div>\n<div class=\"oneThird last\"><img loading=\"lazy\" decoding=\"async\" class=\"alignnone size-full wp-image-1162\" src=\"https:\/\/www.kenial.de\/wp-content\/uploads\/2024\/01\/estherriedel_kl.png\" alt=\"bena\" width=\"200\" height=\"148\" \/><br \/>\nReisende. Esther reist regelm\u00e4\u00dfig nach Kenya. Und nimmt immer etwas mit f\u00fcr die Kids.<\/p>\n<\/div><div class=\"clear\"><\/div>\n<div class=\"theParallaxCrestaBlock\"><div class=\"theParallaxCresta fortunato-short-parallax-696\" style=\"background-image: url(https:\/\/www.kenial.de\/wp-content\/uploads\/2015\/12\/IMG_9784.jpg); height:600px;\"><h2><\/h2><\/div><\/div><script type=\"text\/javascript\">(function($) { $(document).ready(function() { if ( \/Android|webOS|iPhone|iPad|iPod|BlackBerry|IEMobile|Opera Mini\/i.test(navigator.userAgent) ) {} else { $(\".fortunato-short-parallax-696\").scrollparallax(\"50%\", \"0.2\"); } }); })(jQuery);<\/script>","protected":false},"excerpt":{"rendered":"<p>Kenia 2015 \u2022 Kenia 2016 \u2022 Kenia 2017 \u2022 Kenia 2020 \u2022 Kenia 2021 \u2022 Kenia 2022 \u2022 Kenia 2023 \u2022 Kenia 2024 Im Dezember 2015 besuchten J\u00fcrgen Reinm\u00fcller www.alpinstil.at und Anke Johannssen auf ihrem Weg zum Mount Kenia die \u00fcber 100 Waisenkinder der NGO Utunzi Kwa Watoto zum ersten Mal. Alle Kinder leben am&hellip;<\/p>\n","protected":false},"author":1,"featured_media":2056,"parent":486,"menu_order":0,"comment_status":"closed","ping_status":"closed","template":"","meta":{"footnotes":""},"class_list":["post-606","page","type-page","status-publish","has-post-thumbnail","hentry"],"_links":{"self":[{"href":"https:\/\/www.kenial.de\/de\/wp-json\/wp\/v2\/pages\/606","targetHints":{"allow":["GET"]}}],"collection":[{"href":"https:\/\/www.kenial.de\/de\/wp-json\/wp\/v2\/pages"}],"about":[{"href":"https:\/\/www.kenial.de\/de\/wp-json\/wp\/v2\/types\/page"}],"author":[{"embeddable":true,"href":"https:\/\/www.kenial.de\/de\/wp-json\/wp\/v2\/users\/1"}],"replies":[{"embeddable":true,"href":"https:\/\/www.kenial.de\/de\/wp-json\/wp\/v2\/comments?post=606"}],"version-history":[{"count":2,"href":"https:\/\/www.kenial.de\/de\/wp-json\/wp\/v2\/pages\/606\/revisions"}],"predecessor-version":[{"id":9307,"href":"https:\/\/www.kenial.de\/de\/wp-json\/wp\/v2\/pages\/606\/revisions\/9307"}],"up":[{"embeddable":true,"href":"https:\/\/www.kenial.de\/de\/wp-json\/wp\/v2\/pages\/486"}],"wp:featuredmedia":[{"embeddable":true,"href":"https:\/\/www.kenial.de\/de\/wp-json\/wp\/v2\/media\/2056"}],"wp:attachment":[{"href":"https:\/\/www.kenial.de\/de\/wp-json\/wp\/v2\/media?parent=606"}],"curies":[{"name":"wp","href":"https:\/\/api.w.org\/{rel}","templated":true}]}}