{"id":5642,"date":"2019-09-06T08:33:20","date_gmt":"2019-09-06T06:33:20","guid":{"rendered":"https:\/\/www.kenial.de\/de\/?page_id=5642"},"modified":"2022-02-17T16:36:44","modified_gmt":"2022-02-17T15:36:44","slug":"aethiopien","status":"publish","type":"page","link":"https:\/\/www.kenial.de\/de\/kenial\/aethiopien\/","title":{"rendered":"\u00c4thiopien"},"content":{"rendered":"Hansj\u00f6rg Hofer macht sich mit einer Gruppe auf den Weg in die Semien Gebirge in \u00c4thiopien. Die Kinder in \u00c4thiopien gehen im Schnitt nur 2,6 Jahre zur Schule. Nur die H\u00e4lfte beendet die Grundschule.<\/p>\n<div class=\"oneThird\"><img loading=\"lazy\" decoding=\"async\" class=\"alignnone wp-image-5955 size-full\" src=\"https:\/\/www.kenial.de\/wp-content\/uploads\/2019\/11\/hirte_eth_1.1.jpg\" alt=\"\" width=\"189\" height=\"147\" \/><br \/>\nDie Kinder. Sie arbeiten als Hirten in den Bergen &#8211; Ohne warme Kleidung. Die meisten tragen zerschlissene Shirts und alte Decken. In den Bergen sinken die Temperaturen unter Null Grat.<\/p>\n<p><a href=\"https:\/\/www.kenial.de\/de\/kenial\/aethiopien\/galerie-aethiopien-2019\/\"><span class=\"dropcap circle\">G<\/span>Galerie \u00c4thiopien<\/a> <\/p>\n<p>&nbsp;<\/p>\n<\/div>\n<div class=\"oneThird\"><img loading=\"lazy\" decoding=\"async\" class=\"alignnone wp-image-5646 size-full\" src=\"https:\/\/www.kenial.de\/wp-content\/uploads\/2019\/09\/csm_hofer-hansjoerg-bergfuehrer-lana-suedtirol_490bfda8fa.jpg\" alt=\"\" width=\"200\" height=\"147\" \/><br \/>\nDie Reisenden. Der Bergf\u00fchrer Hansj\u00f6rg Hofer reist mit einer Gruppe durch das Weltkulturerbe Semien Gebirge im gleichnamigen Nationalpark. Der Park umfasst H\u00f6henlagen von 1900 bis \u00fcber 4500 Meter. Weitere Infos zu dieser und anderen Reisen gibt es hier: <a href=\"http:\/\/www.bergfuehrer.it\" target=\"_blank\" rel=\"noopener noreferrer\">www.bergfuehrer.it<\/a><\/p>\n<\/div>\n<div class=\"oneThird last\"><img loading=\"lazy\" decoding=\"async\" class=\"alignnone wp-image-5956 size-full\" src=\"https:\/\/www.kenial.de\/wp-content\/uploads\/2019\/11\/hirte_eth_1.2.jpg\" alt=\"\" width=\"189\" height=\"147\" \/><br \/>\n\u00c4thiopien. Sch\u00e4tzungsweise 49 Prozent der Bev\u00f6lkerung sind unterern\u00e4hrt (Jahr 2001). Zugang zu sauberem Trinkwasser, besitzt nicht einmal jeder zweite \u00e4thiopische B\u00fcrger- 58,1 Prozent der Jungen und 41,6 Prozent der M\u00e4dchen zwischen 5 und 14 Jahren arbeiten regelm\u00e4\u00dfig. In den gro\u00dfen St\u00e4dten leben mehrere Hunderttausend Stra\u00dfenkinder. (wikipedia)<\/p>\n<\/div><div class=\"clear\"><\/div>\n<p>photos @helli gargitter,@hansj\u00f6rg hofer<\/p>\n<div class=\"theParallaxCrestaBlock\"><div class=\"theParallaxCresta fortunato-short-parallax-261\" style=\"background-image: url(https:\/\/www.kenial.de\/wp-content\/uploads\/2019\/11\/DSC_8921-Enhanced.jpg); height:400px;\"><h2><\/h2><\/div><\/div><script type=\"text\/javascript\">(function($) { $(document).ready(function() { if ( \/Android|webOS|iPhone|iPad|iPod|BlackBerry|IEMobile|Opera Mini\/i.test(navigator.userAgent) ) {} else { $(\".fortunato-short-parallax-261\").scrollparallax(\"50%\", \"0.2\"); } }); })(jQuery);<\/script>","protected":false},"excerpt":{"rendered":"<p>Hansj\u00f6rg Hofer macht sich mit einer Gruppe auf den Weg in die Semien Gebirge in \u00c4thiopien. Die Kinder in \u00c4thiopien gehen im Schnitt nur 2,6 Jahre zur Schule. Nur die H\u00e4lfte beendet die Grundschule. photos @helli gargitter,@hansj\u00f6rg hofer<\/p>\n","protected":false},"author":1,"featured_media":5920,"parent":486,"menu_order":0,"comment_status":"closed","ping_status":"closed","template":"","meta":{"footnotes":""},"class_list":["post-5642","page","type-page","status-publish","has-post-thumbnail","hentry"],"_links":{"self":[{"href":"https:\/\/www.kenial.de\/de\/wp-json\/wp\/v2\/pages\/5642","targetHints":{"allow":["GET"]}}],"collection":[{"href":"https:\/\/www.kenial.de\/de\/wp-json\/wp\/v2\/pages"}],"about":[{"href":"https:\/\/www.kenial.de\/de\/wp-json\/wp\/v2\/types\/page"}],"author":[{"embeddable":true,"href":"https:\/\/www.kenial.de\/de\/wp-json\/wp\/v2\/users\/1"}],"replies":[{"embeddable":true,"href":"https:\/\/www.kenial.de\/de\/wp-json\/wp\/v2\/comments?post=5642"}],"version-history":[{"count":3,"href":"https:\/\/www.kenial.de\/de\/wp-json\/wp\/v2\/pages\/5642\/revisions"}],"predecessor-version":[{"id":7988,"href":"https:\/\/www.kenial.de\/de\/wp-json\/wp\/v2\/pages\/5642\/revisions\/7988"}],"up":[{"embeddable":true,"href":"https:\/\/www.kenial.de\/de\/wp-json\/wp\/v2\/pages\/486"}],"wp:featuredmedia":[{"embeddable":true,"href":"https:\/\/www.kenial.de\/de\/wp-json\/wp\/v2\/media\/5920"}],"wp:attachment":[{"href":"https:\/\/www.kenial.de\/de\/wp-json\/wp\/v2\/media?parent=5642"}],"curies":[{"name":"wp","href":"https:\/\/api.w.org\/{rel}","templated":true}]}}