{"id":5575,"date":"2019-08-10T19:49:36","date_gmt":"2019-08-10T17:49:36","guid":{"rendered":"https:\/\/www.kenial.de\/de\/?page_id=5575"},"modified":"2022-02-18T09:04:51","modified_gmt":"2022-02-18T08:04:51","slug":"iwano-frankiwsk","status":"publish","type":"page","link":"https:\/\/www.kenial.de\/de\/kenial\/ukraine\/iwano-frankiwsk\/","title":{"rendered":"Iwano-Frankiwsk"},"content":{"rendered":"Ein Kinderheim in Iwano-Frankiwsk, einer 200,000 Einwohner gro\u00dfen Stadt in the Ukraine. Hier leben 28 Kinder. Das Heim wird von kathoischen Nonnen gef\u00fchrt. Im September 2019 besuchen wir die Kinder das erste Mal.<\/p>\n<div class=\"oneThird\"><img loading=\"lazy\" decoding=\"async\" class=\"alignnone wp-image-5577 size-full\" src=\"https:\/\/www.kenial.de\/wp-content\/uploads\/2019\/08\/iwano_kl.jpg\" alt=\"\" width=\"200\" height=\"147\" \/><br \/>\nDie Kids wachsen fr\u00f6hlich zusammen auf. Es sind neun Jungs und 19 M\u00e4dchen. Drei Kinder sind erst ein Jahr alt, zehn Kinder sind bereits Teenager.<\/p>\n<\/div>\n<div class=\"oneThird\"><img loading=\"lazy\" decoding=\"async\" class=\"alignnone wp-image-5832 size-full\" src=\"https:\/\/www.kenial.de\/wp-content\/uploads\/2019\/10\/ukr_kids_kl919.jpg\" alt=\"\" width=\"200\" height=\"147\" \/><br \/>\nWir unterst\u00fctzen die Kinder mit guter Kleidung, warmen Jacken, Hosen, Handschuhen etc. Schulsachen w\u00e4ren auch wichtig, und vlt ein wenig Spielzeug.<\/p>\n<\/div>\n<div class=\"oneThird last\"><img loading=\"lazy\" decoding=\"async\" class=\"alignnone wp-image-5578 size-full\" src=\"https:\/\/www.kenial.de\/wp-content\/uploads\/2019\/08\/krystyna_kl.jpg\" alt=\"\" width=\"200\" height=\"147\" \/><br \/>\nKontakt und Organisation liegen bei Krystyna, wie bei allen kenialen Projekten in der Ukraine.<\/p>\n<\/div><div class=\"clear\"><\/div>\n<div class=\"oneThird\"><img loading=\"lazy\" decoding=\"async\" class=\"alignnone wp-image-6216 size-full\" src=\"https:\/\/www.kenial.de\/wp-content\/uploads\/2020\/03\/ukraine_lowa_3.20.jpg\" alt=\"\" width=\"200\" height=\"147\" \/><br \/>\nNeue Schuhe von LOWA f\u00fcr jedes Kind im M\u00e4rz 2020. Es hat eine Weile gedauert, aber jetzt ist alles da.<\/p>\n<\/div>\n<div class=\"oneThird\"><img loading=\"lazy\" decoding=\"async\" class=\"alignnone wp-image-6216 size-full\" src=\"https:\/\/www.kenial.de\/wp-content\/uploads\/2021\/02\/ukr_jan2021_kl.jpg\" alt=\"\" width=\"200\" height=\"147\" class=\"alignnone size-full wp-image-7064\"\/><br \/>\nKenialen Dank an Krystyna, die es trotz Winter, Schnee und K\u00e4lte im Februar 2021 bis ins Kinderheim von Iwano-Frankiwsk, Ukraine, schafft. Danke an Tatonka f\u00fcr die kenialen Rucks\u00e4cke, in die alle Schulsachen super reinspassen.<\/p>\n<\/div>\n<div class=\"oneThird last\"><img loading=\"lazy\" decoding=\"async\" src=\"https:\/\/www.kenial.de\/wp-content\/uploads\/2021\/12\/ukraine_kl1221.jpg\" alt=\"\" width=\"200\" height=\"147\" class=\"alignnone size-full wp-image-7801\" \/><br \/>\nAn Weihnachten 2021 ist Krystyna wieder im  Kinderheim. Neue Kinder sind hizugekommen. Und manche sind seelisch so verletzt, dass sie nicht sprechen k\u00f6nnen.<\/p>\n<\/div><div class=\"clear\"><\/div>","protected":false},"excerpt":{"rendered":"<p>Ein Kinderheim in Iwano-Frankiwsk, einer 200,000 Einwohner gro\u00dfen Stadt in the Ukraine. Hier leben 28 Kinder. Das Heim wird von kathoischen Nonnen gef\u00fchrt. Im September 2019 besuchen wir die Kinder das erste Mal.<\/p>\n","protected":false},"author":1,"featured_media":5580,"parent":4228,"menu_order":0,"comment_status":"closed","ping_status":"closed","template":"","meta":{"footnotes":""},"class_list":["post-5575","page","type-page","status-publish","has-post-thumbnail","hentry"],"_links":{"self":[{"href":"https:\/\/www.kenial.de\/de\/wp-json\/wp\/v2\/pages\/5575","targetHints":{"allow":["GET"]}}],"collection":[{"href":"https:\/\/www.kenial.de\/de\/wp-json\/wp\/v2\/pages"}],"about":[{"href":"https:\/\/www.kenial.de\/de\/wp-json\/wp\/v2\/types\/page"}],"author":[{"embeddable":true,"href":"https:\/\/www.kenial.de\/de\/wp-json\/wp\/v2\/users\/1"}],"replies":[{"embeddable":true,"href":"https:\/\/www.kenial.de\/de\/wp-json\/wp\/v2\/comments?post=5575"}],"version-history":[{"count":1,"href":"https:\/\/www.kenial.de\/de\/wp-json\/wp\/v2\/pages\/5575\/revisions"}],"predecessor-version":[{"id":8007,"href":"https:\/\/www.kenial.de\/de\/wp-json\/wp\/v2\/pages\/5575\/revisions\/8007"}],"up":[{"embeddable":true,"href":"https:\/\/www.kenial.de\/de\/wp-json\/wp\/v2\/pages\/4228"}],"wp:featuredmedia":[{"embeddable":true,"href":"https:\/\/www.kenial.de\/de\/wp-json\/wp\/v2\/media\/5580"}],"wp:attachment":[{"href":"https:\/\/www.kenial.de\/de\/wp-json\/wp\/v2\/media?parent=5575"}],"curies":[{"name":"wp","href":"https:\/\/api.w.org\/{rel}","templated":true}]}}