{"id":5573,"date":"2019-08-10T19:49:53","date_gmt":"2019-08-10T17:49:53","guid":{"rendered":"https:\/\/www.kenial.de\/de\/?page_id=5573"},"modified":"2023-11-13T08:24:11","modified_gmt":"2023-11-13T07:24:11","slug":"horoholyno","status":"publish","type":"page","link":"https:\/\/www.kenial.de\/de\/kenial\/ukraine\/horoholyno\/","title":{"rendered":"Horoholyno"},"content":{"rendered":"Ein M\u00fctter-\/Kinderheim in Horoholyno, Ukraine beherbergt 7 Frauen und 11 Kinder zwischen einem und 15 Jahre. Auch die M\u00fctter sind z.T. Teenager. Die Kinder ben\u00f6tigen Jacken, Schuhe, Schulsachen, Spielsachen uvm. Ivan und Krystyna machen die \u00dcbergabe m\u00f6glich und KENIAL hat warme Jacken, richtig gute Leder-Sommerschuhe und warme Winterschuhe f\u00fcr die Kinder besorgt.<\/p>\n<p>&nbsp;<\/p>\n<div class=\"oneThird\"><img loading=\"lazy\" decoding=\"async\" class=\"alignnone wp-image-4243 size-full\" src=\"https:\/\/www.kenial.de\/wp-content\/uploads\/2018\/06\/mum_kl.jpg\" alt=\"\" width=\"200\" height=\"140\" \/><br \/>\nDie jungen M\u00fctter haben oftmals viel Gewalt erfahren, und das Heim ist Zufluchtsort und zu Hause geworden. Das \u00e4lteste Kind ist 15. Die j\u00fcngste Mutter 12 Jahre alt.<\/p>\n<\/div>\n<div class=\"oneThird\"><img loading=\"lazy\" decoding=\"async\" class=\"alignnone wp-image-4416 size-full\" src=\"https:\/\/www.kenial.de\/wp-content\/uploads\/2018\/07\/ukraine_kl.jpg\" alt=\"\" width=\"200\" height=\"140\" \/><br \/>\nAllen, M\u00fcttern wie Kindern, ist es m\u00f6glich eine Schule zu besuchen, bzw. eine Ausbildung zu machen. KENIAL bringt sowohl Kindern als auch M\u00fcttern Schuhe, warme Jacken, weitere Kleidung etc.<\/p>\n<\/div>\n<div class=\"oneThird last\"><img loading=\"lazy\" decoding=\"async\" class=\"alignnone size-full wp-image-5030\" src=\"https:\/\/www.kenial.de\/wp-content\/uploads\/2019\/02\/PMHD0307_kl.jpg\" alt=\"\" width=\"200\" height=\"140\" \/><br \/>\nIm Januar 2019 bekommen die Kids neue Schneehosen, die Jacken kommen zu Einsatz. Und ein super Laptop. Alle sind richtig gl\u00fccklich.<br \/>\n<span class=\"dropcap circle\">G <\/span> <a href=\"https:\/\/www.kenial.de\/de\/ukraine\/galerie-ukraine-2019\/\">Galerie 2019<\/a><\/p>\n<p>&nbsp;<\/p>\n<\/div><div class=\"clear\"><\/div>\n<div class=\"oneThird\"><img loading=\"lazy\" decoding=\"async\" class=\"alignnone size-full wp-image-5030\" src=\"https:\/\/www.kenial.de\/wp-content\/uploads\/2021\/04\/ukr_421_kl.jpg\" alt=\"\" width=\"200\" height=\"140\" \/><br \/>\nWir k\u00f6nnen den M\u00fcttern und Kindern im April 2021 wieder Kleidung bringen. Supersch\u00f6ne Jacken, Pullover usw. Danke am Krystyna f\u00fcr die keniale Organisation vor Ort.<\/p>\n<\/div>\n<div class=\"oneThird\"><img loading=\"lazy\" decoding=\"async\" src=\"https:\/\/www.kenial.de\/wp-content\/uploads\/2021\/12\/ukraine_1221_kl.jpg\" alt=\"\" width=\"200\" height=\"147\" class=\"alignnone size-full wp-image-7803\" \/><br \/>\nAn Weihnachten 2021 besucht Krystyna das M\u00fctter-Kind-Heim. Sie bringt Kleidung &#8211; aber wir haben den Eindruck, dass wir viel mehr f\u00fcr die M\u00fctter und Kinder tun sollten.<\/p>\n<\/div>\n<div class=\"oneThird last\"><img loading=\"lazy\" decoding=\"async\" class=\"alignnone size-full wp-image-5030\" src=\"https:\/\/www.kenial.de\/wp-content\/uploads\/2023\/11\/kids_ukr_2023_kl.jpg\" alt=\"\" width=\"200\" height=\"147\"\/><br \/>\nIm November 2023, das erste Mal seit Kriegsbeginn, erreichen wir das Heim wieder. Kryztyna besucht die Kids und ihre M\u00fctter. Alle bekommen Jacken, Schuhe, T\u00fccher und M\u00fctzen. Es fehlt Kleidung f\u00fcr S\u00e4uglinge.<\/p>\n<span class=\"dropcap circle\">G <\/span> <a href=\"https:\/\/www.kenial.de\/de\/galerie-ukraine-2023\/\">Galerie 2023<\/a><\/p>\n<\/div><div class=\"clear\"><\/div>","protected":false},"excerpt":{"rendered":"<p>Ein M\u00fctter-\/Kinderheim in Horoholyno, Ukraine beherbergt 7 Frauen und 11 Kinder zwischen einem und 15 Jahre. Auch die M\u00fctter sind z.T. Teenager. Die Kinder ben\u00f6tigen Jacken, Schuhe, Schulsachen, Spielsachen uvm. Ivan und Krystyna machen die \u00dcbergabe m\u00f6glich und KENIAL hat warme Jacken, richtig gute Leder-Sommerschuhe und warme Winterschuhe f\u00fcr die Kinder besorgt. &nbsp;<\/p>\n","protected":false},"author":1,"featured_media":4229,"parent":4228,"menu_order":0,"comment_status":"closed","ping_status":"closed","template":"","meta":{"footnotes":""},"class_list":["post-5573","page","type-page","status-publish","has-post-thumbnail","hentry"],"_links":{"self":[{"href":"https:\/\/www.kenial.de\/de\/wp-json\/wp\/v2\/pages\/5573","targetHints":{"allow":["GET"]}}],"collection":[{"href":"https:\/\/www.kenial.de\/de\/wp-json\/wp\/v2\/pages"}],"about":[{"href":"https:\/\/www.kenial.de\/de\/wp-json\/wp\/v2\/types\/page"}],"author":[{"embeddable":true,"href":"https:\/\/www.kenial.de\/de\/wp-json\/wp\/v2\/users\/1"}],"replies":[{"embeddable":true,"href":"https:\/\/www.kenial.de\/de\/wp-json\/wp\/v2\/comments?post=5573"}],"version-history":[{"count":6,"href":"https:\/\/www.kenial.de\/de\/wp-json\/wp\/v2\/pages\/5573\/revisions"}],"predecessor-version":[{"id":9175,"href":"https:\/\/www.kenial.de\/de\/wp-json\/wp\/v2\/pages\/5573\/revisions\/9175"}],"up":[{"embeddable":true,"href":"https:\/\/www.kenial.de\/de\/wp-json\/wp\/v2\/pages\/4228"}],"wp:featuredmedia":[{"embeddable":true,"href":"https:\/\/www.kenial.de\/de\/wp-json\/wp\/v2\/media\/4229"}],"wp:attachment":[{"href":"https:\/\/www.kenial.de\/de\/wp-json\/wp\/v2\/media?parent=5573"}],"curies":[{"name":"wp","href":"https:\/\/api.w.org\/{rel}","templated":true}]}}